{"id":52307,"date":"2022-07-25T08:58:39","date_gmt":"2022-07-25T06:58:39","guid":{"rendered":"https:\/\/www.tecnic.eu\/tecnic-soluciones-de-bioprocesos\/"},"modified":"2026-03-03T15:52:28","modified_gmt":"2026-03-03T14:52:28","slug":"tecnic-soluciones-de-bioprocesos","status":"publish","type":"page","link":"https:\/\/www.tecnic.eu\/es\/","title":{"rendered":"TECNIC | Soluciones para bioprocesos"},"content":{"rendered":"<h2><a class=\"\" title=\"\" href=\"https:\/\/www.tecnic.eu\/bioprocess-technology\/laboratory-equipment\/\">Soluciones para laboratorios<\/a><\/h2>\n<h3><a class=\"\" title=\"\" href=\"https:\/\/www.tecnic.eu\/bioprocess-technology\/laboratory-equipment\/\">hasta 10L | 0,7 m\u00b2<\/a><\/h3>\n<h2><a class=\"\" title=\"\" href=\"https:\/\/www.tecnic.eu\/bioprocess-technology\/pilot-plant-equipment\/\">Soluciones para plantas piloto<\/a><\/h2>\n<h3><a class=\"\" title=\"\" href=\"https:\/\/www.tecnic.eu\/bioprocess-technology\/pilot-plant-equipment\/\">hasta 50 L | 6,5 m\u00b2<\/a><\/h3>\n<h2><a class=\"\" title=\"\" href=\"https:\/\/www.tecnic.eu\/bioprocess-technology\/bioprocessing-production-equipment\/\">Soluciones para plantas de producci\u00f3n<\/a><\/h2>\n<h3><a class=\"\" title=\"\" href=\"https:\/\/www.tecnic.eu\/bioprocess-technology\/bioprocessing-production-equipment\/\">hasta 4000L | 65m\u00b2<\/a><\/h3>\n<h2><a class=\"\" title=\"\" href=\"https:\/\/www.tecnic.eu\/bioprocess-technology\/single-use-systems\/\">Soluciones Single Use<\/a><\/h2>\n<h3><a class=\"\" title=\"\" href=\"https:\/\/www.tecnic.eu\/bioprocess-technology\/single-use-systems\/\">Biorreactores de un solo uso, Sistemas TFF de un solo uso, Gesti\u00f3n de fluidos<\/a><\/h3>\n<h2><a class=\"\" title=\"\" href=\"https:\/\/www.tecnic.eu\/bioprocess-technology\/bioprocessing-systems\/\">Soluciones Multiusos<\/a><\/h2>\n<h3><a class=\"\" title=\"\" href=\"https:\/\/www.tecnic.eu\/bioprocess-technology\/bioprocessing-systems\/\">Biorreactores de Acero Inoxidable, Sistemas de Filtraci\u00f3n de Flujo Tangencial Multiuso<\/a><\/h3>\n<h3>Historias de pioneros de la biotecnolog\u00eda que utilizan nuestras soluciones<\/h3>\n<h3><a class=\"\" title=\"\" href=\"https:\/\/www.tecnic.eu\/bioprocess-technology\/bioprocessing-systems\/\">Evoluciona con nuestras soluciones<\/a><\/h3>\n<h3>Evoluci\u00f3n de los avances biotecnol\u00f3gicos del laboratorio a la producci\u00f3n<\/h3>\n<h1>Soluciones para bioprocesos<\/h1>\n<h3>Escala con nuestras l\u00edneas de productos<\/h3>\n<h3>Nuestras soluciones de biorreactores<\/h3>\n","protected":false},"excerpt":{"rendered":"<p>TECNIC trabaja para apoyar al sector biofarmac\u00e9utico, a las startups biotecnol\u00f3gicas y a la comunidad cient\u00edfica mediante soluciones para bioprocesos.<\/p>\n","protected":false},"author":1,"featured_media":56257,"parent":0,"menu_order":66,"comment_status":"closed","ping_status":"closed","template":"","meta":{"inline_featured_image":false,"footnotes":""},"class_list":["post-52307","page","type-page","status-publish","has-post-thumbnail","hentry"],"_links":{"self":[{"href":"https:\/\/www.tecnic.eu\/es\/wp-json\/wp\/v2\/pages\/52307","targetHints":{"allow":["GET"]}}],"collection":[{"href":"https:\/\/www.tecnic.eu\/es\/wp-json\/wp\/v2\/pages"}],"about":[{"href":"https:\/\/www.tecnic.eu\/es\/wp-json\/wp\/v2\/types\/page"}],"author":[{"embeddable":true,"href":"https:\/\/www.tecnic.eu\/es\/wp-json\/wp\/v2\/users\/1"}],"replies":[{"embeddable":true,"href":"https:\/\/www.tecnic.eu\/es\/wp-json\/wp\/v2\/comments?post=52307"}],"version-history":[{"count":0,"href":"https:\/\/www.tecnic.eu\/es\/wp-json\/wp\/v2\/pages\/52307\/revisions"}],"wp:featuredmedia":[{"embeddable":true,"href":"https:\/\/www.tecnic.eu\/es\/wp-json\/wp\/v2\/media\/56257"}],"wp:attachment":[{"href":"https:\/\/www.tecnic.eu\/es\/wp-json\/wp\/v2\/media?parent=52307"}],"curies":[{"name":"wp","href":"https:\/\/api.w.org\/{rel}","templated":true}]}}