{"id":52317,"date":"2023-12-19T08:33:59","date_gmt":"2023-12-19T07:33:59","guid":{"rendered":"https:\/\/www.tecnic.eu\/material-de-laboratorio\/"},"modified":"2025-12-19T10:47:26","modified_gmt":"2025-12-19T09:47:26","slug":"material-de-laboratorio","status":"publish","type":"page","link":"https:\/\/www.tecnic.eu\/es\/equipamiento-tecnologia-de-bioprocesos\/material-de-laboratorio\/","title":{"rendered":"Equipos de laboratorio"},"content":{"rendered":"<h1>Equipos para bioprocesos de laboratorio <\/h1>\n<h2>Damos respuesta a las necesidades de calidad, usabilidad y cumplimiento normativo en entornos de I+D. <\/h2>\n<p>Nuestro equipos de laboratorio est\u00e1 dise\u00f1ados para responder a las distintas necesidades del sector biotecnol\u00f3gico. Empezando por el eLAB\u00ae Essential, un biorreactor compacto optimizado para aprovechar al m\u00e1ximo el espacio en el laboratorio, ofreciendo un rendimiento eficiente en vol\u00famenes de trabajo de 0,5 a 5 litros.<br \/>\nLa gama de equipos de laboratorio se completa con el eLAB\u00ae Advanced, un biorreactor vers\u00e1til orientado a aplicaciones de investigaci\u00f3n avanzada, que permite trabajar con vol\u00famenes de 1 a 5 L y resulta especialmente adecuado para estudios biotecnol\u00f3gicos de mayor complejidad.<br \/>\nPara trabajos que requieren un alto nivel de precisi\u00f3n, el eLAB\u00ae TFF incorpora tecnolog\u00eda de Filtraci\u00f3n de Flujo Tangencial, con un rango de superficie de membrana de 0,1 a 0,5 m\u00b2, facilitando procesos de laboratorio eficientes y controlados. El eLAB\u00ae TFF SU completa esta gama como un equipo de bioprocesos de un solo uso, con una superficie de membrana de 0,7 m\u00b2, ideal para una purificaci\u00f3n eficaz de biomol\u00e9culas.<br \/>\nEsta conjunto de equipos de laboratorio est\u00e1 dise\u00f1ado para dar soporte a los exigentes <a href=\"https:\/\/single-market-economy.ec.europa.eu\/sectors\/chemicals\/good-laboratory-practice_en\" target=\"_blank\" rel=\"noopener\">requisitos<\/a> del sector, ofreciendo soluciones fiables, eficientes y de alta calidad para laboratorios de todo el mundo.<\/p>\n<h3>Equipos de laboratorio<\/h3>\n<p>0,5 a 10 L | 0,1 a 0,5 m\u00b2<img decoding=\"async\" src=\"https:\/\/www.tecnic.eu\/wp-content\/uploads\/\/Logo_elab_essential.svg\" alt=\"\" title=\"\"><br \/>\n<a href=\"https:\/\/www.tecnic.eu\/bioprocess-technology\/bioreactors\/elab-essential\/\" title=\"\"><img decoding=\"async\" src=\"https:\/\/www.tecnic.eu\/wp-content\/uploads\/2024\/03\/elab-essential_w2.webp\" alt=\"Soluciones para bioproceso - Essential Bioreactor - equipos de laboratorio - tecnolog\u00eda para bioprocesos\" title=\"\"><\/a><a href=\"https:\/\/www.tecnic.eu\/bioprocess-technology\/bioreactors\/elab-essential\/\" title=\"\">.path{fill:none;stroke:#333;stroke-miterlimit:10;stroke-width:1,5px;}<\/a><br \/>\nBiorreactor de 0,5 L a 5 L <a href=\"https:\/\/www.tecnic.eu\/bioprocess-technology\/bioreactors\/elab-essential\/\" title=\"\">M\u00e1s informaci\u00f3n<\/a><br \/>\n<img decoding=\"async\" src=\"https:\/\/www.tecnic.eu\/wp-content\/uploads\/\/Logo_elab_advanced.svg\" alt=\"\" title=\"\"><br \/>\n<a href=\"\/?page_id=337\" title=\"\"><img decoding=\"async\" src=\"https:\/\/www.tecnic.eu\/wp-content\/uploads\/2024\/03\/elab-advanced_w1.webp\" alt=\"Soluciones para bioprocesos - Advanced Bioreactor - equipos de laboratorio\" title=\"\"><\/a><a href=\"\/?page_id=337\" title=\"\">.path{fill:none;stroke:#333;stroke-miterlimit:10;stroke-width:1.5px;}<\/a><br \/>\nBiorreactor de 1 L a 10 L M\u00e1s <a href=\"\/?page_id=337\" title=\"\">informaci\u00f3n<\/a><br \/>\n<img decoding=\"async\" src=\"https:\/\/www.tecnic.eu\/wp-content\/uploads\/\/Logo_elab_tff.svg\" alt=\"\" title=\"\"><br \/>\n<a href=\"https:\/\/www.tecnic.eu\/bioprocess-technology\/tangential-flow-filtration\/laboratory-filtration\/\" title=\"\"><img decoding=\"async\" src=\"https:\/\/www.tecnic.eu\/wp-content\/uploads\/2024\/03\/elab-tff_w1.webp\" alt=\"soluciones para bioprocesos - elab tff - equipos de laboratorio\" title=\"\"><\/a><a href=\"https:\/\/www.tecnic.eu\/bioprocess-technology\/tangential-flow-filtration\/laboratory-filtration\/\" title=\"\">.path{fill:none;stroke:#333;stroke-miterlimit:10;stroke-width:1,5px;}<\/a><br \/>\nTFF de 0,1 a 0,5 m\u00b2 <a href=\"https:\/\/www.tecnic.eu\/bioprocess-technology\/tangential-flow-filtration\/laboratory-filtration\/\" title=\"\">M\u00e1s informaci\u00f3n<\/a><br \/>\n<img decoding=\"async\" src=\"https:\/\/www.tecnic.eu\/wp-content\/uploads\/\/Logo_elab_tff_su.svg\" alt=\"\" title=\"\"><br \/>\n<a href=\"https:\/\/www.tecnic.eu\/bioprocess-technology\/tangential-flow-filtration\/tff-su\/\" title=\"\"><img decoding=\"async\" src=\"https:\/\/www.tecnic.eu\/wp-content\/uploads\/2024\/03\/elab-tff-su_w1.webp\" alt=\"soluciones para bioprocesos - eLAB TFF SU - equipos de laboratorio\" title=\"\"><\/a><a href=\"https:\/\/www.tecnic.eu\/bioprocess-technology\/tangential-flow-filtration\/tff-su\/\" title=\"\">.path{fill:none;stroke:#333;stroke-miterlimit:10;stroke-width:1.5px;}<\/a><br \/>\nTFF de un solo uso de hasta 0,7 m\u00b2 <a href=\"https:\/\/www.tecnic.eu\/bioprocess-technology\/tangential-flow-filtration\/tff-su\/\" title=\"\">M\u00e1s informaci\u00f3n<\/a><\/p>\n<h4>Visi\u00f3n general de las principales caracter\u00edsticas de los equipos<\/h4>\n<p>Ponte en contacto con nuestro equipo. Tanto si tienes preguntas concretas como si est\u00e1s empezando a explorar opciones, estamos aqu\u00ed para orientarte y ayudarte.  Contacta con nosotros para saber qu\u00e9 equipo de laboratorio se ajusta mejor a tus necesidades <a href=\"https:\/\/www.tecnic.eu\/contact\/\" title=\"\">Contacta con nosotros \u21c0<\/a><\/p>\n<h4>Biorreactores<\/h4>\n<p><a><\/a><br \/>\n       <a target=\"_blank\" rel=\"noopener\"><img decoding=\"async\" src=\"https:\/\/www.tecnic.eu\/wp-content\/uploads\/2023\/11\/taula-elab-essential.jpg\" alt=\"elab essential\" title=\"\"><\/a>   <a target=\"_blank\" rel=\"noopener\"><img decoding=\"async\" src=\"https:\/\/www.tecnic.eu\/wp-content\/uploads\/\/logos_equips_2024-TR_elab-essential.svg\" alt=\"logotipo elab essential\" title=\"\"><\/a>    <a href=\"https:\/\/www.tecnic.eu\/bioprocess-technology\/bioreactors\/elab-essential\/\" target=\"_black\" rel=\"noopener\"> M\u00e1s informaci\u00f3n \u21c0 <\/a> 198x335x200 Tama\u00f1os (mm) 5 Peso (kg) 0,5 &#8211; 1 &#8211; 2 &#8211; 5 Vol\u00famenes (L) Aluminio Material de la carcasa &#8211; Escalable MU y SU Reactores de Vidrio de borosilicato PP y PA 12 Material del recipiente eOS &#8211; Software Sensores pH O2 disuelto Sensor de temperatura Sensor de espuma \/ nivel Balanza externa &#8211; &#8211; &#8211; &#8211; &#8211; 4x bombas perist\u00e1lticas de velocidad fija Sin escobillas 250 Motor (W)  <a target=\"_blank\" rel=\"noopener\"><img decoding=\"async\" src=\"https:\/\/www.tecnic.eu\/wp-content\/uploads\/2023\/11\/taula-elab-advanced.jpg\" alt=\"elab advanced\" title=\"\"><\/a>   <a target=\"_blank\" rel=\"noopener\"><img decoding=\"async\" src=\"https:\/\/www.tecnic.eu\/wp-content\/uploads\/\/logos_equips_2024-TR_elab-advanced.svg\" alt=\"logotipo elab advanced\" title=\"\"><\/a>    M\u00e1s informaci\u00f3n \u21c0 <\/p>\n<h4>Filtraci\u00f3n de Flujo Tangencial<\/h4>\n<p><a><\/a><br \/>\n       <a target=\"_blank\" rel=\"noopener\"><img decoding=\"async\" src=\"https:\/\/www.tecnic.eu\/wp-content\/uploads\/2023\/11\/taula-tff-elab.jpg\" alt=\"elab tff\" title=\"\"><\/a>   <a target=\"_blank\" rel=\"noopener\"><img decoding=\"async\" src=\"https:\/\/www.tecnic.eu\/wp-content\/uploads\/\/logos_equips_2024-TR_elab-tff.svg\" alt=\"logotipo elab tff\" title=\"\"><\/a>    <a href=\"https:\/\/www.tecnic.eu\/bioprocess-technology\/tangential-flow-filtration\/filtration-laboratory\/\" target=\"_black\" rel=\"noopener\"> M\u00e1s informaci\u00f3n \u21c0 <\/a> Multiuso Tipo Casete: 0,1-0,5 Fibra hueca: 0,1-0,4 Superficie filtrante (m\u00b2) 35 Peso (kg) De 5 a 10 Volumen de trabajo (L) Totalmente autom\u00e1tico Sistema Acero inoxidable Material de la carcasa Filtraci\u00f3n Microfiltraci\u00f3n Ultrafiltraci\u00f3n Nanofiltraci\u00f3n Fijo: 90 Variable: 100 Velocidad de la bomba (rpm) 230VAC | 50Hz | 7A Alimentaci\u00f3n el\u00e9ctrica  <a target=\"_blank\" rel=\"noopener\"><img decoding=\"async\" src=\"https:\/\/www.tecnic.eu\/wp-content\/uploads\/2023\/12\/elab-tff-su-table.jpg\" alt=\"elab tff su\" title=\"\"><\/a>   <a target=\"_blank\" rel=\"noopener\"><img decoding=\"async\" src=\"https:\/\/www.tecnic.eu\/wp-content\/uploads\/\/logos_equips_2024-TR_elab-tff-su.svg\" alt=\"logotipo elab tff su\" title=\"\"><\/a>    <a href=\"https:\/\/www.tecnic.eu\/bioprocess-technology\/tangential-flow-filtration\/single-use-tangential-flow-filtration\/\" target=\"_black\" rel=\"noopener\">M\u00e1s informaci\u00f3n \u21c0 <\/a>Single Use&nbsp;, tipo: cassette 0,1-0,5 y fibra hueca 0,1-0,4 de superficie de filtraci\u00f3n (m\u00b2), 35 peso (kg), 2 a 5 volumen de trabajo (L), sistema totalmente autom\u00e1tico, carcasa de acero inoxidable, filtraci\u00f3n: microfiltraci\u00f3n, ultrafiltraci\u00f3n y nanofiltraci\u00f3n, velocidad de las bombas (rpm) fija: 90 y variable: 100, alimentaci\u00f3n el\u00e9ctrica 230 VAC | 50 Hz | 7 A.<br \/>\n<a href=\"https:\/\/www.tecnic.eu\/wp-admin\/admin.php?page=ninja_tables#\/table_builder_edit_table\/47265\">Editar tabla<\/a><\/p>\n<h2>Suministros para bioprocesos<\/h2>\n<h3>Descubre toda nuestra gama de suministros<br \/>\n<\/h3>\n<h4>eBAG\u00ae | Flowkits | Reactores<\/h4>\n<p><a href=\"https:\/\/www.tecnic.eu\/supplies\/\" title=\"\">Suministros para bioprocesos \u21c0<\/a><br \/>\n<a href=\"https:\/\/www.tecnic.eu\/supplies\/\" title=\"\"><img decoding=\"async\" src=\"https:\/\/www.tecnic.eu\/wp-content\/uploads\/2024\/03\/components-home_w7.jpg\" alt=\"Tecnolog\u00eda de bioprocesos - soluciones de un solo uso\" title=\"\"><\/a><a href=\"https:\/\/www.tecnic.eu\/supplies\/\" title=\"\">.path{fill:none;stroke:#333;stroke-miterlimit:10;stroke-width:1.5px;}<\/a><\/p>\n","protected":false},"excerpt":{"rendered":"<p>Encuentra en TECNIC equipos de laboratorio especializados para bioprocesos. Nuestros biorreactores y sistemas TFF est\u00e1n pensados para mejorar y agilizar el trabajo en el laboratorio. <\/p>\n","protected":false},"author":1,"featured_media":51745,"parent":52367,"menu_order":25,"comment_status":"closed","ping_status":"closed","template":"","meta":{"inline_featured_image":false,"footnotes":""},"class_list":["post-52317","page","type-page","status-publish","has-post-thumbnail","hentry"],"_links":{"self":[{"href":"https:\/\/www.tecnic.eu\/es\/wp-json\/wp\/v2\/pages\/52317","targetHints":{"allow":["GET"]}}],"collection":[{"href":"https:\/\/www.tecnic.eu\/es\/wp-json\/wp\/v2\/pages"}],"about":[{"href":"https:\/\/www.tecnic.eu\/es\/wp-json\/wp\/v2\/types\/page"}],"author":[{"embeddable":true,"href":"https:\/\/www.tecnic.eu\/es\/wp-json\/wp\/v2\/users\/1"}],"replies":[{"embeddable":true,"href":"https:\/\/www.tecnic.eu\/es\/wp-json\/wp\/v2\/comments?post=52317"}],"version-history":[{"count":0,"href":"https:\/\/www.tecnic.eu\/es\/wp-json\/wp\/v2\/pages\/52317\/revisions"}],"up":[{"embeddable":true,"href":"https:\/\/www.tecnic.eu\/es\/wp-json\/wp\/v2\/pages\/52367"}],"wp:featuredmedia":[{"embeddable":true,"href":"https:\/\/www.tecnic.eu\/es\/wp-json\/wp\/v2\/media\/51745"}],"wp:attachment":[{"href":"https:\/\/www.tecnic.eu\/es\/wp-json\/wp\/v2\/media?parent=52317"}],"curies":[{"name":"wp","href":"https:\/\/api.w.org\/{rel}","templated":true}]}}