{"id":52325,"date":"2023-12-19T08:36:12","date_gmt":"2023-12-19T07:36:12","guid":{"rendered":"https:\/\/www.tecnic.eu\/equipo-de-produccion\/"},"modified":"2025-12-10T10:14:12","modified_gmt":"2025-12-10T09:14:12","slug":"equipo-de-produccion","status":"publish","type":"page","link":"https:\/\/www.tecnic.eu\/es\/equipamiento-tecnologia-de-bioprocesos\/equipo-de-produccion\/","title":{"rendered":"Equipos de producci\u00f3n"},"content":{"rendered":"<h1>Equipos de bioprocesos a escala de producci\u00f3n<\/h1>\n<h2>Bioprocesos a escala de producci\u00f3n con la serie ePROD<\/h2>\n<p>TECNIC presenta la serie ePROD\u00ae, una robusta colecci\u00f3n de equipos de tecnolog\u00eda de bioprocesos <a href=\"https:\/\/www.eurofer.eu\/issues\/eurofer-stainless-and-specialty-steel#:~:text=Austenitic%20stainless%20steels,machined%20or%20worked.\" target=\"_blank\" rel=\"noopener\">de acero inoxidable<\/a> dise\u00f1ados para satisfacer las exigencias de las operaciones a escala de producci\u00f3n. El biorreactor ePROD\u00ae se sit\u00faa a la vanguardia de esta serie, ofreciendo versatilidad y eficiencia de alto nivel para la producci\u00f3n a gran escala, con capacidades que alcanzan los 4000 litros.<br \/>\nEn el \u00e1mbito de un solo uso, el ePROD\u00ae Bioreactor SU presenta una soluci\u00f3n de reactor de tanque agitado con vol\u00famenes de hasta 1.000 litros, dise\u00f1ado para sobresalir en la fabricaci\u00f3n biol\u00f3gica a gran escala y agilizar el proceso de producci\u00f3n.<br \/>\nCompletando la oferta a escala de producci\u00f3n, el ePROD\u00ae TFF proporciona una capacidad excepcional de filtraci\u00f3n de flujo tangencial, con \u00e1reas de membrana que van de 7 a 65 m\u00b2. Este equipo est\u00e1 dise\u00f1ado para mejorar la eficacia operativa en el bioprocesamiento a escala industrial.<br \/>\nJuntos, estos sistemas encarnan la dedicaci\u00f3n de TECNIC al avance de la biotecnolog\u00eda a escala de producci\u00f3n, ofreciendo una eficacia, escalabilidad y calidad sin precedentes en equipos de bioprocesamiento.  <\/p>\n<h3>Escala de producci\u00f3n<\/h3>\n<p>100 a 4000 L | 7 a 65 m\u00b2<img decoding=\"async\" src=\"https:\/\/www.tecnic.eu\/wp-content\/uploads\/\/Logo_eprod_bioreactor.svg\" alt=\"\" title=\"\"><br \/>\n<a href=\"https:\/\/www.tecnic.eu\/es\/equipamiento-tecnologia-de-bioprocesos\/biorreactores\/biorreactor-eprod-52358\/\" title=\"\"><img decoding=\"async\" src=\"https:\/\/www.tecnic.eu\/wp-content\/uploads\/2024\/03\/eprod-br_w1.webp\" alt=\"biorreactores eprod - tecnolog\u00eda de bioprocesos - escala de producci\u00f3n\" title=\"\"><\/a><a href=\"https:\/\/www.tecnic.eu\/es\/equipamiento-tecnologia-de-bioprocesos\/biorreactores\/biorreactor-eprod-52358\/\" title=\"\">.path{fill:none;stroke:#333;stroke-miterlimit:10;stroke-width:1.5px;}<\/a><br \/>\nBiorreactor de 100 L a 4000 L <a href=\"https:\/\/www.tecnic.eu\/es\/equipamiento-tecnologia-de-bioprocesos\/biorreactores\/biorreactor-eprod-52358\/\" title=\"\">M\u00e1s informaci\u00f3n<\/a><br \/>\n<img decoding=\"async\" src=\"https:\/\/www.tecnic.eu\/wp-content\/uploads\/\/Logo_eprod_bioreactor_su.svg\" alt=\"\" title=\"\"><br \/>\n<a href=\"https:\/\/www.tecnic.eu\/es\/equipamiento-tecnologia-de-bioprocesos\/biorreactores\/biorreactor-eprod-de-un-solo-uso\/\" title=\"\"><img decoding=\"async\" src=\"https:\/\/www.tecnic.eu\/wp-content\/uploads\/2024\/03\/eprod-su_w1.webp\" alt=\"biorreactores eprod su - tecnolog\u00eda de bioprocesos - escala de producci\u00f3n - tecnolog\u00eda de bioprocesos\" title=\"\"><\/a><a href=\"https:\/\/www.tecnic.eu\/es\/equipamiento-tecnologia-de-bioprocesos\/biorreactores\/biorreactor-eprod-de-un-solo-uso\/\" title=\"\">.path{fill:none;stroke:#333;stroke-miterlimit:10;stroke-width:1.5px;}<\/a><br \/>\nBiorreactor de producci\u00f3n SU <a href=\"https:\/\/www.tecnic.eu\/es\/equipamiento-tecnologia-de-bioprocesos\/biorreactores\/biorreactor-eprod-de-un-solo-uso\/\" title=\"\">M\u00e1s informaci\u00f3n<\/a><br \/>\n<img decoding=\"async\" src=\"https:\/\/www.tecnic.eu\/wp-content\/uploads\/\/Logo_eprod_tff.svg\" alt=\"\" title=\"\"><br \/>\n<a href=\"https:\/\/www.tecnic.eu\/es\/equipamiento-tecnologia-de-bioprocesos\/filtracion-de-flujo-tangencial\/filtracion-de-flujo-tangencial-eprod-52356\/\" title=\"\"><img decoding=\"async\" src=\"https:\/\/www.tecnic.eu\/wp-content\/uploads\/2024\/03\/eprod-tff_w1.webp\" alt=\"eprod tff - equipos de bioproceso - escala de producci\u00f3n\" title=\"\"><\/a><a href=\"https:\/\/www.tecnic.eu\/es\/equipamiento-tecnologia-de-bioprocesos\/filtracion-de-flujo-tangencial\/filtracion-de-flujo-tangencial-eprod-52356\/\" title=\"\">.path{fill:none;stroke:#333;stroke-miterlimit:10;stroke-width:1.5px;}<\/a><br \/>\nTFF hasta 65 m\u00b2 <a href=\"https:\/\/www.tecnic.eu\/es\/equipamiento-tecnologia-de-bioprocesos\/filtracion-de-flujo-tangencial\/filtracion-de-flujo-tangencial-eprod-52356\/\" title=\"\">M\u00e1s informaci\u00f3n<\/a><\/p>\n<h4>Resumen de las principales caracter\u00edsticas de los equipos biotecnol\u00f3gicos<\/h4>\n<p>Ponte en contacto con nuestro equipo. Tanto si tienes preguntas concretas como si est\u00e1s empezando, estamos aqu\u00ed para guiarte y ayudarte. P\u00f3ngase en contacto con nosotros y le ayudaremos dar forma a su planta de producci\u00f3n.<a href=\"https:\/\/www.tecnic.eu\/es\/contacto\/\" title=\"\">.Contacta con nosotros \u21c0<\/a>  <\/p>\n<p>       <a target=\"_blank\" rel=\"noopener\"><img decoding=\"async\" src=\"https:\/\/www.tecnic.eu\/wp-content\/uploads\/2023\/11\/taula-br-eprod.jpg\" alt=\"Imagen de demostraci\u00f3n\" title=\"\"><\/a>   <a target=\"_blank\" rel=\"noopener\"><img decoding=\"async\" src=\"https:\/\/www.tecnic.eu\/wp-content\/uploads\/\/logos_equips_2024-TR_eprod-br.svg\" alt=\"Imagen de demostraci\u00f3n\" title=\"\"><\/a>    <a href=\"https:\/\/www.tecnic.eu\/es\/equipamiento-tecnologia-de-bioprocesos\/biorreactores\/biorreactor-eprod-52358\/\" target=\"_black\" rel=\"noopener\"> M\u00e1s informaci\u00f3n \u21c0 <\/a> Multiusos &#8211; Reactores \u22484455x6198x5125 Tama\u00f1os (mm) &#8211; Peso (kg) 100 &#8211; 4000 Vol\u00famenes (L) Acero inoxidable Material de la carcasa Vidrio de borosilicato Acero inoxidable Material del reactor eADVANCED eR&amp;D Software 2x velocidad variable 2x velocidad fija Bombas perist\u00e1lticas As\u00edncronas 190-19.000 Motor (W) <a target=\"_blank\" rel=\"noopener\"><img decoding=\"async\" src=\"https:\/\/www.tecnic.eu\/wp-content\/uploads\/2024\/01\/taula-eprod-su.jpg\" alt=\"biorreactor eprod str de un solo uso\" title=\"\"><\/a>   <a target=\"_blank\" rel=\"noopener\"><img decoding=\"async\" src=\"https:\/\/www.tecnic.eu\/wp-content\/uploads\/\/eprod-bioreactor-su-v2.svg\" alt=\"logo eprod str su\" title=\"\"><\/a>    <a href=\"https:\/\/www.tecnic.eu\/bioprocess-technology\/bioreactors\/stirred-tank-reactor\/\" target=\"_black\" rel=\"noopener\"> M\u00e1s informaci\u00f3n \u21c0 <\/a> Un solo uso &#8211; Reactor 3000x4800x3000 Tama\u00f1os (cm) 700 Peso (kg) 100 &#8211; 2000 Vol\u00famenes (L) Acero inoxidable Material de la carcasa 200 &#8211; 10000 &#8211; Volumen de trabajo eADVANCED eR&amp;D Software &#8211; &#8211; Bombas perist\u00e1lticas &#8211; &#8211; Motor (W) <a target=\"_blank\" rel=\"noopener\"><img decoding=\"async\" src=\"https:\/\/www.tecnic.eu\/wp-content\/uploads\/2023\/11\/taula-tff-eprod.jpg\" alt=\"eprod tff\" title=\"\"><\/a>   <a target=\"_blank\" rel=\"noopener\"><img decoding=\"async\" src=\"https:\/\/www.tecnic.eu\/wp-content\/uploads\/\/logos_equips_2024-TR_eprod-tff.svg\" alt=\"logo eprod tff\" title=\"\"><\/a>    <a href=\"https:\/\/www.tecnic.eu\/es\/equipamiento-tecnologia-de-bioprocesos\/filtracion-de-flujo-tangencial\/filtracion-de-flujo-tangencial-eprod-52356\/\" target=\"_black\" rel=\"noopener\"> M\u00e1s informaci\u00f3n \u21c0 <\/a> Casete: 6,84-34,2 Fibra hueca: 12,1-36,3 Superficie filtrante (m\u00b2) 3017x2840x1353 Medidas (mm) 520 Peso (kg) 500 Vol\u00famenes (L) Acero inoxidable Material de la carcasa Acero inoxidable &#8211; Material del reactor 30 &#8211; Recirculaci\u00f3n Fija: 230 Variable: 190 Velocidad de la bomba (rpm) 400V AC | 50Hz | 53 A &#8211; Alimentaci\u00f3n<br \/>\n<a href=\"https:\/\/www.tecnic.eu\/wp-admin\/admin.php?page=ninja_tables#\/table_builder_edit_table\/47274\">Editar Tabla<\/a><\/p>\n<h2>Suministros para bioprocesos<\/h2>\n<h3>Echa un vistazo a nuestra gama completa de suministros<br \/>\n<\/h3>\n<h4>eBAG\u00ae | Flowkits | Reactores<\/h4>\n<p><a href=\"https:\/\/www.tecnic.eu\/es\/suministros\/\" title=\"\">Suministros para bioprocesos \u21c0<\/a><br \/>\n<a href=\"https:\/\/www.tecnic.eu\/es\/suministros\/\" title=\"\"><img decoding=\"async\" src=\"https:\/\/www.tecnic.eu\/wp-content\/uploads\/2024\/03\/components-home_w7.jpg\" alt=\"Tecnolog\u00eda de bioprocesos - sistemas de un solo uso\" title=\"\"><\/a><a href=\"https:\/\/www.tecnic.eu\/es\/suministros\/\" title=\"\">.path{fill:none;stroke:#333;stroke-miterlimit:10;stroke-width:1.5px;}<\/a><\/p>\n","protected":false},"excerpt":{"rendered":"<p>Descubre nuestros equipos de producci\u00f3n para bioprocesos, incluidos biorreactores y sistemas de Filtraci\u00f3n de Flujo Tangencial (TFF), optimizados para trabajar a escala de producci\u00f3n. <\/p>\n","protected":false},"author":1,"featured_media":51770,"parent":52367,"menu_order":23,"comment_status":"closed","ping_status":"closed","template":"","meta":{"inline_featured_image":false,"footnotes":""},"class_list":["post-52325","page","type-page","status-publish","has-post-thumbnail","hentry"],"_links":{"self":[{"href":"https:\/\/www.tecnic.eu\/es\/wp-json\/wp\/v2\/pages\/52325","targetHints":{"allow":["GET"]}}],"collection":[{"href":"https:\/\/www.tecnic.eu\/es\/wp-json\/wp\/v2\/pages"}],"about":[{"href":"https:\/\/www.tecnic.eu\/es\/wp-json\/wp\/v2\/types\/page"}],"author":[{"embeddable":true,"href":"https:\/\/www.tecnic.eu\/es\/wp-json\/wp\/v2\/users\/1"}],"replies":[{"embeddable":true,"href":"https:\/\/www.tecnic.eu\/es\/wp-json\/wp\/v2\/comments?post=52325"}],"version-history":[{"count":0,"href":"https:\/\/www.tecnic.eu\/es\/wp-json\/wp\/v2\/pages\/52325\/revisions"}],"up":[{"embeddable":true,"href":"https:\/\/www.tecnic.eu\/es\/wp-json\/wp\/v2\/pages\/52367"}],"wp:featuredmedia":[{"embeddable":true,"href":"https:\/\/www.tecnic.eu\/es\/wp-json\/wp\/v2\/media\/51770"}],"wp:attachment":[{"href":"https:\/\/www.tecnic.eu\/es\/wp-json\/wp\/v2\/media?parent=52325"}],"curies":[{"name":"wp","href":"https:\/\/api.w.org\/{rel}","templated":true}]}}