{"id":52328,"date":"2023-12-19T08:35:45","date_gmt":"2023-12-19T07:35:45","guid":{"rendered":"https:\/\/www.tecnic.eu\/equipo-piloto\/"},"modified":"2025-12-22T12:54:26","modified_gmt":"2025-12-22T11:54:26","slug":"equipo-piloto","status":"publish","type":"page","link":"https:\/\/www.tecnic.eu\/es\/equipamiento-tecnologia-de-bioprocesos\/equipo-piloto\/","title":{"rendered":"Equipos para plantas piloto"},"content":{"rendered":"<h1>Biorreactores y TFF para plantas piloto<\/h1>\n<h2>Sistemas avanzados de plantas piloto para el escalado y la eficiencia de los bioprocesos<\/h2>\n<p>Proporciona soluciones robustas y vers\u00e1tiles dise\u00f1adas para salvar la distancia entre la investigaci\u00f3n de laboratorio y la producci\u00f3n a gran escala. La gama incluye el biorreactor ePILOT\u00ae, fabricado <a href=\"https:\/\/www.eurofer.eu\/issues\/eurofer-stainless-and-specialty-steel#:~:text=Austenitic%20stainless%20steels,machined%20or%20worked.\" target=\"_blank\" rel=\"noopener\">en acero inoxidable<\/a> y con capacidades de 10-50 litros, lo que lo convierte en una opci\u00f3n ejemplar para el escalado eficiente en procesos biotecnol\u00f3gicos.<br \/>\nComo complemento de los biorreactores de acero inoxidable, el biorreactor ePILOT\u00ae SU surge como un equipo de bioproceso de un solo uso, adaptado a la industria de la biomanufactura. Este sistema facilita una transici\u00f3n fluida de los entornos a escala de laboratorio a los de producci\u00f3n, lo que subraya su papel en la racionalizaci\u00f3n de la escalabilidad de los bioprocesos.<br \/>\nAdem\u00e1s, el ePILOT\u00ae TFF ampl\u00eda las capacidades del equipo de planta piloto con su avanzado sistema de filtraci\u00f3n de flujo tangencial. Est\u00e1 dise\u00f1ado para soportar aplicaciones a escala piloto, ofreciendo una capacidad sustancial de hasta 6,5 m\u00b2, mejorando as\u00ed la eficacia y escalabilidad de los procesos de filtraci\u00f3n.<br \/>\nJuntos, estos sistemas de planta piloto de TECNIC representan un compromiso con la innovaci\u00f3n y la calidad, garantizando que los profesionales del bioprocesamiento tengan acceso al mejor equipo para sus necesidades de escalado y producci\u00f3n.   <\/p>\n<h3>Equipo de la planta piloto<\/h3>\n<p>10 a 50 L | 0,5 a 2,5 m\u00b2<img decoding=\"async\" src=\"https:\/\/www.tecnic.eu\/wp-content\/uploads\/\/Logo_epilot_bioreactor.svg\" alt=\"\" title=\"\"><br \/>\n<a href=\"https:\/\/www.tecnic.eu\/es\/equipamiento-tecnologia-de-bioprocesos\/biorreactores\/biorreactor-epilot-52376\/\" title=\"\"><img decoding=\"async\" src=\"https:\/\/www.tecnic.eu\/wp-content\/uploads\/2024\/03\/epilot-br_w1.webp\" alt=\"biorreactores epilot - tecnolog\u00eda de bioprocesos - planta piloto\" title=\"\"><\/a><a href=\"https:\/\/www.tecnic.eu\/es\/equipamiento-tecnologia-de-bioprocesos\/biorreactores\/biorreactor-epilot-52376\/\" title=\"\">.path{fill:none;stroke:#333;stroke-miterlimit:10;stroke-width:1.5px;}<\/a><br \/>\nBiorreactor de 10 L a 50 LM\u00e1s<a href=\"https:\/\/www.tecnic.eu\/es\/equipamiento-tecnologia-de-bioprocesos\/biorreactores\/biorreactor-epilot-52376\/\" title=\"\">informaci\u00f3n<\/a><br \/>\n<img decoding=\"async\" src=\"https:\/\/www.tecnic.eu\/wp-content\/uploads\/\/Logo_epilot_bioreactor_su.svg\" alt=\"\" title=\"\"><br \/>\n<a href=\"https:\/\/www.tecnic.eu\/es\/equipamiento-tecnologia-de-bioprocesos\/biorreactores\/biorreactor-epilot-de-un-solo-uso\/\" title=\"\"><img decoding=\"async\" src=\"https:\/\/www.tecnic.eu\/wp-content\/uploads\/2024\/03\/epilot-br-su_w1.webp\" alt=\"biorreactores epilot su - tecnolog\u00eda de bioprocesos - planta piloto\" title=\"\"><\/a><a href=\"https:\/\/www.tecnic.eu\/es\/equipamiento-tecnologia-de-bioprocesos\/biorreactores\/biorreactor-epilot-de-un-solo-uso\/\" title=\"\">.path{fill:none;stroke:#333;stroke-miterlimit:10;stroke-width:1.5px;}<\/a><br \/>\nBiorreactor piloto SU <a href=\"https:\/\/www.tecnic.eu\/es\/equipamiento-tecnologia-de-bioprocesos\/biorreactores\/biorreactor-epilot-de-un-solo-uso\/\" title=\"\">M\u00e1s informaci\u00f3n<\/a><br \/>\n<img decoding=\"async\" src=\"https:\/\/www.tecnic.eu\/wp-content\/uploads\/\/Logo_epilot_tff.svg\" alt=\"\" title=\"\"><br \/>\n<a href=\"https:\/\/www.tecnic.eu\/es\/equipamiento-tecnologia-de-bioprocesos\/filtracion-de-flujo-tangencial\/filtracion-de-flujo-tangencial-epilot-52374\/\" title=\"\"><img decoding=\"async\" src=\"https:\/\/www.tecnic.eu\/wp-content\/uploads\/2024\/03\/epilot-tff_w1.webp\" alt=\"epilot tff - tecnolog\u00eda de bioprocesos - planta piloto\" title=\"\"><\/a><a href=\"https:\/\/www.tecnic.eu\/es\/equipamiento-tecnologia-de-bioprocesos\/filtracion-de-flujo-tangencial\/filtracion-de-flujo-tangencial-epilot-52374\/\" title=\"\">.path{fill:none;stroke:#333;stroke-miterlimit:10;stroke-width:1.5px;}<\/a><br \/>\nTFF hasta 6,5 m\u00b2M\u00e1s<a href=\"https:\/\/www.tecnic.eu\/es\/equipamiento-tecnologia-de-bioprocesos\/filtracion-de-flujo-tangencial\/filtracion-de-flujo-tangencial-epilot-52374\/\" title=\"\">informaci\u00f3n<\/a><\/p>\n<h4>Resumen de las principales caracter\u00edsticas de los equipos<\/h4>\n<p>Ponte en contacto con nuestro equipo hoy mismo. Tanto si tienes preguntas concretas como si est\u00e1s empezando a explorar, estamos aqu\u00ed para orientarte y ayudarte.  Ponte en contacto con nosotros ahora y deja que te proporcionemos tu planta piloto<a href=\"https:\/\/www.tecnic.eu\/es\/contacto\/\" title=\"\">.Contacta con nosotros \u21c0<\/a><\/p>\n<p>       <a target=\"_blank\" rel=\"noopener\"><img decoding=\"async\" src=\"https:\/\/www.tecnic.eu\/wp-content\/uploads\/2023\/12\/epilot-br-table.jpg\" alt=\"biorreactor epilot\" title=\"\"><\/a>   <a target=\"_blank\" rel=\"noopener\"><img decoding=\"async\" src=\"https:\/\/www.tecnic.eu\/wp-content\/uploads\/\/logos_equips_2024-TR_epilot-br.svg\" alt=\"logotipo del biorreactor epilot\" title=\"\"><\/a>    <a href=\"https:\/\/www.tecnic.eu\/es\/equipamiento-tecnologia-de-bioprocesos\/biorreactores\/biorreactor-epilot-52376\/\" target=\"_black\" rel=\"noopener\"> M\u00e1s informaci\u00f3n \u21c0 <\/a> Multiuso &#8211; Recipientes 1200x2020x910 Medidas (mm) &#8211; Peso (kg) 10 &#8211; 20 &#8211; 30 &#8211; 50 Vol\u00famenes (L) Acero inoxidable Material de la carcasa Vidrio de borosilicato Acero inoxidable Material del recipiente eADVANCED eR&amp;D Software 4x velocidad variable &#8211; Bombas perist\u00e1lticas Servomotor 400-750 Motor (W)  <a target=\"_blank\" rel=\"noopener\"><img decoding=\"async\" src=\"https:\/\/www.tecnic.eu\/wp-content\/uploads\/2024\/01\/taula-epilot-su.jpg\" alt=\"biorreactor epilot str de un solo uso\" title=\"\"><\/a>   <a target=\"_blank\" rel=\"noopener\"><img decoding=\"async\" src=\"https:\/\/www.tecnic.eu\/wp-content\/uploads\/\/epilot-bioreactor-su-v2.svg\" alt=\"logotipo del biorreactor epilot str\" title=\"\"><\/a>    <a href=\"https:\/\/www.tecnic.eu\/bioprocess-technology\/bioreactors\/epilot-bioreactor-single-use\/\" target=\"_black\" rel=\"noopener\"> M\u00e1s informaci\u00f3n \u21c0 <\/a> Un solo uso &#8211; Recipientes 600x1687x595 Dimensiones (mm) 70 Peso (kg) 30 &#8211; 50 Vol\u00famenes (L) Acero inoxidable Material de la carcasa 15 &#8211; 50 &#8211; Volumen de trabajo (L) eADVANCED eR&amp;D Software &#8211; &#8211; Bombas perist\u00e1lticas &#8211; &#8211; Motor (W)  <a target=\"_blank\" rel=\"noopener\"><img decoding=\"async\" src=\"https:\/\/www.tecnic.eu\/wp-content\/uploads\/2023\/11\/taula-tff-epilot.jpg\" alt=\"epilot tff\" title=\"\"><\/a>   <a target=\"_blank\" rel=\"noopener\"><img decoding=\"async\" src=\"https:\/\/www.tecnic.eu\/wp-content\/uploads\/\/logos_equips_2024-TR_epilot-tff.svg\" alt=\"epilot tff logo\" title=\"\"><\/a>    <a href=\"https:\/\/www.tecnic.eu\/es\/equipamiento-tecnologia-de-bioprocesos\/filtracion-de-flujo-tangencial\/filtracion-de-flujo-tangencial-epilot-52374\/\" target=\"_black\" rel=\"noopener\"> M\u00e1s informaci\u00f3n \u21c0 <\/a> Casete: 0,5-2,5 Fibra hueca: 0,1-6,5 Superficie filtrante (m\u00b2) 1546x1412x524 Medidas (mm) 50 Peso (kg) 50 a 200 Volumen \u00fatil (L)<br \/>\n Acero inoxidable Material de la carcasa Acero inoxidable &#8211; Material del recipiente 1.2 &#8211; Recirculaci\u00f3n Fija: 190 Variable: 230 Velocidad de las bombas (rpm) 230VAC | 50Hz | 9A &#8211; Alimentaci\u00f3n<br \/>\n <a href=\"https:\/\/www.tecnic.eu\/wp-admin\/admin.php?page=ninja_tables#\/table_builder_edit_table\/47267\">Editar Tabla<\/a><\/p>\n<h2>Suministros para bioprocesos<\/h2>\n<h3>Echa un vistazo a nuestra gama completa de suministros<br \/>\n<\/h3>\n<h4>eBAG\u00ae | Flowkits | Reactores<\/h4>\n<p><a href=\"https:\/\/www.tecnic.eu\/es\/suministros\/\" title=\"\">Suministros para bioprocesos \u21c0<\/a><br \/>\n<a href=\"https:\/\/www.tecnic.eu\/es\/suministros\/\" title=\"\"><img decoding=\"async\" src=\"https:\/\/www.tecnic.eu\/wp-content\/uploads\/2024\/03\/components-home_w7.jpg\" alt=\"Tecnolog\u00eda de bioprocesos - sistemas de un solo uso\" title=\"\"><\/a><a href=\"https:\/\/www.tecnic.eu\/es\/suministros\/\" title=\"\">.path{fill:none;stroke:#333;stroke-miterlimit:10;stroke-width:1.5px;}<\/a><\/p>\n","protected":false},"excerpt":{"rendered":"<p>Descubre los equipos para plantas piloto de TECNIC. Nuestros biorreactores y sistemas TFF est\u00e1n dise\u00f1ados para trabajar a escala piloto en biotecnolog\u00eda. <\/p>\n","protected":false},"author":1,"featured_media":51714,"parent":52367,"menu_order":24,"comment_status":"closed","ping_status":"closed","template":"","meta":{"inline_featured_image":false,"footnotes":""},"class_list":["post-52328","page","type-page","status-publish","has-post-thumbnail","hentry"],"_links":{"self":[{"href":"https:\/\/www.tecnic.eu\/es\/wp-json\/wp\/v2\/pages\/52328","targetHints":{"allow":["GET"]}}],"collection":[{"href":"https:\/\/www.tecnic.eu\/es\/wp-json\/wp\/v2\/pages"}],"about":[{"href":"https:\/\/www.tecnic.eu\/es\/wp-json\/wp\/v2\/types\/page"}],"author":[{"embeddable":true,"href":"https:\/\/www.tecnic.eu\/es\/wp-json\/wp\/v2\/users\/1"}],"replies":[{"embeddable":true,"href":"https:\/\/www.tecnic.eu\/es\/wp-json\/wp\/v2\/comments?post=52328"}],"version-history":[{"count":0,"href":"https:\/\/www.tecnic.eu\/es\/wp-json\/wp\/v2\/pages\/52328\/revisions"}],"up":[{"embeddable":true,"href":"https:\/\/www.tecnic.eu\/es\/wp-json\/wp\/v2\/pages\/52367"}],"wp:featuredmedia":[{"embeddable":true,"href":"https:\/\/www.tecnic.eu\/es\/wp-json\/wp\/v2\/media\/51714"}],"wp:attachment":[{"href":"https:\/\/www.tecnic.eu\/es\/wp-json\/wp\/v2\/media?parent=52328"}],"curies":[{"name":"wp","href":"https:\/\/api.w.org\/{rel}","templated":true}]}}