{"id":52346,"date":"2023-11-23T10:27:18","date_gmt":"2023-11-23T09:27:18","guid":{"rendered":"https:\/\/www.tecnic.eu\/filtracion-de-flujo-tangencial\/"},"modified":"2026-04-02T09:26:39","modified_gmt":"2026-04-02T07:26:39","slug":"filtracion-de-flujo-tangencial","status":"publish","type":"page","link":"https:\/\/www.tecnic.eu\/es\/equipamiento-tecnologia-de-bioprocesos\/filtracion-de-flujo-tangencial\/","title":{"rendered":"Filtraci\u00f3n de Flujo Tangencial"},"content":{"rendered":"<p><a href=\"https:\/\/www.tecnic.eu\/es\/\">Inicio<\/a><\/p>\n<h1>Filtraci\u00f3n de Flujo Tangencial en Biotecnolog\u00eda<\/h1>\n<h2>Optimizaci\u00f3n de la tecnolog\u00eda de bioprocesos con soluciones avanzadas de sistemas tff<\/h2>\n<h2>Sistemas de filtraci\u00f3n de flujo tangencial de un solo uso<\/h2>\n<h2>Contacta con nosotros<\/h2>\n<h2>Suministros para bioprocesos<\/h2>\n<h3>Echa un vistazo a nuestra gama completa de suministros<\/h3>\n<h4>eBAG\u00ae | Conjuntos de flujo | Recipientes<\/h4>\n","protected":false},"excerpt":{"rendered":"<p>Descubre c\u00f3mo nuestro sistemas de filtraci\u00f3n de flujo tangencial (TFF) optimizan los procesos de concentraci\u00f3n y purificaci\u00f3n en biotecnolog\u00eda, desde el laboratorio hasta la producci\u00f3n. <\/p>\n","protected":false},"author":1,"featured_media":51768,"parent":52367,"menu_order":32,"comment_status":"closed","ping_status":"closed","template":"","meta":{"inline_featured_image":false,"footnotes":""},"class_list":["post-52346","page","type-page","status-publish","has-post-thumbnail","hentry"],"_links":{"self":[{"href":"https:\/\/www.tecnic.eu\/es\/wp-json\/wp\/v2\/pages\/52346","targetHints":{"allow":["GET"]}}],"collection":[{"href":"https:\/\/www.tecnic.eu\/es\/wp-json\/wp\/v2\/pages"}],"about":[{"href":"https:\/\/www.tecnic.eu\/es\/wp-json\/wp\/v2\/types\/page"}],"author":[{"embeddable":true,"href":"https:\/\/www.tecnic.eu\/es\/wp-json\/wp\/v2\/users\/1"}],"replies":[{"embeddable":true,"href":"https:\/\/www.tecnic.eu\/es\/wp-json\/wp\/v2\/comments?post=52346"}],"version-history":[{"count":0,"href":"https:\/\/www.tecnic.eu\/es\/wp-json\/wp\/v2\/pages\/52346\/revisions"}],"up":[{"embeddable":true,"href":"https:\/\/www.tecnic.eu\/es\/wp-json\/wp\/v2\/pages\/52367"}],"wp:featuredmedia":[{"embeddable":true,"href":"https:\/\/www.tecnic.eu\/es\/wp-json\/wp\/v2\/media\/51768"}],"wp:attachment":[{"href":"https:\/\/www.tecnic.eu\/es\/wp-json\/wp\/v2\/media?parent=52346"}],"curies":[{"name":"wp","href":"https:\/\/api.w.org\/{rel}","templated":true}]}}