{"id":52352,"date":"2023-11-16T06:39:29","date_gmt":"2023-11-16T05:39:29","guid":{"rendered":"https:\/\/www.tecnic.eu\/biorreactores\/biorreactor-elab-essential\/"},"modified":"2025-12-19T13:15:35","modified_gmt":"2025-12-19T12:15:35","slug":"biorreactor-elab-essential-52352","status":"publish","type":"page","link":"https:\/\/www.tecnic.eu\/es\/equipamiento-tecnologia-de-bioprocesos\/biorreactores\/biorreactor-elab-essential-52352\/","title":{"rendered":"Biorreactor eLAB Essential"},"content":{"rendered":"<p><a href=\"https:\/\/www.tecnic.eu\/es\/\">Inicio<\/a><\/p>\n<h1>Optimizaci\u00f3n del bioprocesos de laboratorio con el biorreactor eLAB Essential<\/h1>\n<h2>Biorreactor f\u00e1cil de usar con elementos esenciales integrados para un funcionamiento sin preocupaciones<\/h2>\n<h3>eLAB Essential es una soluci\u00f3n completa para tus necesidades biotecnol\u00f3gicas<\/h3>\n<h5>Software avanzado<\/h5>\n<h5>Dise\u00f1o compacto y eficiente<\/h5>\n<h5>Control de precisi\u00f3n<\/h5>\n<h5>Bombas perist\u00e1lticas integradas<\/h5>\n<h3>Configuraci\u00f3n de eLAB Essential<\/h3>\n<h4>Configuraci\u00f3n microbiana<\/h4>\n<h4>Configuraci\u00f3n celular<\/h4>\n<h3>Configuraci\u00f3n<\/h3>\n<h4>Configuraci\u00f3n microbiana<\/h4>\n<h3>Configuraci\u00f3n<\/h3>\n<h4>Configuraci\u00f3n celular<\/h4>\n<h2>Transforma tu laboratorio con un c\u00f3digo de colores para la gesti\u00f3n de proyectos<\/h2>\n<h2>El tama\u00f1o importa: Biorreactor a peque\u00f1a escala, resultados a gran escala<\/h2>\n<h2>Conexiones de primera clase para la gesti\u00f3n esencial de proyectos de biorreactores.<\/h2>\n<h2>eOS\u00ae Lo simple puede ser incre\u00edble<\/h2>\n<h2>Reactor de un solo uso y multiuso que combinan innovaci\u00f3n esencial y calidad en biorreactores<\/h2>\n<h2>Compara nuestra gama de biorreactores de laboratorio<\/h2>\n<h2>Nuestro equipo de ventas est\u00e1 preparado para ayudarte con los detalles m\u00e1s t\u00e9cnicos<\/h2>\n","protected":false},"excerpt":{"rendered":"<p>eLAB Essential es un biorreactor de laboratorio compacto y vers\u00e1til para aplicaciones en biotecnolog\u00eda y biofarmacia, con un rendimiento excelente en un formato f\u00e1cil de usar.<\/p>\n","protected":false},"author":1,"featured_media":52284,"parent":52348,"menu_order":43,"comment_status":"closed","ping_status":"closed","template":"","meta":{"inline_featured_image":false,"footnotes":""},"class_list":["post-52352","page","type-page","status-publish","has-post-thumbnail","hentry"],"_links":{"self":[{"href":"https:\/\/www.tecnic.eu\/es\/wp-json\/wp\/v2\/pages\/52352","targetHints":{"allow":["GET"]}}],"collection":[{"href":"https:\/\/www.tecnic.eu\/es\/wp-json\/wp\/v2\/pages"}],"about":[{"href":"https:\/\/www.tecnic.eu\/es\/wp-json\/wp\/v2\/types\/page"}],"author":[{"embeddable":true,"href":"https:\/\/www.tecnic.eu\/es\/wp-json\/wp\/v2\/users\/1"}],"replies":[{"embeddable":true,"href":"https:\/\/www.tecnic.eu\/es\/wp-json\/wp\/v2\/comments?post=52352"}],"version-history":[{"count":0,"href":"https:\/\/www.tecnic.eu\/es\/wp-json\/wp\/v2\/pages\/52352\/revisions"}],"up":[{"embeddable":true,"href":"https:\/\/www.tecnic.eu\/es\/wp-json\/wp\/v2\/pages\/52348"}],"wp:featuredmedia":[{"embeddable":true,"href":"https:\/\/www.tecnic.eu\/es\/wp-json\/wp\/v2\/media\/52284"}],"wp:attachment":[{"href":"https:\/\/www.tecnic.eu\/es\/wp-json\/wp\/v2\/media?parent=52352"}],"curies":[{"name":"wp","href":"https:\/\/api.w.org\/{rel}","templated":true}]}}