{"id":52354,"date":"2023-11-15T12:54:10","date_gmt":"2023-11-15T11:54:10","guid":{"rendered":"https:\/\/www.tecnic.eu\/eplus\/mezclador-eplus-su\/"},"modified":"2026-03-31T11:35:23","modified_gmt":"2026-03-31T09:35:23","slug":"mezclador-eplus-su","status":"publish","type":"page","link":"https:\/\/www.tecnic.eu\/es\/equipamiento-tecnologia-de-bioprocesos\/eplus\/mezclador-eplus-su\/","title":{"rendered":"Sistema de mezcla de un solo uso para la preparaci\u00f3n de medios y tampones | Mezclador TECNIC ePlus"},"content":{"rendered":"<p><img decoding=\"async\" src=\"https:\/\/www.tecnic.eu\/wp-content\/uploads\/\/eplus-mixer-su-1.svg\" alt=\"\" title=\"\"><br \/>\nSistemas de mezcla de un solo uso<br \/>\n<a href=\"https:\/\/www.tecnic.eu\/es\/\">Inicio<\/a><\/p>\n<h1>Tecnolog\u00eda avanzada de mezcladores de un solo uso para aplicaciones de cultivo celular y microbiano<\/h1>\n<h2>Equipo vers\u00e1til para un rendimiento inigualable en el bioprocesamiento de un solo uso.<\/h2>\n<p>El mezclador de un solo uso ePLUS\u00ae dise\u00f1ado y fabricado por TECNIC es un equipo vers\u00e1til avanzado pensado para aplicaciones microbianas y de cultivo celular. Con caracter\u00edsticas y tecnolog\u00eda innovadoras, la combinaci\u00f3n de estos dos equipos ofrece un rendimiento y una eficacia inigualables en aplicaciones de bioprocesamiento.<br \/>\nEl ePLUS\u00ae SUM sirve como centro de control de un mezclador de un solo uso, compuesto por una unidad de control inteligente y varios dep\u00f3sitos compatibles. Este sofisticado sistema facilita un control preciso de los par\u00e1metros cr\u00edticos del proceso, como el pH, la conductividad, la temperatura, el peso y la velocidad de agitaci\u00f3n.<br \/>\nComo complemento del equipo mezclador de un solo uso, los tanques compatibles vienen en vol\u00famenes de 50, 100, 200 y 500 litros, todos ellos totalmente alineados con las especificaciones del equipo. Estos dep\u00f3sitos incorporan una camisa t\u00e9rmica para un control eficaz de la temperatura, c\u00e9lulas de carga para la visualizaci\u00f3n del peso en la pantalla de la torre de control y una mirilla para una integraci\u00f3n perfecta con los sensores de un solo uso.<br \/>\nHay distintos tipos de bolsas 3D alojadas en estos dep\u00f3sitos<a href=\"https:\/\/www.tecnic.eu\/es\/suministros\/bolsa-de-bioprocesos\/52522-2\/\" target=\"_blank\" rel=\"noopener\">(eBAG\u00ae Open \u21c0,<\/a> <a href=\"https:\/\/www.tecnic.eu\/es\/suministros\/bolsa-de-bioprocesos\/almacenamiento-ebag-3d\/\" target=\"_blank\" rel=\"noopener\">eBAG\u00ae Storage \u21c0,<\/a> <a href=\"https:\/\/www.tecnic.eu\/supplies\/bioprocess-bag\/ebag-3d-tank\/\" target=\"_blank\" rel=\"noopener\">eBAG\u00ae Mixer \u21c0)<\/a>, que garantizan un ajuste a medida de la geometr\u00eda del dep\u00f3sito y satisfacen requisitos de uso espec\u00edficos, ya sea para la preparaci\u00f3n de medios, el almacenamiento o la mezcla. El equipo mezclador de un solo uso, junto con sus dep\u00f3sitos compatibles, se erige en la c\u00faspide de la versatilidad y la precisi\u00f3n en los sistemas de mezcla de un solo uso.    <\/p>\n<h3>Automatizaci\u00f3n avanzada y personalizaci\u00f3n en mezcladores de un solo uso<\/h3>\n<h5>Sistema totalmente automatizado con protocolos estandarizados<\/h5>\n<p><a><\/a>El sistema automatizado del mezclador de un solo uso racionaliza y redefine el almacenamiento en un solo uso, garantizando la eficacia y la coherencia operativas. Esta automatizaci\u00f3n minimiza significativamente la intervenci\u00f3n manual, reduciendo as\u00ed la probabilidad de error humano y garantizando la conservaci\u00f3n del medio\/producto. <\/p>\n<h5>Mecanismo de calentamiento opcional para mejorar la eficacia<\/h5>\n<p><a><\/a>Al incorporar una versi\u00f3n encamisada opcional, el ePLUS TANK es capaz de mantener las temperaturas deseadas, lo que mejora algunos bioprocesos de clientes en los que la temperatura del almacenamiento influye directamente en la calidad y seguridad del producto final. Para m\u00e1s informaci\u00f3n sobre los protocolos recomendados, visita <a href=\"https:\/\/www.cdc.gov\/oralhealth\/infectioncontrol\/faqs\/single-use-devices.html\" target=\"_blank\" rel=\"noopener\">las directrices de los CDC<\/a>. <\/p>\n<h5>Supervisi\u00f3n del control<\/h5>\n<p><a><\/a>El ajuste del pH y la conductividad puede controlarse mediante bombas perist\u00e1lticas. En el lado derecho del equipo hay tres bombas: una para \u00e1cido, otra para base y otra para soluci\u00f3n salina. <\/p>\n<h5>Mejora de la movilidad<\/h5>\n<p><a><\/a>Nuestros equipos est\u00e1n equipados con ruedas vers\u00e1tiles, que proporcionan una maniobrabilidad perfecta para transportar tus soportes all\u00e1 donde necesites con la mayor practicidad y comodidad.<\/p>\n<h5>Capacidades personalizables de mezclador de un solo uso <\/h5>\n<p><a><\/a>Adaptada a los distintos tama\u00f1os del eTANK, nuestro equipo est\u00e1 disponible en diferentes vol\u00famenes. Elige entre una selecci\u00f3n de bolsas 3D meticulosamente dise\u00f1adas para satisfacer las diversas demandas de tus procesos de preparaci\u00f3n de medios. TECNIC fabrica bolsas 3D con m\u00faltiples configuraciones de puertos, que se adaptan al almacenamiento, a la agitaci\u00f3n magn\u00e9tica en un entorno est\u00e9ril o a condiciones de mezcla abierta, garantizando una adaptabilidad \u00f3ptima a tus requisitos espec\u00edficos.<br \/>\n<img decoding=\"async\" src=\"https:\/\/www.tecnic.eu\/wp-content\/uploads\/2024\/02\/boto-brochures.jpg\" alt=\"\" title=\"\"><\/p>\n<h3><a href=\"https:\/\/www.tecnic.eu\/es\/download-8\/?tmstv=1708943044\" title=\"\">Descargar ficha t\u00e9cnica \u21c0<\/a><\/h3>\n<h2>Nuestro equipo de ventas est\u00e1 preparado para ayudarte con los detalles m\u00e1s t\u00e9cnicos.<\/h2>\n<p>Conecta hoy mismo con nuestro equipo. Tanto si tienes preguntas concretas como si est\u00e1s empezando a explorar, estamos aqu\u00ed para guiarte y ayudarte<a href=\"https:\/\/www.tecnic.eu\/es\/contacto\/\" target=\"_blank\" title=\"\" rel=\"noopener\">.Contacta con nosotros \u21c0<\/a><br \/>\n<a href=\"\" title=\"\">Solicitar presupuesto \u21c0<\/a><br \/>\n<a href=\"https:\/\/www.tecnic.eu\/es\/suministros\/bolsa-de-bioprocesos\/52522-2\/\" title=\"\"><img decoding=\"async\" src=\"https:\/\/www.tecnic.eu\/wp-content\/uploads\/\/ebag3d-open.svg\" alt=\"ebag 3d open suministros logo, eplus es verde y 3d open es negro\" title=\"\"><\/a><a href=\"https:\/\/www.tecnic.eu\/es\/suministros\/bolsa-de-bioprocesos\/52522-2\/\" title=\"\">.path{fill:none;stroke:#333;stroke-miterlimit:10;stroke-width:1.5px;}<\/a><br \/>\n<a href=\"https:\/\/www.tecnic.eu\/es\/suministros\/bolsa-de-bioprocesos\/52522-2\/\" target=\"_blank\" title=\"\" rel=\"noopener\">M\u00e1s informaci\u00f3n \u21c0<\/a><br \/>\n<a href=\"https:\/\/www.tecnic.eu\/es\/suministros\/bolsa-de-bioprocesos\/52522-2\/\" title=\"\"><img decoding=\"async\" src=\"https:\/\/www.tecnic.eu\/wp-content\/uploads\/2024\/01\/ebag-3d-open.jpg\" alt=\"\" title=\"\"><\/a><a href=\"https:\/\/www.tecnic.eu\/es\/suministros\/bolsa-de-bioprocesos\/52522-2\/\" title=\"\">.path{fill:none;stroke:#333;stroke-miterlimit:10;stroke-width:1.5px;}<\/a><br \/>\n<a href=\"https:\/\/www.tecnic.eu\/es\/suministros\/bolsa-de-bioprocesos\/almacenamiento-ebag-3d\/\" title=\"\"><img decoding=\"async\" src=\"https:\/\/www.tecnic.eu\/wp-content\/uploads\/\/ebag3d-storage.svg\" alt=\"logo ebag 3d storage supplies, eplus es verde y 3d open es negro\" title=\"\"><\/a><a href=\"https:\/\/www.tecnic.eu\/es\/suministros\/bolsa-de-bioprocesos\/almacenamiento-ebag-3d\/\" title=\"\">.path{fill:none;stroke:#333;stroke-miterlimit:10;stroke-width:1.5px;}<\/a><br \/>\n<a href=\"https:\/\/www.tecnic.eu\/es\/suministros\/bolsa-de-bioprocesos\/almacenamiento-ebag-3d\/\" target=\"_blank\" title=\"\" rel=\"noopener\">M\u00e1s informaci\u00f3n \u21c0<\/a><br \/>\n<a href=\"https:\/\/www.tecnic.eu\/es\/suministros\/bolsa-de-bioprocesos\/almacenamiento-ebag-3d\/\" title=\"\"><img decoding=\"async\" src=\"https:\/\/www.tecnic.eu\/wp-content\/uploads\/2024\/01\/ebag-3d-storage-footer.jpg\" alt=\"\" title=\"\"><\/a><a href=\"https:\/\/www.tecnic.eu\/es\/suministros\/bolsa-de-bioprocesos\/almacenamiento-ebag-3d\/\" title=\"\">.path{fill:none;stroke:#333;stroke-miterlimit:10;stroke-width:1.5px;}<\/a><br \/>\n<a href=\"https:\/\/www.tecnic.eu\/supplies\/bioprocess-bag\/ebag-3d-tank\/\" title=\"\"><img decoding=\"async\" src=\"https:\/\/www.tecnic.eu\/wp-content\/uploads\/\/ebag3d-mixer.svg\" alt=\"logotipo de la ebag 3d mixer\" title=\"\"><\/a><a href=\"https:\/\/www.tecnic.eu\/supplies\/bioprocess-bag\/ebag-3d-tank\/\" title=\"\">.path{fill:none;stroke:#333;stroke-miterlimit:10;stroke-width:1.5px;}<\/a><br \/>\n<a href=\"https:\/\/www.tecnic.eu\/supplies\/bioprocess-bag\/ebag-3d-tank\/\" target=\"_blank\" title=\"\" rel=\"noopener\">M\u00e1s informaci\u00f3n \u21c0<\/a><br \/>\n<a href=\"https:\/\/www.tecnic.eu\/supplies\/bioprocess-bag\/ebag-3d-tank\/\" title=\"\"><img decoding=\"async\" src=\"https:\/\/www.tecnic.eu\/wp-content\/uploads\/2024\/01\/ebag-3d-tank-footer.jpg\" alt=\"\" title=\"\"><\/a><a href=\"https:\/\/www.tecnic.eu\/supplies\/bioprocess-bag\/ebag-3d-tank\/\" title=\"\">.path{fill:none;stroke:#333;stroke-miterlimit:10;stroke-width:1.5px;}<\/a><\/p>\n","protected":false},"excerpt":{"rendered":"<p>Explora el Mezclador TECNIC ePlus, un sistema de mezcla de un solo uso para la preparaci\u00f3n de medios y tampones, el almacenamiento temporal y la mezcla controlada de bioprocesos de 50 a 500 L.<\/p>\n","protected":false},"author":1,"featured_media":56524,"parent":52320,"menu_order":31,"comment_status":"closed","ping_status":"closed","template":"","meta":{"inline_featured_image":false,"footnotes":""},"class_list":["post-52354","page","type-page","status-publish","has-post-thumbnail","hentry"],"_links":{"self":[{"href":"https:\/\/www.tecnic.eu\/es\/wp-json\/wp\/v2\/pages\/52354","targetHints":{"allow":["GET"]}}],"collection":[{"href":"https:\/\/www.tecnic.eu\/es\/wp-json\/wp\/v2\/pages"}],"about":[{"href":"https:\/\/www.tecnic.eu\/es\/wp-json\/wp\/v2\/types\/page"}],"author":[{"embeddable":true,"href":"https:\/\/www.tecnic.eu\/es\/wp-json\/wp\/v2\/users\/1"}],"replies":[{"embeddable":true,"href":"https:\/\/www.tecnic.eu\/es\/wp-json\/wp\/v2\/comments?post=52354"}],"version-history":[{"count":0,"href":"https:\/\/www.tecnic.eu\/es\/wp-json\/wp\/v2\/pages\/52354\/revisions"}],"up":[{"embeddable":true,"href":"https:\/\/www.tecnic.eu\/es\/wp-json\/wp\/v2\/pages\/52320"}],"wp:featuredmedia":[{"embeddable":true,"href":"https:\/\/www.tecnic.eu\/es\/wp-json\/wp\/v2\/media\/56524"}],"wp:attachment":[{"href":"https:\/\/www.tecnic.eu\/es\/wp-json\/wp\/v2\/media?parent=52354"}],"curies":[{"name":"wp","href":"https:\/\/api.w.org\/{rel}","templated":true}]}}