{"id":52356,"date":"2023-11-15T12:54:10","date_gmt":"2023-11-15T11:54:10","guid":{"rendered":"https:\/\/www.tecnic.eu\/filtracion-de-flujo-tangencial\/filtracion-de-flujo-tangencial-eprod\/"},"modified":"2025-12-24T11:03:49","modified_gmt":"2025-12-24T10:03:49","slug":"filtracion-de-flujo-tangencial-eprod-52356","status":"publish","type":"page","link":"https:\/\/www.tecnic.eu\/es\/equipamiento-tecnologia-de-bioprocesos\/filtracion-de-flujo-tangencial\/filtracion-de-flujo-tangencial-eprod-52356\/","title":{"rendered":"Filtraci\u00f3n de Flujo Tangencial ePROD"},"content":{"rendered":"<p><img decoding=\"async\" src=\"https:\/\/www.tecnic.eu\/wp-content\/uploads\/\/logos_equips_2024-TR_eprod-tff.svg\" alt=\"Logotipo de la filtraci\u00f3n industrial eProd, eProd es verde y todas las dem\u00e1s palabras son negras\" title=\"\"><br \/>\nMejorar la producci\u00f3n mediante la filtraci\u00f3n industrial<br \/>\n<a href=\"https:\/\/www.tecnic.eu\/es\/\">Inicio<\/a>&gt;<\/p>\n<h1>Filtraci\u00f3n industrial avanzada para aumentar la eficacia de la producci\u00f3n biotecnol\u00f3gica<\/h1>\n<h2>La soluci\u00f3n definitiva para agilizar los procesos posteriores y maximizar la productividad y la calidad.<\/h2>\n<p>El sistema ePROD\u00ae TFF es una soluci\u00f3n de filtraci\u00f3n de flujo tangencial avanzada y totalmente automatizada, dise\u00f1ada para optimizar las escalas de producci\u00f3n posteriores en diversas aplicaciones de bioprocesado. Este equipo de vanguardia est\u00e1 dise\u00f1ado para simplificar el proceso de filtraci\u00f3n industrial y permitirte centrarte en otros aspectos de tu producci\u00f3n, proporcionando una retenci\u00f3n de solutos fiable y elevada para un funcionamiento continuo.<br \/>\nIncluye un recipiente tanque agitado magn\u00e9ticamente de 500 L de volumen de trabajo y tiene una superficie m\u00e1xima de filtraci\u00f3n que oscila entre 7 y 65 m\u00b2, lo que significa que puede manejar una amplia gama de vol\u00famenes para aplicaciones de microfiltraci\u00f3n, nanofiltraci\u00f3n o ultrafiltraci\u00f3n. El sistema ePROD\u00ae TFF est\u00e1 disponible en una variedad de configuraciones que incluyen soluciones de casete, cer\u00e1mica y fibra hueca para adaptarse a las necesidades espec\u00edficas del bioproceso.<br \/>\nLa caja de control permite el registro multiusuario, ofreciendo un control completo sobre el proceso de filtraci\u00f3n industrial. Esta funcionalidad permite al operador configurar y supervisar los par\u00e1metros del proceso mediante una interfaz f\u00e1cil de usar y la integraci\u00f3n de sensores digitales que proporcionan datos y perspectivas en tiempo real, cruciales para mantener la precisi\u00f3n y eficacia del proceso de filtraci\u00f3n industrial.<br \/>\nTambi\u00e9n integra m\u00faltiples modos operativos como Concentraci\u00f3n, Diafiltraci\u00f3n, Presi\u00f3n Transmembrana (TMP) y Limpieza en el Lugar (CIP). Estas caracter\u00edsticas, combinadas con sus m\u00f3dulos de control de precisi\u00f3n, garantizan un rendimiento \u00f3ptimo en diversas tareas de bioprocesamiento. Por \u00faltimo, el equipo de filtraci\u00f3n industrial est\u00e1 dise\u00f1ado para cumplir las directrices de las Buenas Pr\u00e1cticas de Fabricaci\u00f3n (BPF), y su avanzada tecnolog\u00eda facilita la validaci\u00f3n y documentaci\u00f3n del bioproceso.     <\/p>\n<h3>Eficacia, automatizaci\u00f3n y calidad en la filtraci\u00f3n industrial<\/h3>\n<h5>Interfaz f\u00e1cil de usar<\/h5>\n<p>ePROD\u00ae TFF tiene una interfaz de usuario intuitiva, dise\u00f1ada para minimizar la curva de aprendizaje y simplificar el control del proceso. Este enfoque de f\u00e1cil manejo permite a los usuarios centrarse m\u00e1s en sus tareas de bioprocesamiento que en el funcionamiento del equipo, lo que mejora la experiencia general del usuario y hace que las operaciones complejas de bioprocesamiento sean m\u00e1s accesibles y manejables. <\/p>\n<h5>Totalmente autom\u00e1tico<\/h5>\n<p>Nuestro sistema de filtraci\u00f3n industrial destaca por su funcionalidad totalmente automatizada, que reduce la intervenci\u00f3n manual y la posibilidad de errores. La capacidad del sistema para gestionar de forma aut\u00f3noma bioprocesos complejos lo convierte en un activo valioso en el bioprocesamiento de gran volumen, mejorando significativamente la eficacia en las operaciones a gran escala y garantizando la coherencia y la precisi\u00f3n en la producci\u00f3n. El sistema de filtraci\u00f3n industrial est\u00e1 dise\u00f1ado para realizar autom\u00e1ticamente la filtraci\u00f3n tangencial regulando la presi\u00f3n transmembrana y el caudal que pasa a trav\u00e9s de \u00e9l, lo que permite trabajar continuamente con este modo sin estar vinculado a una concentraci\u00f3n o una diafiltraci\u00f3n.  <\/p>\n<h5>Excelencia en esterilizaci\u00f3n y limpieza<\/h5>\n<p>La Filtraci\u00f3n de Flujo Tangencial ePROD\u00ae est\u00e1 equipada con dos bombas industriales distintas, que garantizan un rendimiento \u00f3ptimo. La bomba primaria facilita la recirculaci\u00f3n eficaz del producto, complementada por una bomba centr\u00edfuga secundaria implementada espec\u00edficamente para la limpieza in situ. Esta innovadora caracter\u00edstica elimina la dependencia de sistemas de limpieza externos, mejorando la eficacia general y la longevidad de las bombas. Adopta esta soluci\u00f3n vers\u00e1til no s\u00f3lo para prolongar la vida \u00fatil de tu equipo, sino tambi\u00e9n para aliviar la tensi\u00f3n de las bombas de recirculaci\u00f3n, garantizando una experiencia operativa fluida y sostenible.   <\/p>\n<h5>Soporte<\/h5>\n<p>Descubre los soportes de fabricaci\u00f3n propia de TECNIC, meticulosamente fabricados en acero inoxidable de alta calidad. Dise\u00f1ados para ofrecer la m\u00e1xima flexibilidad, estos soportes admiten una amplia gama de casetes y fibra hueca. Dise\u00f1ados para optimizar los procesos posteriores, la superficie de filtraci\u00f3n oscila entre 7 y 65 metros cuadrados, lo que los hace ideales para aplicaciones como la nanofiltraci\u00f3n, la microfiltraci\u00f3n o la ultrafiltraci\u00f3n.  <\/p>\n<h5>Construcci\u00f3n robusta<\/h5>\n<p>Construido con materiales de alta calidad<a href=\"https:\/\/www.eurofer.eu\/issues\/eurofer-stainless-and-specialty-steel#:~:text=metals%20are%20used.-,Austenitic,-stainless%20steels%C2%A0\" target=\"_blank\" rel=\"noopener\">(acero inoxidable 316L<\/a><br \/>\n), el equipo de filtraci\u00f3n industrial es resistente a la corrosi\u00f3n, lo que garantiza su longevidad y mantiene la integridad de las operaciones de bioprocesamiento a lo largo del tiempo. Esta robusta calidad de construcci\u00f3n es esencial en los exigentes entornos de bioprocesamiento, ya que garantiza la fiabilidad y reduce las necesidades de mantenimiento.<br \/>\n<img decoding=\"async\" src=\"https:\/\/www.tecnic.eu\/wp-content\/uploads\/2024\/02\/boto-brochures.jpg\" alt=\"\" title=\"\"><\/p>\n<h3><a title=\"\" href=\"https:\/\/www.tecnic.eu\/es\/download-8\/?tmstv=1708942932\">Descargar ficha t\u00e9cnica \u21c0<\/a><\/h3>\n<h3>Casete<\/h3>\n<p>El casete de membrana del ePROD\u00ae TFF ofrece una superficie de filtraci\u00f3n industrial que oscila entre 6,84 y 34,2 m\u00b2, lo que garantiza un procesamiento eficaz. El dise\u00f1o de estos casetes permite una manipulaci\u00f3n eficaz de grandes vol\u00famenes manteniendo una calidad de filtraci\u00f3n constante, esencial para obtener resultados \u00f3ptimos en bioprocesamientos que requieren un alto rendimiento y una separaci\u00f3n precisa<a title=\"\">.Casete de membrana \u21c0<\/a> <\/p>\n<h3>Fibra hueca<\/h3>\n<p>El m\u00f3dulo de fibra hueca del ePROD\u00ae TFF tiene una superficie de 12,1 a 36,3 m\u00b2 que garantiza un rendimiento eficaz y fiable de la retenci\u00f3n y separaci\u00f3n de solutos. La configuraci\u00f3n de estas membranas delgadas y tubulares proporciona una gran superficie de filtraci\u00f3n industrial dentro de una unidad compacta, lo que la hace muy eficaz para diversas aplicaciones de bioprocesamiento, pero especialmente adecuada para procesos que exigen caudales elevados<a title=\"\">.Fibra hueca \u21c0<\/a> <\/p>\n<h3>Casete<\/h3>\n<p>El casete de membrana del ePROD\u00ae TFF ofrece una superficie de filtraci\u00f3n industrial que oscila entre 6,84 y 34,2 m\u00b2, lo que garantiza un procesamiento eficaz. El dise\u00f1o de estos casetes permite una manipulaci\u00f3n eficaz de grandes vol\u00famenes manteniendo una calidad de filtraci\u00f3n constante, esencial para obtener resultados \u00f3ptimos en bioprocesamientos que requieren un alto rendimiento y una separaci\u00f3n precisa<a title=\"\">.Casete de membrana \u21c0<\/a> <\/p>\n<h3>Fibra hueca<\/h3>\n<p>El m\u00f3dulo de fibra hueca del ePROD\u00ae TFF tiene una superficie de 12,1 a 36,3 m\u00b2 que garantiza un rendimiento eficaz y fiable de la retenci\u00f3n y separaci\u00f3n de solutos. La configuraci\u00f3n de estas membranas delgadas y tubulares proporciona una gran superficie de filtraci\u00f3n industrial dentro de una unidad compacta, lo que la hace muy eficaz para diversas aplicaciones de bioprocesamiento, pero especialmente adecuada para procesos que exigen caudales elevados<a title=\"\">.Fibra hueca \u21c0<\/a> <\/p>\n<h4>Nuestra gama de equipos de producci\u00f3n<\/h4>\n<p>\u00bfNecesitas ayuda para elegir?  <a href=\"https:\/\/www.tecnic.eu\/es\/contacto\/\">Habla con nuestro equipo de Especialistas \u21c0<\/a><br \/>\n<a target=\"_blank\" rel=\"noopener\"><img decoding=\"async\" src=\"https:\/\/www.tecnic.eu\/wp-content\/uploads\/2023\/11\/taula-br-eprod.jpg\" alt=\"Imagen de demostraci\u00f3n\" title=\"\"><\/a> <a target=\"_blank\" rel=\"noopener\"><img decoding=\"async\" src=\"https:\/\/www.tecnic.eu\/wp-content\/uploads\/\/logos_equips_2024-TR_eprod-br.svg\" alt=\"Imagen de demostraci\u00f3n\" title=\"\"><\/a>  <a href=\"https:\/\/www.tecnic.eu\/es\/equipamiento-tecnologia-de-bioprocesos\/biorreactores\/biorreactor-eprod-52358\/\" target=\"_black\" rel=\"noopener\"> M\u00e1s informaci\u00f3n \u21c0 <\/a> Multiusos &#8211; Recipientes \u22484455x6198x5125 Tama\u00f1os (mm) &#8211; Peso (kg) 100 &#8211; 4000 Vol\u00famenes (L) Acero inoxidable Material de la carcasa Vidrio de borosilicato Acero inoxidable Material del recipiente eADVANCED eR&amp;D Software 2x velocidad variable 2x velocidad fija Bombas perist\u00e1lticas As\u00edncronas 190-19.000 Motor (W)  <a target=\"_blank\" rel=\"noopener\"><img decoding=\"async\" src=\"https:\/\/www.tecnic.eu\/wp-content\/uploads\/2024\/01\/taula-eprod-su.jpg\" alt=\"biorreactor eprod str de un solo uso\" title=\"\"><\/a> <a target=\"_blank\" rel=\"noopener\"><img decoding=\"async\" src=\"https:\/\/www.tecnic.eu\/wp-content\/uploads\/\/eprod-bioreactor-su-v2.svg\" alt=\"logo eprod str su\" title=\"\"><\/a>  <a href=\"https:\/\/www.tecnic.eu\/bioprocess-technology\/bioreactors\/stirred-tank-reactor\/\" target=\"_black\" rel=\"noopener\"> M\u00e1s informaci\u00f3n \u21c0 <\/a> Un solo uso &#8211; Recipientes 3000x4800x3000 Tama\u00f1os (cm) 700 Peso (kg) 100 &#8211; 2000 Vol\u00famenes (L) Acero inoxidable Material de la carcasa 200 &#8211; 10000 &#8211; Volumen de trabajo eADVANCED eR&amp;D Software &#8211; &#8211; Bombas perist\u00e1lticas &#8211; &#8211; Motor (W)  <a target=\"_blank\" rel=\"noopener\"><img decoding=\"async\" src=\"https:\/\/www.tecnic.eu\/wp-content\/uploads\/2023\/11\/taula-tff-eprod.jpg\" alt=\"eprod tff\" title=\"\"><\/a> <a target=\"_blank\" rel=\"noopener\"><img decoding=\"async\" src=\"https:\/\/www.tecnic.eu\/wp-content\/uploads\/\/logos_equips_2024-TR_eprod-tff.svg\" alt=\"logo eprod tff\" title=\"\"><\/a>  <a href=\"https:\/\/www.tecnic.eu\/es\/equipamiento-tecnologia-de-bioprocesos\/filtracion-de-flujo-tangencial\/filtracion-de-flujo-tangencial-eprod-52356\/\" target=\"_black\" rel=\"noopener\"> M\u00e1s informaci\u00f3n \u21c0 <\/a> Cassette: 6,84-34,2 Fibra hueca: 12,1-36,3 Superficie filtrante (m\u00b2) 3017x2840x1353 Medidas (mm) 520 Peso (kg) 500 Vol\u00famenes (L) Acero inoxidable Material de la carcasa Acero inoxidable &#8211; Material del recipiente 30 &#8211; Recirculaci\u00f3n Fija: 230 Variable: 190 Velocidad de la bomba (rpm) 400 V CA | 50 Hz | 53 A &#8211; Alimentaci\u00f3n el\u00e9ctrica<br \/>\n<a href=\"https:\/\/www.tecnic.eu\/wp-admin\/admin.php?page=ninja_tables#\/table_builder_edit_table\/47274\">Editar tabla<\/a><\/p>\n<h2>Nuestro equipo de ventas est\u00e1 preparado para ayudarte con los detalles m\u00e1s t\u00e9cnicos.<\/h2>\n<p>Conecta hoy mismo con nuestro equipo. Tanto si tienes preguntas concretas como si est\u00e1s empezando a explorar, estamos aqu\u00ed para guiarte y ayudarte<a title=\"\" href=\"https:\/\/www.tecnic.eu\/es\/contacto\/\" target=\"_blank\" rel=\"noopener\">.Contacta con nosotros \u21c0<\/a><br \/>\n<a title=\"\">Pide presupuesto \u21c0<\/a><br \/>\n<a title=\"\" href=\"https:\/\/www.tecnic.eu\/es\/equipamiento-tecnologia-de-bioprocesos\/biorreactores\/biorreactor-eprod-52358\/\"><img decoding=\"async\" src=\"https:\/\/www.tecnic.eu\/wp-content\/uploads\/\/logos_equips_2024-TR_eprod-br.svg\" alt=\"Logotipo del biorreactor industrial eprod, eprod es verde y todas las dem\u00e1s palabras son negras\" title=\"\"><\/a><a title=\"\" href=\"https:\/\/www.tecnic.eu\/es\/equipamiento-tecnologia-de-bioprocesos\/biorreactores\/biorreactor-eprod-52358\/\">.path{fill:none;stroke:#333;stroke-miterlimit:10;stroke-width:1.5px;}<\/a><br \/>\n<a title=\"\" href=\"https:\/\/www.tecnic.eu\/es\/equipamiento-tecnologia-de-bioprocesos\/biorreactores\/biorreactor-eprod-52358\/\" target=\"_blank\" rel=\"noopener\">M\u00e1s informaci\u00f3n \u21c0<\/a><br \/>\n<a title=\"\" href=\"https:\/\/www.tecnic.eu\/es\/equipamiento-tecnologia-de-bioprocesos\/biorreactores\/biorreactor-eprod-52358\/\"><img decoding=\"async\" src=\"https:\/\/www.tecnic.eu\/wp-content\/uploads\/2024\/01\/bloc-eprod-br.png\" alt=\"\" title=\"\"><\/a><a title=\"\" href=\"https:\/\/www.tecnic.eu\/es\/equipamiento-tecnologia-de-bioprocesos\/biorreactores\/biorreactor-eprod-52358\/\">.path{fill:none;stroke:#333;stroke-miterlimit:10;stroke-width:1.5px;}<\/a><br \/>\n<a title=\"\" href=\"\/?page_id=52343\"><img decoding=\"async\" src=\"https:\/\/www.tecnic.eu\/wp-content\/uploads\/\/ePLUS-Buffer.svg\" alt=\"\" title=\"\"><\/a><a title=\"\" href=\"\/?page_id=52343\">.path{fill:none;stroke:#333;stroke-miterlimit:10;stroke-width:1.5px;}<\/a><br \/>\n<a title=\"\" href=\"\/?page_id=52343\" target=\"_blank\" rel=\"noopener\">M\u00e1s informaci\u00f3n \u21c0<\/a><br \/>\n<a title=\"\" href=\"\/?page_id=52343\"><img decoding=\"async\" src=\"https:\/\/www.tecnic.eu\/wp-content\/uploads\/2024\/01\/eplus-buffer-footer.jpg\" alt=\"Buffer ePLUS de TECNIC\" title=\"\"><\/a><a title=\"\" href=\"\/?page_id=52343\">.path{fill:none;stroke:#333;stroke-miterlimit:10;stroke-width:1.5px;}<\/a><br \/>\n<a title=\"\" href=\"https:\/\/www.tecnic.eu\/es\/equipamiento-tecnologia-de-bioprocesos\/biorreactores\/biorreactor-eprod-de-un-solo-uso\/\"><img decoding=\"async\" src=\"https:\/\/www.tecnic.eu\/wp-content\/uploads\/\/prodsu.svg\" alt=\"Logotipo del biorreactor industrial eProd, eProd es verde y todas las dem\u00e1s palabras son negras\" title=\"\"><\/a><a title=\"\" href=\"https:\/\/www.tecnic.eu\/es\/equipamiento-tecnologia-de-bioprocesos\/biorreactores\/biorreactor-eprod-de-un-solo-uso\/\">.path{fill:none;stroke:#333;stroke-miterlimit:10;stroke-width:1.5px;}<\/a><br \/>\n<a title=\"\" href=\"https:\/\/www.tecnic.eu\/es\/equipamiento-tecnologia-de-bioprocesos\/biorreactores\/biorreactor-eprod-de-un-solo-uso\/\" target=\"_blank\" rel=\"noopener\">M\u00e1s informaci\u00f3n \u21c0<\/a><br \/>\n<a title=\"\" href=\"https:\/\/www.tecnic.eu\/es\/equipamiento-tecnologia-de-bioprocesos\/biorreactores\/biorreactor-eprod-de-un-solo-uso\/\"><img decoding=\"async\" src=\"https:\/\/www.tecnic.eu\/wp-content\/uploads\/2024\/01\/eprod-br-su-footer-1.jpg\" alt=\"Biorreactor industrial de un solo uso\" title=\"\"><\/a><a title=\"\" href=\"https:\/\/www.tecnic.eu\/es\/equipamiento-tecnologia-de-bioprocesos\/biorreactores\/biorreactor-eprod-de-un-solo-uso\/\">.path{fill:none;stroke:#333;stroke-miterlimit:10;stroke-width:1.5px;}<\/a><\/p>\n","protected":false},"excerpt":{"rendered":"<p>ePROD TFF mejora la filtraci\u00f3n industrial con soluciones de alta capacidad y funcionamiento eficiente, pensadas para aplicaciones exigentes a gran escala.<\/p>\n","protected":false},"author":1,"featured_media":55773,"parent":52346,"menu_order":37,"comment_status":"closed","ping_status":"closed","template":"","meta":{"inline_featured_image":false,"footnotes":""},"class_list":["post-52356","page","type-page","status-publish","has-post-thumbnail","hentry"],"_links":{"self":[{"href":"https:\/\/www.tecnic.eu\/es\/wp-json\/wp\/v2\/pages\/52356","targetHints":{"allow":["GET"]}}],"collection":[{"href":"https:\/\/www.tecnic.eu\/es\/wp-json\/wp\/v2\/pages"}],"about":[{"href":"https:\/\/www.tecnic.eu\/es\/wp-json\/wp\/v2\/types\/page"}],"author":[{"embeddable":true,"href":"https:\/\/www.tecnic.eu\/es\/wp-json\/wp\/v2\/users\/1"}],"replies":[{"embeddable":true,"href":"https:\/\/www.tecnic.eu\/es\/wp-json\/wp\/v2\/comments?post=52356"}],"version-history":[{"count":0,"href":"https:\/\/www.tecnic.eu\/es\/wp-json\/wp\/v2\/pages\/52356\/revisions"}],"up":[{"embeddable":true,"href":"https:\/\/www.tecnic.eu\/es\/wp-json\/wp\/v2\/pages\/52346"}],"wp:featuredmedia":[{"embeddable":true,"href":"https:\/\/www.tecnic.eu\/es\/wp-json\/wp\/v2\/media\/55773"}],"wp:attachment":[{"href":"https:\/\/www.tecnic.eu\/es\/wp-json\/wp\/v2\/media?parent=52356"}],"curies":[{"name":"wp","href":"https:\/\/api.w.org\/{rel}","templated":true}]}}