{"id":52358,"date":"2023-11-15T12:54:10","date_gmt":"2023-11-15T11:54:10","guid":{"rendered":"https:\/\/www.tecnic.eu\/biorreactores\/biorreactor-eprod\/"},"modified":"2026-02-04T10:57:08","modified_gmt":"2026-02-04T09:57:08","slug":"biorreactor-eprod-52358","status":"publish","type":"page","link":"https:\/\/www.tecnic.eu\/es\/equipamiento-tecnologia-de-bioprocesos\/biorreactores\/biorreactor-eprod-52358\/","title":{"rendered":"Biorreactor ePROD"},"content":{"rendered":"<p><img decoding=\"async\" src=\"https:\/\/www.tecnic.eu\/wp-content\/uploads\/\/logos_equips_2024-TR_eprod-br.svg\" alt=\"Logotipo del biorreactor industrial eprod, eprod es verde y todas las dem\u00e1s palabras son negras\" title=\"\">  Biorreactores industriales para el m\u00e1ximo rendimiento <a href=\"https:\/\/www.tecnic.eu\/es\/\">Inicio<\/a>&gt;<\/p>\n<h1>Maximizar la eficacia del bioprocesamiento con el biorreactor ePROD<\/h1>\n<h2>Libera el poder de la producci\u00f3n biotecnol\u00f3gica y ampl\u00eda tus resultados.<\/h2>\n<p>  El biorreactor ePROD\u00ae es un biorreactor de alto rendimiento dise\u00f1ado para llevar la fermentaci\u00f3n microbiana y el cultivo celular al siguiente nivel. Fabricado en acero inoxidable AISI 304 y 316L, su dise\u00f1o prioriza el crecimiento y la mezcla eficientes de los cultivos, garantizando una productividad sin igual en el bioprocesamiento ascendente. Con una relaci\u00f3n di\u00e1metro-altura de 1:2 para el cultivo celular y de 1:3 para la fermentaci\u00f3n microbiana, nuestro biorreactor industrial ofrece opciones de dise\u00f1o vers\u00e1tiles. Sus variantes a gran escala incluyen vol\u00famenes de 100L, 200L, 400L, 1000L, 2000L y 4000L, lo que permite aumentar la eficacia y obtener mejores resultados. Adem\u00e1s, la integraci\u00f3n de un PLC mejora la flexibilidad en la programaci\u00f3n, facilitando una comprensi\u00f3n exhaustiva del proceso en cada etapa con sistemas avanzados de supervisi\u00f3n y permitiendo el seguimiento en tiempo real de par\u00e1metros cr\u00edticos como el pH, el O2, la temperatura y los niveles de espuma. Este nivel de supervisi\u00f3n te ayuda a tomar decisiones informadas y a mejorar los resultados de la producci\u00f3n, lo que garantiza unas condiciones \u00f3ptimas para el crecimiento y el desarrollo. Tambi\u00e9n hay disponibles sensores digitales opcionales adicionales para redox, conductividad, densidad celular total y viable, par\u00e1metros bioqu\u00edmicos y pCO2, que ofrecen a\u00fan m\u00e1s informaci\u00f3n en tiempo real sobre tu proceso de producci\u00f3n.        <\/p>\n<h3>Rendimiento optimizado del biorreactor industrial<\/h3>\n<h5>Versatilidad volum\u00e9trica<\/h5>\n<p>  El biorreactor ePROD dispone de una amplia gama de vol\u00famenes, de 100 a 4.000 litros, lo que garantiza una adaptabilidad sin igual a distintas escalas de producci\u00f3n.  <\/p>\n<h5>Mayor precisi\u00f3n de agitaci\u00f3n<\/h5>\n<p>  Ofreciendo la posibilidad de elegir entre una turbina Rushton de 6 palas para la fermentaci\u00f3n microbiana y una de 3 palas para el cultivo celular, el sistema de agitaci\u00f3n de nuestro biorreactor industrial est\u00e1 optimizado para la eficiencia. Controlado por un servomotor, ajusta la velocidad y la intensidad.   <\/p>\n<h5>Infraestructura de control de vanguardia<\/h5>\n<p>  El biorreactor industrial de Tecnic integra un Sistema de Control Avanzado con el software eSCADA ADVANCED y una interfaz de pantalla t\u00e1ctil de 15 pulgadas f\u00e1cil de usar. Este sistema de \u00faltima generaci\u00f3n garantiza una experiencia de control intuitiva y precisa, permitiendo la supervisi\u00f3n y el ajuste en tiempo real de par\u00e1metros vitales cruciales para el crecimiento del cultivo.   <\/p>\n<h5>Conjunto de vigilancia de precisi\u00f3n<\/h5>\n<p>  Un conjunto de sensores digitales controla en tiempo real el pH, el O2, la temperatura y el nivel\/espuma, proporcionando una precisi\u00f3n sin igual en el control del proceso.  <\/p>\n<h5>Robustez y durabilidad<\/h5>\n<p>  El biorreactor industrial Tecnic est\u00e1 fabricado con <a href=\"https:\/\/www.eurofer.eu\/issues\/eurofer-stainless-and-specialty-steel\" target=\"_blank\" rel=\"noopener\">acero inoxidable<\/a> AISI 304 y 316L, materiales famosos por su resistencia a la corrosi\u00f3n y su idoneidad para el bioprocesamiento. El uso de materiales de alta calidad prolonga la vida \u00fatil del biorreactor y cumple las estrictas normas del sector, lo que lo convierte en una opci\u00f3n fiable para diversas aplicaciones de bioprocesamiento.   <img decoding=\"async\" src=\"https:\/\/www.tecnic.eu\/wp-content\/uploads\/2024\/02\/boto-brochures.jpg\" alt=\"\" title=\"\"><\/p>\n<h3><a title=\"\" href=\"https:\/\/www.tecnic.eu\/es\/download-8\/?tmstv=1708942764\">Descargar ficha t\u00e9cnica \u21c0<\/a><\/h3>\n<h3>Configuraci\u00f3n microbiana<\/h3>\n<p>  El biorreactor ePROD\u00ae est\u00e1 meticulosamente configurado para aplicaciones microbianas, garantizando unas condiciones de crecimiento \u00f3ptimas. Esta configuraci\u00f3n especializada incluye un control preciso de par\u00e1metros cruciales como el pH, la temperatura, el ox\u00edgeno disuelto (OD) y la espuma. El pH se mantiene diligentemente mediante la adici\u00f3n de \u00e1cidos o bases, con la integraci\u00f3n de controladores de flujo m\u00e1sico para una suplementaci\u00f3n precisa de aire y ox\u00edgeno. El biorreactor presenta un recipiente encamisado, que incorpora una doble pared de distintos tama\u00f1os, acompa\u00f1ada de un impulsor Rushton de 3x 6 palas. La din\u00e1mica de agitaci\u00f3n se controla con precisi\u00f3n mediante un servomotor. Eleva a\u00fan m\u00e1s tus procesos microbianos con mejoras opcionales, que incluyen un microinyector para la generaci\u00f3n de burbujas m\u00e1s finas, una bomba externa para la alimentaci\u00f3n, sensores adicionales y an\u00e1lisis de gases de escape para la monitorizaci\u00f3n continua y el ajuste del entorno de cultivo.     <a title=\"\" href=\"https:\/\/www.tecnic.eu\/es\/template-item\/impulsor-rushton\/\">Rodete Rushton \u21c0<\/a><\/p>\n<h3>Configuraci\u00f3n celular<\/h3>\n<p>  Adaptado a las aplicaciones celulares, el biorreactor ePROD presenta una configuraci\u00f3n especializada dise\u00f1ada para optimizar el crecimiento celular. Esta configuraci\u00f3n distintiva incluye un control meticuloso de caracter\u00edsticas esenciales como el pH, la temperatura, el ox\u00edgeno disuelto (OD) y la espuma. La regulaci\u00f3n del pH implica la adici\u00f3n de \u00e1cidos o bases, complementada con controladores de flujo m\u00e1sico para la incorporaci\u00f3n precisa de aire, ox\u00edgeno, nitr\u00f3geno y di\u00f3xido de carbono. Con un recipiente encamisado con opci\u00f3n de doble pared seg\u00fan el tama\u00f1o, el biorreactor est\u00e1 equipado con un impulsor de 2x palas inclinadas, y la din\u00e1mica de agitaci\u00f3n est\u00e1 controlada expertamente por un Servomotor. El sistema incorpora una versi\u00f3n SIP de esterilizaci\u00f3n con vapor externo. Explora opciones adicionales, como un micropropulsor para generar burbujas m\u00e1s finas, sensores adicionales y an\u00e1lisis de gases de escape, que proporcionen capacidades completas de monitorizaci\u00f3n y ajuste del entorno de cultivo.     <a title=\"\" href=\"https:\/\/www.tecnic.eu\/es\/template-item\/hoja-de-paso\/\">Rodete de \u00e1labes inclinados \u21c0<\/a><\/p>\n<h3>Configuraci\u00f3n microbiana<\/h3>\n<p>  El biorreactor ePROD\u00ae est\u00e1 meticulosamente configurado para aplicaciones microbianas, garantizando unas condiciones de crecimiento \u00f3ptimas. Esta configuraci\u00f3n especializada incluye un control preciso de par\u00e1metros cruciales como el pH, la temperatura, el ox\u00edgeno disuelto (OD) y la espuma. El pH se mantiene diligentemente mediante la adici\u00f3n de \u00e1cidos o bases, con la integraci\u00f3n de controladores de flujo m\u00e1sico para una suplementaci\u00f3n precisa de aire y ox\u00edgeno. El biorreactor presenta un recipiente encamisado, que incorpora una doble pared de distintos tama\u00f1os, acompa\u00f1ada de un impulsor Rushton de 3x 6 palas. La din\u00e1mica de agitaci\u00f3n se controla con precisi\u00f3n mediante un servomotor. Eleva a\u00fan m\u00e1s tus procesos microbianos con mejoras opcionales, que incluyen un microinyector para la generaci\u00f3n de burbujas m\u00e1s finas, una bomba externa para la alimentaci\u00f3n, sensores adicionales y an\u00e1lisis de gases de escape para la monitorizaci\u00f3n continua y el ajuste del entorno de cultivo.     <a title=\"\" href=\"https:\/\/www.tecnic.eu\/es\/template-item\/impulsor-rushton\/\">Rodete Rushton \u21c0<\/a><\/p>\n<h3>Configuraci\u00f3n celular<\/h3>\n<p>  Adaptado a las aplicaciones celulares, el biorreactor ePROD presenta una configuraci\u00f3n especializada dise\u00f1ada para optimizar el crecimiento celular. Esta configuraci\u00f3n distintiva incluye un control meticuloso de caracter\u00edsticas esenciales como el pH, la temperatura, el ox\u00edgeno disuelto (OD) y la espuma. La regulaci\u00f3n del pH implica la adici\u00f3n de \u00e1cidos o bases, complementada con controladores de flujo m\u00e1sico para la incorporaci\u00f3n precisa de aire, ox\u00edgeno, nitr\u00f3geno y di\u00f3xido de carbono. Con un recipiente encamisado con opci\u00f3n de doble pared seg\u00fan el tama\u00f1o, el biorreactor est\u00e1 equipado con un impulsor de 2x palas inclinadas, y la din\u00e1mica de agitaci\u00f3n est\u00e1 controlada expertamente por un Servomotor. El sistema incorpora una versi\u00f3n SIP de esterilizaci\u00f3n con vapor externo. Explora opciones adicionales, como un micropropulsor para generar burbujas m\u00e1s finas, sensores adicionales y an\u00e1lisis de gases de escape, que proporcionen capacidades completas de monitorizaci\u00f3n y ajuste del entorno de cultivo.     <a title=\"\" href=\"https:\/\/www.tecnic.eu\/es\/template-item\/hoja-de-paso\/\">Rodete de \u00e1labes inclinados \u21c0<\/a><\/p>\n<h4>Nuestra gama de equipos de producci\u00f3n<\/h4>\n<p>  \u00bfNecesitas ayuda para elegir?  <a href=\"https:\/\/www.tecnic.eu\/es\/contacto\/\">Habla con nuestro equipo de Especialistas \u21c0<\/a><br \/>\n<a target=\"_blank\" rel=\"noopener\"><img decoding=\"async\" src=\"https:\/\/www.tecnic.eu\/wp-content\/uploads\/2023\/11\/taula-br-eprod.jpg\" alt=\"Imagen de demostraci\u00f3n\" title=\"\"><\/a> <a target=\"_blank\" rel=\"noopener\"><img decoding=\"async\" src=\"https:\/\/www.tecnic.eu\/wp-content\/uploads\/\/logos_equips_2024-TR_eprod-br.svg\" alt=\"Imagen de demostraci\u00f3n\" title=\"\"><\/a>  <a href=\"https:\/\/www.tecnic.eu\/es\/equipamiento-tecnologia-de-bioprocesos\/biorreactores\/biorreactor-eprod-52358\/\" target=\"_black\" rel=\"noopener\"> M\u00e1s informaci\u00f3n \u21c0 <\/a> Multiusos &#8211; Recipientes \u22484455x6198x5125 Tama\u00f1os (mm) &#8211; Peso (kg) 100 &#8211; 4000 Vol\u00famenes (L) Acero inoxidable Material de la carcasa Vidrio de borosilicato Acero inoxidable Material del recipiente eADVANCED eR&amp;D Software 2x velocidad variable 2x velocidad fija Bombas perist\u00e1lticas As\u00edncronas 190-19.000 Motor (W)  <a target=\"_blank\" rel=\"noopener\"><img decoding=\"async\" src=\"https:\/\/www.tecnic.eu\/wp-content\/uploads\/2024\/01\/taula-eprod-su.jpg\" alt=\"biorreactor eprod str de un solo uso\" title=\"\"><\/a> <a target=\"_blank\" rel=\"noopener\"><img decoding=\"async\" src=\"https:\/\/www.tecnic.eu\/wp-content\/uploads\/\/eprod-bioreactor-su-v2.svg\" alt=\"logo eprod str su\" title=\"\"><\/a>  <a href=\"https:\/\/www.tecnic.eu\/bioprocess-technology\/bioreactors\/stirred-tank-reactor\/\" target=\"_black\" rel=\"noopener\"> M\u00e1s informaci\u00f3n \u21c0 <\/a> Un solo uso &#8211; Recipientes 3000x4800x3000 Tama\u00f1os (cm) 700 Peso (kg) 100 &#8211; 2000 Vol\u00famenes (L) Acero inoxidable Material de la carcasa 200 &#8211; 10000 &#8211; Volumen de trabajo eADVANCED eR&amp;D Software &#8211; &#8211; Bombas perist\u00e1lticas &#8211; &#8211; Motor (W)  <a target=\"_blank\" rel=\"noopener\"><img decoding=\"async\" src=\"https:\/\/www.tecnic.eu\/wp-content\/uploads\/2023\/11\/taula-tff-eprod.jpg\" alt=\"eprod tff\" title=\"\"><\/a> <a target=\"_blank\" rel=\"noopener\"><img decoding=\"async\" src=\"https:\/\/www.tecnic.eu\/wp-content\/uploads\/\/logos_equips_2024-TR_eprod-tff.svg\" alt=\"logo eprod tff\" title=\"\"><\/a> <a href=\"https:\/\/www.tecnic.eu\/es\/equipamiento-tecnologia-de-bioprocesos\/filtracion-de-flujo-tangencial\/filtracion-de-flujo-tangencial-eprod-52356\/\" target=\"_black\" rel=\"noopener\">  M\u00e1s informaci\u00f3n \u21c0  <\/a>  Casete: 6,84-34,2 Fibra hueca: 12,1-36,3 Superficie filtrante (m\u00b2) 3017x2840x1353 Medidas (mm) 520 Peso (kg) 500 Vol\u00famenes (L) Acero inoxidable Material de la carcasa Acero inoxidable &#8211; Material del recipiente 30 &#8211; Recirculaci\u00f3n Fija: 230 Variable: 190 Velocidad de la bomba (rpm) 400 V CA | 50 Hz | 53 A &#8211; Alimentaci\u00f3n el\u00e9ctrica  <a href=\"https:\/\/www.tecnic.eu\/wp-admin\/admin.php?page=ninja_tables#\/table_builder_edit_table\/47274\">Editar tabla<\/a><\/p>\n<h2>Nuestro equipo de ventas est\u00e1 preparado para ayudarte con los detalles m\u00e1s t\u00e9cnicos.<\/h2>\n<p>  Conecta hoy mismo con nuestro equipo. Tanto si tienes preguntas concretas como si est\u00e1s empezando a explorar, estamos aqu\u00ed para guiarte y ayudarte<a title=\"\" href=\"https:\/\/www.tecnic.eu\/es\/contacto\/\" target=\"_blank\" rel=\"noopener\">.Contacta con nosotros \u21c0Obt\u00e9n<\/a><a title=\"\">un presupuesto \u21c0<\/a><br \/>\n<a title=\"\" href=\"https:\/\/www.tecnic.eu\/bioprocess-technology\/eplus-bioprocess-solutions\/media-preparation\/\"><img decoding=\"async\" src=\"https:\/\/www.tecnic.eu\/wp-content\/uploads\/\/ePLUS_MediaPreparation.svg\" alt=\"Logotipo de la preparaci\u00f3n de medios ePlus, ePlus es verde y todas las dem\u00e1s palabras son negras\" title=\"\"><\/a><a title=\"\" href=\"https:\/\/www.tecnic.eu\/bioprocess-technology\/eplus-bioprocess-solutions\/media-preparation\/\">.path{fill:none;stroke:#333;stroke-miterlimit:10;stroke-width:1.5px;}<\/a><a title=\"\" href=\"https:\/\/www.tecnic.eu\/bioprocess-technology\/eplus-bioprocess-solutions\/media-preparation\/\" target=\"_blank\" rel=\"noopener\">M\u00e1s informaci\u00f3n \u21c0<\/a><br \/>\n<a title=\"\" href=\"https:\/\/www.tecnic.eu\/bioprocess-technology\/eplus-bioprocess-solutions\/media-preparation\/\"><img decoding=\"async\" src=\"https:\/\/www.tecnic.eu\/wp-content\/uploads\/2024\/01\/media-preparation-footer.jpg\" alt=\"\" title=\"\"><\/a><a title=\"\" href=\"https:\/\/www.tecnic.eu\/bioprocess-technology\/eplus-bioprocess-solutions\/media-preparation\/\">.path{fill:none;stroke:#333;stroke-miterlimit:10;stroke-width:1.5px;}<\/a><br \/>\n<a title=\"\" href=\"https:\/\/www.tecnic.eu\/bioprocess-technology\/eplus-bioprocess-solutions\/clean-in-place\/\"><img decoding=\"async\" src=\"https:\/\/www.tecnic.eu\/wp-content\/uploads\/\/ePLUS_CIP.svg\" alt=\"Logotipo del ePlus limpio en paz, ePlus es verde y todas las dem\u00e1s palabras son negras\" title=\"\"><\/a><a title=\"\" href=\"https:\/\/www.tecnic.eu\/bioprocess-technology\/eplus-bioprocess-solutions\/clean-in-place\/\">.path{fill:none;stroke:#333;stroke-miterlimit:10;stroke-width:1.5px;}<\/a><a title=\"\" href=\"https:\/\/www.tecnic.eu\/bioprocess-technology\/eplus-bioprocess-solutions\/clean-in-place\/\" target=\"_blank\" rel=\"noopener\">M\u00e1s informaci\u00f3n \u21c0<\/a><br \/>\n<a title=\"\" href=\"https:\/\/www.tecnic.eu\/bioprocess-technology\/eplus-bioprocess-solutions\/clean-in-place\/\"><img decoding=\"async\" src=\"https:\/\/www.tecnic.eu\/wp-content\/uploads\/2024\/01\/bloc-eplus-cip-1.png\" alt=\"\" title=\"\"><\/a><a title=\"\" href=\"https:\/\/www.tecnic.eu\/bioprocess-technology\/eplus-bioprocess-solutions\/clean-in-place\/\">.path{fill:none;stroke:#333;stroke-miterlimit:10;stroke-width:1.5px;}<\/a><br \/>\n<a title=\"\" href=\"https:\/\/www.tecnic.eu\/bioprocess-technology\/eplus-bioprocess-solutions\/buffer\/\"><img decoding=\"async\" src=\"https:\/\/www.tecnic.eu\/wp-content\/uploads\/\/ePLUS-Buffer.svg\" alt=\"\" title=\"\"><\/a><a title=\"\" href=\"https:\/\/www.tecnic.eu\/bioprocess-technology\/eplus-bioprocess-solutions\/buffer\/\">.path{fill:none;stroke:#333;stroke-miterlimit:10;stroke-width:1.5px;}<\/a><a title=\"\" href=\"https:\/\/www.tecnic.eu\/bioprocess-technology\/eplus-bioprocess-solutions\/buffer\/\" target=\"_blank\" rel=\"noopener\">M\u00e1s informaci\u00f3n \u21c0<\/a><br \/>\n<a title=\"\" href=\"https:\/\/www.tecnic.eu\/bioprocess-technology\/eplus-bioprocess-solutions\/buffer\/\"><img decoding=\"async\" src=\"https:\/\/www.tecnic.eu\/wp-content\/uploads\/2024\/01\/eplus-buffer-footer.jpg\" alt=\"\" title=\"\"><\/a><a title=\"\" href=\"https:\/\/www.tecnic.eu\/bioprocess-technology\/eplus-bioprocess-solutions\/buffer\/\">.path{fill:none;stroke:#333;stroke-miterlimit:10;stroke-width:1.5px;}<\/a><\/p>\n","protected":false},"excerpt":{"rendered":"<p>Descubre nuestro biorreactor industrial de alta eficiencia, dise\u00f1ado para ofrecer un rendimiento superior y optimizar los bioprocesos con fiabilidad y precisi\u00f3n.<\/p>\n","protected":false},"author":1,"featured_media":56436,"parent":52348,"menu_order":44,"comment_status":"closed","ping_status":"closed","template":"","meta":{"inline_featured_image":false,"footnotes":""},"class_list":["post-52358","page","type-page","status-publish","has-post-thumbnail","hentry"],"_links":{"self":[{"href":"https:\/\/www.tecnic.eu\/es\/wp-json\/wp\/v2\/pages\/52358","targetHints":{"allow":["GET"]}}],"collection":[{"href":"https:\/\/www.tecnic.eu\/es\/wp-json\/wp\/v2\/pages"}],"about":[{"href":"https:\/\/www.tecnic.eu\/es\/wp-json\/wp\/v2\/types\/page"}],"author":[{"embeddable":true,"href":"https:\/\/www.tecnic.eu\/es\/wp-json\/wp\/v2\/users\/1"}],"replies":[{"embeddable":true,"href":"https:\/\/www.tecnic.eu\/es\/wp-json\/wp\/v2\/comments?post=52358"}],"version-history":[{"count":0,"href":"https:\/\/www.tecnic.eu\/es\/wp-json\/wp\/v2\/pages\/52358\/revisions"}],"up":[{"embeddable":true,"href":"https:\/\/www.tecnic.eu\/es\/wp-json\/wp\/v2\/pages\/52348"}],"wp:featuredmedia":[{"embeddable":true,"href":"https:\/\/www.tecnic.eu\/es\/wp-json\/wp\/v2\/media\/56436"}],"wp:attachment":[{"href":"https:\/\/www.tecnic.eu\/es\/wp-json\/wp\/v2\/media?parent=52358"}],"curies":[{"name":"wp","href":"https:\/\/api.w.org\/{rel}","templated":true}]}}