{"id":52360,"date":"2023-11-15T12:54:10","date_gmt":"2023-11-15T11:54:10","guid":{"rendered":"https:\/\/www.tecnic.eu\/filtracion-de-flujo-tangencial\/filtracion-de-flujo-tangencial-elab-de-un-solo-uso\/"},"modified":"2025-12-23T12:00:24","modified_gmt":"2025-12-23T11:00:24","slug":"filtracion-de-flujo-tangencial-elab-de-un-solo-uso-52360","status":"publish","type":"page","link":"https:\/\/www.tecnic.eu\/es\/equipamiento-tecnologia-de-bioprocesos\/filtracion-de-flujo-tangencial\/filtracion-de-flujo-tangencial-elab-de-un-solo-uso-52360\/","title":{"rendered":"eLAB TFF de un solo uso"},"content":{"rendered":"<p><img decoding=\"async\" src=\"https:\/\/www.tecnic.eu\/wp-content\/uploads\/\/elab-tff-su-logo-v2.svg\" alt=\"logotipo del equipo de filtraci\u00f3n de un solo uso, elab est\u00e1 en verde y SU de filtraci\u00f3n de flujo tangencial est\u00e1 en negro.\" title=\"\">  TFF SU en formato compacto <a href=\"https:\/\/www.tecnic.eu\/es\/\">Inicio<\/a>&gt;<\/p>\n<h1>Tecnolog\u00eda l\u00edder de filtraci\u00f3n de un solo uso en laboratorio (TFF SU) para procesos posteriores<\/h1>\n<h2>Sistema TFF SU autom\u00e1tico de alto rendimiento para resultados superiores, una elecci\u00f3n excelente para la investigaci\u00f3n, el desarrollo y la purificaci\u00f3n de peque\u00f1as producciones.<\/h2>\n<p>  Dise\u00f1ados para satisfacer las rigurosas exigencias de los procesos biotecnol\u00f3gicos posteriores, los sistemas totalmente autom\u00e1ticos eLAB\u00ae Tangential Flow Filtration Single-Use destacan por su extraordinario rendimiento de filtraci\u00f3n de un solo uso y garantizan un rendimiento y una eficacia sin igual durante el funcionamiento continuo. Adem\u00e1s, la funci\u00f3n de un solo uso del eLAB\u00ae TFF SU a\u00f1ade una capa de esterilidad y comodidad excepcionales, lo que lo convierte en una soluci\u00f3n ideal para aplicaciones en las que la pureza y la prevenci\u00f3n de la contaminaci\u00f3n son primordiales. El equipo consta de dos m\u00f3dulos principales: El primero es el conjunto de filtraci\u00f3n de un solo uso, que incluye un dep\u00f3sito de un solo uso con un volumen que oscila entre 2 y 10 litros, que aloja el producto que se va a filtrar, y una membrana de filtraci\u00f3n con una superficie que oscila entre 0,1 y 0,7 m\u00b2. La bolsa, dise\u00f1ada y fabricada en nuestras instalaciones de <a href=\"https:\/\/www.europeanpharmaceuticalreview.com\/article\/2430\/cleanroom-standards\/\" target=\"_blank\" rel=\"noopener\">Sala Limpia ISO7<\/a>, est\u00e1 sujeta por una c\u00e9lula de carga e incorpora un fondo c\u00f3nico para minimizar el riesgo de p\u00e9rdidas de producto. Este dep\u00f3sito de pl\u00e1stico est\u00e1 firmemente sujeto con un soporte fijo e incluye el filtro tangencial para la purificaci\u00f3n de biomol\u00e9culas. Tanto el filtro como el soporte se someten a irradiaci\u00f3n pregamma para cumplir rigurosas normas de calidad. El equipo se complementa a la perfecci\u00f3n con la torre TECNIC, equipada con una interfaz de pantalla t\u00e1ctil, un PLC indrustrial y el software eSCADA\u00ae, que facilita la interconexi\u00f3n de los equipos, la trazabilidad de los datos y el control integral del proceso. La torre incorpora dos bombas perist\u00e1lticas de adici\u00f3n, un puerto USB para agilizar la extracci\u00f3n de datos y un indicador LED de estado para supervisar el estado operativo del equipo. Mejora tu capacidad de bioprocesado con la precisi\u00f3n, esterilidad e innovaci\u00f3n del sistema eLAB\u00ae TFF SU, esencial para los laboratorios de biotecnolog\u00eda que buscan un m\u00e9todo sencillo y seguro de mantener la esterilidad y evitar la contaminaci\u00f3n del producto.          <\/p>\n<h5>Configuraci\u00f3n de filtraci\u00f3n de un solo uso para m\u00e1xima higiene y comodidad<\/h5>\n<p>  Mientras que otros sistemas requieren una limpieza y esterilizaci\u00f3n exhaustivas, el eLAB\u00ae TFF SU est\u00e1 dise\u00f1ado para un solo uso, lo que elimina la necesidad de complejos procesos de limpieza. Esto reduce significativamente el riesgo de contaminaci\u00f3n cruzada y aumenta la eficacia operativa, especialmente en aplicaciones en las que la esterilidad y la pureza son primordiales.   <\/p>\n<h5>Control avanzado y automatizaci\u00f3n<\/h5>\n<p>  Equipada con un sistema de control avanzado y capacidades de automatizaci\u00f3n, la Filtraci\u00f3n de Flujo Tangencial de un Solo Uso eLAB\u00ae permite una gesti\u00f3n m\u00e1s precisa y automatizada de los procesos de filtraci\u00f3n. Esta capacidad de automatizar tareas complejas reduce los errores humanos y mejora la eficacia y reproducibilidad generales del proceso.   <\/p>\n<h5>Bomba de diafragma de cuatro pistones para una recirculaci\u00f3n precisa<\/h5>\n<p>  A diferencia de los sistemas con bombas menos ajustables, la eLAB\u00ae TFF SU incorpora una avanzada bomba de diafragma de cuatro pistones, que permite un control preciso del flujo y una recirculaci\u00f3n constante, un paso crucial para mantener la integridad de las muestras sensibles y optimizar la eficacia de la filtraci\u00f3n de un solo uso.  <\/p>\n<h5>Amplia superficie de membrana en un dise\u00f1o compacto<\/h5>\n<p>  El eLAB\u00ae TFF SU proporciona hasta 0,7 m\u00b2 de superficie de membrana, lo que permite una filtraci\u00f3n eficaz en un espacio compacto, que lo hace ideal para laboratorios con espacio limitado, facilitando la instalaci\u00f3n y el manejo sin comprometer la capacidad de procesamiento.  <\/p>\n<h5>TFF SU dise\u00f1ado<\/h5>\n<p>  El eLAB\u00ae TFF SU de configuraci\u00f3n r\u00e1pida y f\u00e1cil integraci\u00f3n en los flujos de trabajo de bioprocesamiento existentes est\u00e1 dise\u00f1ado para montarse y ponerse en funcionamiento r\u00e1pidamente, minimizando el tiempo de inactividad y acelerando la transici\u00f3n de la configuraci\u00f3n al procesamiento real. Su compatibilidad con diversas configuraciones de laboratorio y la sencillez de sus conexiones lo convierten en una opci\u00f3n f\u00e1cil de usar para los laboratorios que buscan agilizar sus actividades de bioprocesamiento.   <img decoding=\"async\" src=\"https:\/\/www.tecnic.eu\/wp-content\/uploads\/2024\/02\/boto-brochures.jpg\" alt=\"\" title=\"\"><\/p>\n<h3><a title=\"\" href=\"https:\/\/www.tecnic.eu\/es\/download-8\/?tmstv=1708942259\">Descargar ficha t\u00e9cnica \u21c0<\/a><\/h3>\n<h3>Configuraci\u00f3n eLAB TFF SU<\/h3>\n<p>  Nuestro sistema TFF SU incorpora dos tecnolog\u00edas de filtraci\u00f3n de un solo uso distintas pero complementarias: los casetes de membrana y las fibras huecas. Ambas se someten a irradiaci\u00f3n pregamma para cumplir rigurosas normas de calidad y est\u00e1n dise\u00f1adas para ofrecer soluciones de filtraci\u00f3n de un solo uso de alto rendimiento que satisfagan diversas necesidades de bioprocesamiento. La tecnolog\u00eda de casetes de membrana de filtraci\u00f3n de flujo tangencial de un solo uso eLAB\u00ae presenta una superficie que oscila entre 0,1 y 0,5 metros cuadrados. Esta tecnolog\u00eda utiliza membranas de l\u00e1mina plana dispuestas en un formato de casete estratificado, lo que proporciona una amplia superficie de filtraci\u00f3n en un espacio compacto. Los casetes est\u00e1n dise\u00f1ados espec\u00edficamente para tareas precisas de separaci\u00f3n y concentraci\u00f3n, por lo que son ideales para aplicaciones que exigen gran pureza y eficacia. La gran superficie del cassette de membrana garantiza un procesamiento eficaz, lo que aumenta el rendimiento y la calidad del producto final. En cambio, la tecnolog\u00eda de fibra hueca de la eLAB\u00ae TFF SU ofrece una superficie de membrana de 0,1 a 0,4 metros cuadrados. Esta tecnolog\u00eda presenta hebras finas y huecas de material de membrana, apretadas para formar un haz denso. Estas fibras proporcionan una superficie expansiva en un espacio m\u00ednimo, lo que las hace especialmente eficaces para aplicaciones de alto rendimiento. La estructura \u00fanica de las fibras huecas facilita una separaci\u00f3n eficaz y es id\u00f3nea para procesos que requieren caudales elevados y una retenci\u00f3n eficaz de solutos.           <\/p>\n<h3>Casete<\/h3>\n<p>  Descubre el casete eLAB\u00ae TFF SU para tecnolog\u00eda de ultrafiltraci\u00f3n avanzadaDescubre el casete eLAB\u00ae TFF SU para tecnolog\u00eda de ultrafiltraci\u00f3n avanzada<a title=\"\">M\u00e1s sobre la versi\u00f3n en casete \u21c0<\/a><\/p>\n<h3>Fibra hueca<\/h3>\n<p>  Experimenta una eficiencia \u00f3ptima con la filtraci\u00f3n de fibra hueca eLAB\u00ae TFF SUEficiencia \u00f3ptima con la filtraci\u00f3n de fibra hueca eLAB\u00ae TFF SU<a title=\"\">M\u00e1s sobre la fibra hueca \u21c0<\/a><\/p>\n<h4>Nuestra gama de TFF<\/h4>\n<p>  \u00bfNecesitas ayuda para elegir?  <a href=\"https:\/\/www.tecnic.eu\/es\/contacto\/\">Habla con nuestro equipo de Especialistas \u21c0<\/a><br \/>\n<a target=\"_blank\" rel=\"noopener\"><img decoding=\"async\" src=\"https:\/\/www.tecnic.eu\/wp-content\/uploads\/2023\/11\/taula-tff-elab.jpg\" alt=\"elab tff\" title=\"\"><\/a> <a target=\"_blank\" rel=\"noopener\"><img decoding=\"async\" src=\"https:\/\/www.tecnic.eu\/wp-content\/uploads\/\/logos_equips_2024-TR_elab-tff.svg\" alt=\"logotipo elab tff\" title=\"\"><\/a>  <a href=\"https:\/\/www.tecnic.eu\/bioprocess-technology\/tangential-flow-filtration\/filtration-laboratory\/\" target=\"_black\" rel=\"noopener\"> M\u00e1s informaci\u00f3n \u21c0 <\/a> Casete: 0,1-0,5 Fibra hueca: 0,1-0,4 Superficie filtrante (m\u00b2) 35 Peso (kg) 5 a 10 Volumen de trabajo (L) Totalmente autom\u00e1tico Sistema Acero inoxidable Material de la carcasa Acero inoxidable Vidrio de borosilicato Material del recipiente 1,2 Recirculaci\u00f3n (m\u00b3\/h) Filtraci\u00f3n Microfiltraci\u00f3n Ultrafiltraci\u00f3n Nanofiltraci\u00f3n Fija: 90 Variable: 100 Velocidad de la bomba (rpm) 230VAC | 50Hz | 7A Alimentaci\u00f3n el\u00e9ctrica  <a target=\"_blank\" rel=\"noopener\"><img decoding=\"async\" src=\"https:\/\/www.tecnic.eu\/wp-content\/uploads\/2023\/11\/taula-tff-epilot.jpg\" alt=\"epiloto tff\" title=\"\"><\/a> <a target=\"_blank\" rel=\"noopener\"><img decoding=\"async\" src=\"https:\/\/www.tecnic.eu\/wp-content\/uploads\/\/logos_equips_2024-TR_epilot-tff.svg\" alt=\"epilot tff logo\" title=\"\"><\/a>  <a href=\"https:\/\/www.tecnic.eu\/es\/equipamiento-tecnologia-de-bioprocesos\/filtracion-de-flujo-tangencial\/filtracion-de-flujo-tangencial-epilot-52374\/\" target=\"_black\" rel=\"noopener\"> M\u00e1s informaci\u00f3n \u21c0 <\/a> Casete: 0,5-2,5 Fibra hueca: 0,1-6,5 Superficie filtrante (m\u00b2) 50 Peso (kg) De 50 a 200 Volumen de trabajo (L) Totalmente autom\u00e1tico Sistema Acero inoxidable Material de la carcasa Acero inoxidable &#8211; Material del recipiente 1,2 Recirculaci\u00f3n (m\u00b3\/h) Filtraci\u00f3n Microfiltraci\u00f3n Ultrafiltraci\u00f3n Nanofiltraci\u00f3n Fijo: 190 Variable: 230 Velocidad de las bombas (rpm) 230VAC | 50Hz | 9A Fuente de alimentaci\u00f3n  <a href=\"https:\/\/www.tecnic.eu\/es\/equipamiento-tecnologia-de-bioprocesos\/filtracion-de-flujo-tangencial\/filtracion-de-flujo-tangencial-eprod-52356\/\" target=\"_blank\" rel=\"noopener\"><img decoding=\"async\" src=\"https:\/\/www.tecnic.eu\/wp-content\/uploads\/2023\/11\/taula-tff-eprod.jpg\" alt=\"eprod tff\" title=\"\"><\/a> <a target=\"_blank\" rel=\"noopener\"><img decoding=\"async\" src=\"https:\/\/www.tecnic.eu\/wp-content\/uploads\/\/logos_equips_2024-TR_eprod-tff.svg\" alt=\"eprod tff loho\" title=\"\"><\/a> <a href=\"https:\/\/www.tecnic.eu\/es\/equipamiento-tecnologia-de-bioprocesos\/filtracion-de-flujo-tangencial\/filtracion-de-flujo-tangencial-eprod-52356\/\" target=\"_black\" rel=\"noopener\">  M\u00e1s informaci\u00f3n \u21c0  <\/a>  Cassette: 6,84-34,2 Fibra hueca: 12,1-36,3 Superficie filtrante (m\u00b2) 520 Peso (kg) 500 Volumen de trabajo (L) Totalmente autom\u00e1tico Sistema Acero inoxidable Material de la carcasa Acero inoxidable &#8211; Material del recipiente 30 Recirculaci\u00f3n (m\u00b3\/h) Filtraci\u00f3n Microfiltraci\u00f3n Ultrafiltraci\u00f3n Nanofiltraci\u00f3n Fijo: 230 Variable: 190 Velocidad de la bomba (rpm) 400VAC | 50Hz | 53A Suministro el\u00e9ctrico  <a href=\"https:\/\/www.tecnic.eu\/wp-admin\/admin.php?page=ninja_tables#\/table_builder_edit_table\/46703\">Editar tabla<\/a><\/p>\n<h2>Nuestro equipo de ventas est\u00e1 preparado para ayudarte con los detalles m\u00e1s t\u00e9cnicos.<\/h2>\n<p>  Conecta hoy mismo con nuestro equipo. Tanto si tienes preguntas concretas como si est\u00e1s empezando a explorar, estamos aqu\u00ed para guiarte y ayudarte<a title=\"\" href=\"https:\/\/www.tecnic.eu\/es\/contacto\/\" target=\"_blank\" rel=\"noopener\">.Contacta con nosotros \u21c0Obt\u00e9n<\/a><a title=\"\">un presupuesto \u21c0<\/a><br \/>\n<a title=\"\" href=\"https:\/\/www.tecnic.eu\/supplies\/bioprocess-bag\/ebag-tff\/\"><img decoding=\"async\" src=\"https:\/\/www.tecnic.eu\/wp-content\/uploads\/\/TFF.svg\" alt=\"\" title=\"\"><\/a><a title=\"\" href=\"https:\/\/www.tecnic.eu\/supplies\/bioprocess-bag\/ebag-tff\/\">.path{fill:none;stroke:#333;stroke-miterlimit:10;stroke-width:1.5px;}<\/a><a title=\"\" href=\"https:\/\/www.tecnic.eu\/supplies\/bioprocess-bag\/ebag-tff\/\" target=\"_blank\" rel=\"noopener\">M\u00e1s informaci\u00f3n \u21c0<\/a><br \/>\n<a title=\"\" href=\"https:\/\/www.tecnic.eu\/supplies\/bioprocess-bag\/ebag-tff\/\"><img decoding=\"async\" src=\"https:\/\/www.tecnic.eu\/wp-content\/uploads\/2024\/01\/ebag-2d-tff.jpg\" alt=\"\" title=\"\"><\/a><a title=\"\" href=\"https:\/\/www.tecnic.eu\/supplies\/bioprocess-bag\/ebag-tff\/\">.path{fill:none;stroke:#333;stroke-miterlimit:10;stroke-width:1.5px;}<\/a><br \/>\n<a title=\"\" href=\"\/es\/?page_id=52361\"><img decoding=\"async\" src=\"https:\/\/www.tecnic.eu\/wp-content\/uploads\/\/logos_equips_2024-TR_elab-advanced.svg\" alt=\"Logotipo del equipo de laboratorio elab, elab es verde y todas las dem\u00e1s palabras son negras\" title=\"\"><\/a><a title=\"\" href=\"\/es\/?page_id=52361\">.path{fill:none;stroke:#333;stroke-miterlimit:10;stroke-width:1.5px;}<\/a><a title=\"\" href=\"\/es\/?page_id=52361\" target=\"_blank\" rel=\"noopener\">M\u00e1s informaci\u00f3n \u21c0<\/a><br \/>\n<a title=\"\" href=\"\/es\/?page_id=52361\"><img decoding=\"async\" src=\"https:\/\/www.tecnic.eu\/wp-content\/uploads\/2024\/01\/elab-advanced-footer.jpg\" alt=\"\" title=\"\"><\/a><a title=\"\" href=\"\/es\/?page_id=52361\">.path{fill:none;stroke:#333;stroke-miterlimit:10;stroke-width:1.5px;}<\/a><br \/>\n<a title=\"\" href=\"https:\/\/www.tecnic.eu\/es\/equipamiento-tecnologia-de-bioprocesos\/eplus\/mezclador-eplus-su\/\"><img decoding=\"async\" src=\"https:\/\/www.tecnic.eu\/wp-content\/uploads\/\/ePLUS-SUMTANK.svg\" alt=\"Logotipo de la mezcladora de un solo uso ePlus, ePlus es verde y todas las dem\u00e1s palabras son negras\" title=\"\"><\/a><a title=\"\" href=\"https:\/\/www.tecnic.eu\/es\/equipamiento-tecnologia-de-bioprocesos\/eplus\/mezclador-eplus-su\/\">.path{fill:none;stroke:#333;stroke-miterlimit:10;stroke-width:1.5px;}<\/a><a title=\"\" href=\"https:\/\/www.tecnic.eu\/es\/equipamiento-tecnologia-de-bioprocesos\/eplus\/mezclador-eplus-su\/\" target=\"_blank\" rel=\"noopener\">M\u00e1s informaci\u00f3n \u21c0<\/a><br \/>\n<a title=\"\" href=\"https:\/\/www.tecnic.eu\/es\/equipamiento-tecnologia-de-bioprocesos\/eplus\/mezclador-eplus-su\/\"><img decoding=\"async\" src=\"https:\/\/www.tecnic.eu\/wp-content\/uploads\/2024\/01\/bloc-epilot-sum-tank.png\" alt=\"\" title=\"\"><\/a><a title=\"\" href=\"https:\/\/www.tecnic.eu\/es\/equipamiento-tecnologia-de-bioprocesos\/eplus\/mezclador-eplus-su\/\">.path{fill:none;stroke:#333;stroke-miterlimit:10;stroke-width:1.5px;}<\/a><\/p>\n","protected":false},"excerpt":{"rendered":"<p>Descubre el eLAB TFF SU de TECNIC, un sistema de filtraci\u00f3n de un solo uso que mejora la seguridad en el laboratorio, facilita el trabajo en entornos controlados y simplifica los bioprocesos downstream.<\/p>\n","protected":false},"author":1,"featured_media":51906,"parent":52346,"menu_order":36,"comment_status":"closed","ping_status":"closed","template":"","meta":{"inline_featured_image":false,"footnotes":""},"class_list":["post-52360","page","type-page","status-publish","has-post-thumbnail","hentry"],"_links":{"self":[{"href":"https:\/\/www.tecnic.eu\/es\/wp-json\/wp\/v2\/pages\/52360","targetHints":{"allow":["GET"]}}],"collection":[{"href":"https:\/\/www.tecnic.eu\/es\/wp-json\/wp\/v2\/pages"}],"about":[{"href":"https:\/\/www.tecnic.eu\/es\/wp-json\/wp\/v2\/types\/page"}],"author":[{"embeddable":true,"href":"https:\/\/www.tecnic.eu\/es\/wp-json\/wp\/v2\/users\/1"}],"replies":[{"embeddable":true,"href":"https:\/\/www.tecnic.eu\/es\/wp-json\/wp\/v2\/comments?post=52360"}],"version-history":[{"count":0,"href":"https:\/\/www.tecnic.eu\/es\/wp-json\/wp\/v2\/pages\/52360\/revisions"}],"up":[{"embeddable":true,"href":"https:\/\/www.tecnic.eu\/es\/wp-json\/wp\/v2\/pages\/52346"}],"wp:featuredmedia":[{"embeddable":true,"href":"https:\/\/www.tecnic.eu\/es\/wp-json\/wp\/v2\/media\/51906"}],"wp:attachment":[{"href":"https:\/\/www.tecnic.eu\/es\/wp-json\/wp\/v2\/media?parent=52360"}],"curies":[{"name":"wp","href":"https:\/\/api.w.org\/{rel}","templated":true}]}}