{"id":52367,"date":"2023-08-08T05:21:50","date_gmt":"2023-08-08T03:21:50","guid":{"rendered":"https:\/\/www.tecnic.eu\/equipamiento-tecnologia-de-bioprocesos\/"},"modified":"2026-03-23T13:08:55","modified_gmt":"2026-03-23T12:08:55","slug":"equipamiento-tecnologia-de-bioprocesos","status":"publish","type":"page","link":"https:\/\/www.tecnic.eu\/es\/equipamiento-tecnologia-de-bioprocesos\/","title":{"rendered":"Equipos para bioprocesos"},"content":{"rendered":"<h1>Tecnolog\u00eda de bioprocesos<\/h1>\n<h2>Tecnolog\u00eda de bioprocesos para mejorar la calidad y la eficacia de los productos biofarmac\u00e9uticos<\/h2>\n<p>Optimiza tus aplicaciones de bioprocesos con nuestras soluciones, garantizando una puesta en marcha sin problemas y la eficacia del flujo de trabajo. Nuestra tecnolog\u00eda de bioprocesos abarca desde equipos especializados dise\u00f1ados para aplicaciones de laboratorio, como biorreactores y sistemas de filtraci\u00f3n de flujo tangencial, hasta soluciones escalables que satisfacen las exigencias de la producci\u00f3n a gran escala, garantizando una transici\u00f3n sin problemas de la investigaci\u00f3n al mercado.<br \/>\nAdem\u00e1s, mediante pruebas rigurosas de nuestra tecnolog\u00eda de bioprocesos, garantizamos la fiabilidad y consistencia del producto. Como resultado, este enfoque no s\u00f3lo mejora la eficacia de tu producci\u00f3n, sino que tambi\u00e9n desempe\u00f1a un papel crucial en la aceleraci\u00f3n del desarrollo cl\u00ednico y la reducci\u00f3n significativa de los costes.  <\/p>\n<h3>Escala de laboratorio<\/h3>\n<p>0,5 a 10 L | 0,1 a 0,5 m\u00b2<img decoding=\"async\" src=\"https:\/\/www.tecnic.eu\/wp-content\/uploads\/\/Logo_elab_essential.svg\" alt=\"\" title=\"\"><br \/>\n<a href=\"https:\/\/www.tecnic.eu\/bioprocess-technology\/bioreactors\/elab-essential\/\" title=\"\"><img decoding=\"async\" src=\"https:\/\/www.tecnic.eu\/wp-content\/uploads\/2024\/03\/elab-essential_w2.webp\" alt=\"soluciones para bioprocesos - biorreactor essential - equipos de laboratorio - tecnolog\u00eda de bioprocesos\" title=\"\"><\/a><a href=\"https:\/\/www.tecnic.eu\/bioprocess-technology\/bioreactors\/elab-essential\/\" title=\"\">.path{fill:none;stroke:#333;stroke-miterlimit:10;stroke-width:1,5px;}<\/a><br \/>\nBiorreactor de 0,5 L a 5 LM\u00e1s<a href=\"https:\/\/www.tecnic.eu\/bioprocess-technology\/bioreactors\/elab-essential\/\" title=\"\">informaci\u00f3n<\/a><br \/>\n<img decoding=\"async\" src=\"https:\/\/www.tecnic.eu\/wp-content\/uploads\/\/Logo_elab_advanced.svg\" alt=\"\" title=\"\"><br \/>\n<a href=\"https:\/\/www.tecnic.eu\/bioprocess-technology\/bioreactors\/laboratory-bioreactor\/\" title=\"\"><img decoding=\"async\" src=\"https:\/\/www.tecnic.eu\/wp-content\/uploads\/2024\/03\/elab-advanced_w1.webp\" alt=\"soluciones para bioprocesos - biorreactor advanced - equipos de laboratorio\" title=\"\"><\/a><a href=\"https:\/\/www.tecnic.eu\/bioprocess-technology\/bioreactors\/laboratory-bioreactor\/\" title=\"\">.path{fill:none;stroke:#333;stroke-miterlimit:10;stroke-width:1.5px;}<\/a><br \/>\nBiorreactor de 1 L a 10 LM\u00e1s<a href=\"https:\/\/www.tecnic.eu\/bioprocess-technology\/bioreactors\/laboratory-bioreactor\/\" title=\"\">informaci\u00f3n<\/a><br \/>\n<img decoding=\"async\" src=\"https:\/\/www.tecnic.eu\/wp-content\/uploads\/\/Logo_elab_tff.svg\" alt=\"\" title=\"\"><br \/>\n<a href=\"https:\/\/www.tecnic.eu\/bioprocess-technology\/tangential-flow-filtration\/laboratory-filtration\/\" title=\"\"><img decoding=\"async\" src=\"https:\/\/www.tecnic.eu\/wp-content\/uploads\/2024\/03\/elab-tff_w1.webp\" alt=\"soluciones para bioprocesos - elab tff - equipos de laboratorio\" title=\"\"><\/a><a href=\"https:\/\/www.tecnic.eu\/bioprocess-technology\/tangential-flow-filtration\/laboratory-filtration\/\" title=\"\">.path{fill:none;stroke:#333;stroke-miterlimit:10;stroke-width:1,5px;}<\/a><br \/>\nTFF de 0,1 a 0,5 m\u00b2M\u00e1s<a href=\"https:\/\/www.tecnic.eu\/bioprocess-technology\/tangential-flow-filtration\/laboratory-filtration\/\" title=\"\">informaci\u00f3n<\/a><br \/>\n<img decoding=\"async\" src=\"https:\/\/www.tecnic.eu\/wp-content\/uploads\/\/Logo_elab_tff_su.svg\" alt=\"\" title=\"\"><br \/>\n<a href=\"https:\/\/www.tecnic.eu\/bioprocess-technology\/tangential-flow-filtration\/tff-su\/\" title=\"\"><img decoding=\"async\" src=\"https:\/\/www.tecnic.eu\/wp-content\/uploads\/2024\/03\/elab-tff-su_w1.webp\" alt=\"soluciones para bioprocesos - elab tff su - equipos de laboratorio\" title=\"\"><\/a><a href=\"https:\/\/www.tecnic.eu\/bioprocess-technology\/tangential-flow-filtration\/tff-su\/\" title=\"\">.path{fill:none;stroke:#333;stroke-miterlimit:10;stroke-width:1.5px;}<\/a><br \/>\nTFF Uso \u00fanico hasta 0,7 m\u00b2M\u00e1s<a href=\"https:\/\/www.tecnic.eu\/bioprocess-technology\/tangential-flow-filtration\/tff-su\/\" title=\"\">informaci\u00f3n<\/a><\/p>\n<h3>Escala piloto <\/h3>\n<p>10 a 50 L | 0,5 a 2,5 m\u00b2<img decoding=\"async\" src=\"https:\/\/www.tecnic.eu\/wp-content\/uploads\/\/Logo_epilot_bioreactor.svg\" alt=\"\" title=\"\"><br \/>\n<a href=\"\/?page_id=46725\" title=\"\"><img decoding=\"async\" src=\"https:\/\/www.tecnic.eu\/wp-content\/uploads\/2024\/03\/epilot-br_w1.webp\" alt=\"biorreactores epilot - tecnolog\u00eda de bioprocesos - planta piloto\" title=\"\"><\/a><a href=\"\/?page_id=46725\" title=\"\">.path{fill:none;stroke:#333;stroke-miterlimit:10;stroke-width:1.5px;}<\/a><br \/>\nBiorreactor de 10 L a 50 LM\u00e1s<a href=\"\/?page_id=46725\" title=\"\">informaci\u00f3n<\/a><br \/>\n<img decoding=\"async\" src=\"https:\/\/www.tecnic.eu\/wp-content\/uploads\/\/Logo_epilot_bioreactor_su.svg\" alt=\"\" title=\"\"><br \/>\n<a href=\"https:\/\/www.tecnic.eu\/bioprocess-technology\/bioreactors\/bioreactor-single-use\/\" title=\"\"><img decoding=\"async\" src=\"https:\/\/www.tecnic.eu\/wp-content\/uploads\/2024\/03\/epilot-br-su_w1.webp\" alt=\"biorreactores epilot su - tecnolog\u00eda de bioprocesos - planta piloto\" title=\"\"><\/a><a href=\"https:\/\/www.tecnic.eu\/bioprocess-technology\/bioreactors\/bioreactor-single-use\/\" title=\"\">.path{fill:none;stroke:#333;stroke-miterlimit:10;stroke-width:1.5px;}<\/a><br \/>\nBiorreactor piloto SU <a href=\"https:\/\/www.tecnic.eu\/bioprocess-technology\/bioreactors\/bioreactor-single-use\/\" title=\"\">M\u00e1s informaci\u00f3n<\/a><br \/>\n<img decoding=\"async\" src=\"https:\/\/www.tecnic.eu\/wp-content\/uploads\/\/Logo_epilot_tff.svg\" alt=\"\" title=\"\"><br \/>\n<a href=\"https:\/\/www.tecnic.eu\/bioprocess-technology\/tangential-flow-filtration\/pilot-filtration\/\" title=\"\"><img decoding=\"async\" src=\"https:\/\/www.tecnic.eu\/wp-content\/uploads\/2024\/03\/epilot-tff_w1.webp\" alt=\"epilot tff - tecnolog\u00eda de bioprocesos - planta piloto\" title=\"\"><\/a><a href=\"https:\/\/www.tecnic.eu\/bioprocess-technology\/tangential-flow-filtration\/pilot-filtration\/\" title=\"\">.path{fill:none;stroke:#333;stroke-miterlimit:10;stroke-width:1.5px;}<\/a><br \/>\nTFF hasta 6,5 m\u00b2M\u00e1s<a href=\"https:\/\/www.tecnic.eu\/bioprocess-technology\/tangential-flow-filtration\/pilot-filtration\/\" title=\"\">informaci\u00f3n<\/a><\/p>\n<h3>Escala de producci\u00f3n<\/h3>\n<p>100 a 4000 L | 7 a 65 m\u00b2<img decoding=\"async\" src=\"https:\/\/www.tecnic.eu\/wp-content\/uploads\/\/Logo_eprod_bioreactor.svg\" alt=\"\" title=\"\"><br \/>\n<a href=\"https:\/\/www.tecnic.eu\/bioprocess-technology\/bioreactors\/industrial-bioreactor\/\" title=\"\"><img decoding=\"async\" src=\"https:\/\/www.tecnic.eu\/wp-content\/uploads\/2024\/03\/eprod-br_w1.webp\" alt=\"biorreactores eprod - tecnolog\u00eda de bioprocesos - escala de producci\u00f3n\" title=\"\"><\/a><a href=\"https:\/\/www.tecnic.eu\/bioprocess-technology\/bioreactors\/industrial-bioreactor\/\" title=\"\">.path{fill:none;stroke:#333;stroke-miterlimit:10;stroke-width:1.5px;}<\/a><br \/>\nBiorreactor de 100 L a 4000 LM\u00e1s<a href=\"https:\/\/www.tecnic.eu\/bioprocess-technology\/bioreactors\/industrial-bioreactor\/\" title=\"\">informaci\u00f3n<\/a><br \/>\n<img decoding=\"async\" src=\"https:\/\/www.tecnic.eu\/wp-content\/uploads\/\/Logo_eprod_bioreactor_su.svg\" alt=\"\" title=\"\"><br \/>\n<a href=\"https:\/\/www.tecnic.eu\/bioprocess-technology\/bioreactors\/industrial-single-use-bioreactor\/\" title=\"\"><img decoding=\"async\" src=\"https:\/\/www.tecnic.eu\/wp-content\/uploads\/2024\/03\/eprod-su_w1.webp\" alt=\"biorreactores eprod su - tecnolog\u00eda de bioprocesos - escala de producci\u00f3n - tecnolog\u00eda de bioprocesos\" title=\"\"><\/a><a href=\"https:\/\/www.tecnic.eu\/bioprocess-technology\/bioreactors\/industrial-single-use-bioreactor\/\" title=\"\">.path{fill:none;stroke:#333;stroke-miterlimit:10;stroke-width:1.5px;}<\/a><br \/>\nBiorreactor de producci\u00f3n<a href=\"https:\/\/www.tecnic.eu\/bioprocess-technology\/bioreactors\/industrial-single-use-bioreactor\/\" title=\"\">SU M\u00e1s informaci\u00f3n<\/a><br \/>\n<img decoding=\"async\" src=\"https:\/\/www.tecnic.eu\/wp-content\/uploads\/\/Logo_eprod_tff.svg\" alt=\"\" title=\"\"><br \/>\n<a href=\"https:\/\/www.tecnic.eu\/bioprocess-technology\/tangential-flow-filtration\/industrial-filtration\/\" title=\"\"><img decoding=\"async\" src=\"https:\/\/www.tecnic.eu\/wp-content\/uploads\/2024\/03\/eprod-tff_w1.webp\" alt=\"eprod tff - equipos de bioproceso - escala de producci\u00f3n\" title=\"\"><\/a><a href=\"https:\/\/www.tecnic.eu\/bioprocess-technology\/tangential-flow-filtration\/industrial-filtration\/\" title=\"\">.path{fill:none;stroke:#333;stroke-miterlimit:10;stroke-width:1.5px;}<\/a><br \/>\nTFF hasta 65 m\u00b2 <a href=\"https:\/\/www.tecnic.eu\/bioprocess-technology\/tangential-flow-filtration\/industrial-filtration\/\" title=\"\">M\u00e1s informaci\u00f3n<\/a><\/p>\n<h3>Tecnolog\u00eda de bioprocesos ePLUS\u00ae<\/h3>\n<p>Dise\u00f1ado para mejorar nuestras soluciones de bioprocesos<img decoding=\"async\" src=\"https:\/\/www.tecnic.eu\/wp-content\/uploads\/\/Logo_eplus_sum_tank.svg\" alt=\"\" title=\"\"><br \/>\n<a href=\"https:\/\/www.tecnic.eu\/bioprocess-technology\/eplus-bioprocess-solutions\/single-use-mixer\/\" title=\"\"><img decoding=\"async\" src=\"https:\/\/www.tecnic.eu\/wp-content\/uploads\/2024\/03\/eplus_esum_w1.webp\" alt=\"eplus sum - equipo de bioproceso\" title=\"\"><\/a><a href=\"https:\/\/www.tecnic.eu\/bioprocess-technology\/eplus-bioprocess-solutions\/single-use-mixer\/\" title=\"\">.path{fill:none;stroke:#333;stroke-miterlimit:10;stroke-width:1.5px;}<\/a><br \/>\nAlmacenamiento y mezclaM\u00e1s<a href=\"https:\/\/www.tecnic.eu\/bioprocess-technology\/eplus-bioprocess-solutions\/single-use-mixer\/\" title=\"\">informaci\u00f3n<\/a><br \/>\n<img decoding=\"async\" src=\"https:\/\/www.tecnic.eu\/wp-content\/uploads\/\/Logo__eplus_cip.svg\" alt=\"\" title=\"\"><br \/>\n<a href=\"https:\/\/www.tecnic.eu\/bioprocess-technology\/eplus-bioprocess-solutions\/clean-in-place\/\" title=\"\"><img decoding=\"async\" src=\"https:\/\/www.tecnic.eu\/wp-content\/uploads\/2024\/03\/eplus__cip_w1.webp\" alt=\"eplus cip - tecnolog\u00eda de bioprocesos\" title=\"\"><\/a><a href=\"https:\/\/www.tecnic.eu\/bioprocess-technology\/eplus-bioprocess-solutions\/clean-in-place\/\" title=\"\">.path{fill:none;stroke:#333;stroke-miterlimit:10;stroke-width:1.5px;}<\/a><br \/>\nSistema de limpieza M\u00e1s<a href=\"https:\/\/www.tecnic.eu\/bioprocess-technology\/eplus-bioprocess-solutions\/clean-in-place\/\" title=\"\">informaci\u00f3n<\/a><br \/>\n<img decoding=\"async\" src=\"https:\/\/www.tecnic.eu\/wp-content\/uploads\/\/Logo_eplus_media_preparation.svg\" alt=\"\" title=\"\"><br \/>\n<a href=\"https:\/\/www.tecnic.eu\/bioprocess-technology\/eplus-bioprocess-solutions\/media-preparation\/\" title=\"\"><img decoding=\"async\" src=\"https:\/\/www.tecnic.eu\/wp-content\/uploads\/2024\/03\/eplus__mp_w1.webp\" alt=\"eplus media preparation - tecnolog\u00eda de bioprocesos\" title=\"\"><\/a><a href=\"https:\/\/www.tecnic.eu\/bioprocess-technology\/eplus-bioprocess-solutions\/media-preparation\/\" title=\"\">.path{fill:none;stroke:#333;stroke-miterlimit:10;stroke-width:1.5px;}<\/a><br \/>\nSoluciones de mezcla y almacenamientoM\u00e1s<a href=\"https:\/\/www.tecnic.eu\/bioprocess-technology\/eplus-bioprocess-solutions\/media-preparation\/\" title=\"\">informaci\u00f3n<\/a><br \/>\n<img decoding=\"async\" src=\"https:\/\/www.tecnic.eu\/wp-content\/uploads\/\/Logo_eplus_buffer.svg\" alt=\"\" title=\"\"><br \/>\n<a href=\"https:\/\/www.tecnic.eu\/bioprocess-technology\/eplus-bioprocess-solutions\/buffer\/\" title=\"\"><img decoding=\"async\" src=\"https:\/\/www.tecnic.eu\/wp-content\/uploads\/2024\/03\/eplus_buffer_w1.webp\" alt=\"eplus buffer - tecnolog\u00eda de bioprocesos\" title=\"\"><\/a><a href=\"https:\/\/www.tecnic.eu\/bioprocess-technology\/eplus-bioprocess-solutions\/buffer\/\" title=\"\">.path{fill:none;stroke:#333;stroke-miterlimit:10;stroke-width:1.5px;}<\/a><br \/>\nRegular y estabilizar la temperaturaM\u00e1s<a href=\"https:\/\/www.tecnic.eu\/bioprocess-technology\/eplus-bioprocess-solutions\/buffer\/\" title=\"\">informaci\u00f3n<\/a><br \/>\n<img decoding=\"async\" src=\"https:\/\/www.tecnic.eu\/wp-content\/uploads\/\/Logo_eplus_dts.svg\" alt=\"\" title=\"\"><br \/>\n<a href=\"https:\/\/www.tecnic.eu\/bioprocess-technology\/eplus-bioprocess-solutions\/shell-and-tube-heat-exchanger\/\" title=\"\"><img decoding=\"async\" src=\"https:\/\/www.tecnic.eu\/wp-content\/uploads\/2024\/03\/eplus__dts_w1.webp\" alt=\"eplus dts - tecnolog\u00eda de bioprocesos\" title=\"\"><\/a><a href=\"https:\/\/www.tecnic.eu\/bioprocess-technology\/eplus-bioprocess-solutions\/shell-and-tube-heat-exchanger\/\" title=\"\">.path{fill:none;stroke:#333;stroke-miterlimit:10;stroke-width:1.5px;}<\/a><br \/>\nIntercambiador de calor de carcasaM\u00e1s<a href=\"https:\/\/www.tecnic.eu\/bioprocess-technology\/eplus-bioprocess-solutions\/shell-and-tube-heat-exchanger\/\" title=\"\">informaci\u00f3n<\/a><\/p>\n<h2>Suministros para bioprocesos<\/h2>\n<h5>Echa un vistazo a nuestra gama completa de suministros<\/h5>\n<p><a href=\"https:\/\/www.tecnic.eu\/supplies\/\" title=\"\">eBAG\u00ae | Flowkits | Reactores<\/a><a href=\"https:\/\/www.tecnic.eu\/supplies\/\" title=\"\">Suministros para bioprocesos <\/a><br \/>\n<a href=\"https:\/\/www.tecnic.eu\/supplies\/\" title=\"\"><img decoding=\"async\" src=\"https:\/\/www.tecnic.eu\/wp-content\/uploads\/2024\/03\/components-home_w7.jpg\" alt=\"Tecnolog\u00eda de bioprocesos - soluciones de un solo uso\" title=\"\"><\/a><a href=\"https:\/\/www.tecnic.eu\/supplies\/\" title=\"\">.path{fill:none;stroke:#333;stroke-miterlimit:10;stroke-width:1.5px;}<\/a><\/p>\n","protected":false},"excerpt":{"rendered":"<p>Descubre los equipos para bioprocesos de TECNIC. Una gama de biorreactores y sistemas TFF pensada para dar soporte a distintas aplicaciones.<\/p>\n","protected":false},"author":1,"featured_media":53818,"parent":0,"menu_order":20,"comment_status":"closed","ping_status":"closed","template":"","meta":{"inline_featured_image":false,"footnotes":""},"class_list":["post-52367","page","type-page","status-publish","has-post-thumbnail","hentry"],"_links":{"self":[{"href":"https:\/\/www.tecnic.eu\/es\/wp-json\/wp\/v2\/pages\/52367","targetHints":{"allow":["GET"]}}],"collection":[{"href":"https:\/\/www.tecnic.eu\/es\/wp-json\/wp\/v2\/pages"}],"about":[{"href":"https:\/\/www.tecnic.eu\/es\/wp-json\/wp\/v2\/types\/page"}],"author":[{"embeddable":true,"href":"https:\/\/www.tecnic.eu\/es\/wp-json\/wp\/v2\/users\/1"}],"replies":[{"embeddable":true,"href":"https:\/\/www.tecnic.eu\/es\/wp-json\/wp\/v2\/comments?post=52367"}],"version-history":[{"count":0,"href":"https:\/\/www.tecnic.eu\/es\/wp-json\/wp\/v2\/pages\/52367\/revisions"}],"wp:featuredmedia":[{"embeddable":true,"href":"https:\/\/www.tecnic.eu\/es\/wp-json\/wp\/v2\/media\/53818"}],"wp:attachment":[{"href":"https:\/\/www.tecnic.eu\/es\/wp-json\/wp\/v2\/media?parent=52367"}],"curies":[{"name":"wp","href":"https:\/\/api.w.org\/{rel}","templated":true}]}}