{"id":52370,"date":"2023-08-04T10:01:20","date_gmt":"2023-08-04T08:01:20","guid":{"rendered":"https:\/\/www.tecnic.eu\/suministros\/"},"modified":"2026-03-23T14:37:47","modified_gmt":"2026-03-23T13:37:47","slug":"suministros","status":"publish","type":"page","link":"https:\/\/www.tecnic.eu\/es\/suministros\/","title":{"rendered":"Suministros"},"content":{"rendered":"<h1>Suministros para bioprocesos<\/h1>\n<h2>Suministros de un solo uso para biorreactores y filtraciones de flujo tangencial<\/h2>\n<p>Nuestros biorreactores de un solo uso y suministros de filtraci\u00f3n de flujo tangencial se fabrican en instalaciones de sala blanca ISO 7, lo que garantiza bolsas de bioprocesamiento y farmac\u00e9uticas de alta calidad que cumplen las estrictas normas industriales de esterilidad y fiabilidad. Nuestro equipo supervisa de cerca cada fase de producci\u00f3n, garantizando el cumplimiento de estas normas.<br \/>\nNuestros productos est\u00e1n dise\u00f1ados para mejorar los procesos y reducir los costes, lo que demuestra nuestro compromiso de ofrecer productos excelentes a nuestros clientes. Esto incluye nuestra gama de bolsas 2D para tareas sencillas de almacenamiento y filtraci\u00f3n, bolsas 3D para mezclas y almacenamiento complejos, y reactores que permiten pasar de la investigaci\u00f3n a la producci\u00f3n con eficacia.  <\/p>\n<h3>Bolsas 2D para Bioprocesos<\/h3>\n<p>Suministros fabricados con precisi\u00f3n y atenci\u00f3n al detalle<img decoding=\"async\" src=\"https:\/\/www.tecnic.eu\/wp-content\/uploads\/\/ebag2d-storage.svg\" alt=\"ebag 2d storage supplies logo, eplus es verde y 2d storage es negro.\" title=\"\"><br \/>\n<a title=\"\" href=\"https:\/\/www.tecnic.eu\/supplies\/bioprocess-bag\/ebag-2-storage\/\"><img decoding=\"async\" src=\"https:\/\/www.tecnic.eu\/wp-content\/uploads\/2024\/03\/ebags-2d-st_w2.webp\" alt=\"bolsa 2d st - suministros\" title=\"\"><\/a><a title=\"\" href=\"https:\/\/www.tecnic.eu\/supplies\/bioprocess-bag\/ebag-2-storage\/\">.path{fill:none;stroke:#333;stroke-miterlimit:10;stroke-width:1.5px;}<\/a><br \/>\n<a title=\"\" href=\"https:\/\/www.tecnic.eu\/supplies\/bioprocess-bag\/ebag-2-storage\/\">M\u00e1s informaci\u00f3n<\/a><br \/>\n<img decoding=\"async\" src=\"https:\/\/www.tecnic.eu\/wp-content\/uploads\/\/TFF.svg\" alt=\"\" title=\"\"><br \/>\n<a title=\"\" href=\"https:\/\/www.tecnic.eu\/supplies\/bioprocess-bag\/ebag-2-storage\/\"><img decoding=\"async\" src=\"https:\/\/www.tecnic.eu\/wp-content\/uploads\/2024\/03\/ebags-2d-tff_w2.webp\" alt=\"bolsa 2d tff - suministros\" title=\"\"><\/a><a title=\"\" href=\"https:\/\/www.tecnic.eu\/supplies\/bioprocess-bag\/ebag-2-storage\/\">.path{fill:none;stroke:#333;stroke-miterlimit:10;stroke-width:1.5px;}<\/a><br \/>\n<a title=\"\" href=\"https:\/\/www.tecnic.eu\/supplies\/bioprocess-bag\/ebag-2-storage\/\">M\u00e1s informaci\u00f3n<\/a><\/p>\n<h3>Bolsas 3D para Bioprocesos<\/h3>\n<p>Suministros con un dise\u00f1o pr\u00e1ctico y eficaz<img decoding=\"async\" src=\"https:\/\/www.tecnic.eu\/wp-content\/uploads\/\/ebag3d-open.svg\" alt=\"ebag 3d open suministros logo, eplus es verde y 3d open es negro\" title=\"\"><br \/>\n<a title=\"\" href=\"https:\/\/www.tecnic.eu\/supplies\/bioprocess-bag\/ebag-open\/\"><img loading=\"lazy\" decoding=\"async\" class=\"alignnone\" src=\"https:\/\/www.tecnic.eu\/wp-content\/uploads\/2024\/03\/ebags-3d-open_w2.webp\" alt=\"bolsa 3d abierta - suministros\" width=\"600\" height=\"600\" title=\"\"><\/a><a title=\"\" href=\"https:\/\/www.tecnic.eu\/supplies\/bioprocess-bag\/ebag-open\/\">.path{fill:none;stroke:#333;stroke-miterlimit:10;stroke-width:1.5px;}<\/a><br \/>\n<a title=\"\" href=\"https:\/\/www.tecnic.eu\/supplies\/bioprocess-bag\/ebag-open\/\">M\u00e1s informaci\u00f3n<\/a><br \/>\n<img decoding=\"async\" src=\"https:\/\/www.tecnic.eu\/wp-content\/uploads\/\/ebag3d-storage.svg\" alt=\"logo ebag 3d storage supplies, eplus es verde y 3d open es negro\" title=\"\"><br \/>\n<a title=\"\" href=\"https:\/\/www.tecnic.eu\/supplies\/bioprocess-bag\/ebag-storage\/\"><img decoding=\"async\" src=\"https:\/\/www.tecnic.eu\/wp-content\/uploads\/2024\/03\/ebags-3d-st_w2.webp\" alt=\"bolsa 3d st - suministros\" title=\"\"><\/a><a title=\"\" href=\"https:\/\/www.tecnic.eu\/supplies\/bioprocess-bag\/ebag-storage\/\">.path{fill:none;stroke:#333;stroke-miterlimit:10;stroke-width:1.5px;}<\/a><br \/>\n<a title=\"\" href=\"https:\/\/www.tecnic.eu\/supplies\/bioprocess-bag\/ebag-storage\/\">M\u00e1s informaci\u00f3n<\/a><br \/>\n<img decoding=\"async\" src=\"https:\/\/www.tecnic.eu\/wp-content\/uploads\/\/ebag3d-str.svg\" alt=\"Logotipo de ebag 3d STR: eplus es verde y 3d STR es negro\" title=\"\"><br \/>\n<a title=\"\" href=\"https:\/\/www.tecnic.eu\/supplies\/bioprocess-bag\/ebag-str\/\"><img decoding=\"async\" src=\"https:\/\/www.tecnic.eu\/wp-content\/uploads\/2024\/03\/ebags-3d-str.webp\" alt=\"bolsa 3d str - suministros\" title=\"\"><\/a><a title=\"\" href=\"https:\/\/www.tecnic.eu\/supplies\/bioprocess-bag\/ebag-str\/\">.path{fill:none;stroke:#333;stroke-miterlimit:10;stroke-width:1.5px;}<\/a><br \/>\n<a title=\"\" href=\"https:\/\/www.tecnic.eu\/supplies\/bioprocess-bag\/ebag-str\/\">M\u00e1s informaci\u00f3n<\/a><br \/>\n<img decoding=\"async\" src=\"https:\/\/www.tecnic.eu\/wp-content\/uploads\/\/ebag3d-tank.svg\" alt=\"ebag 3d tank suministra el logotipo, eplus es verde y 3d tank es negro\" title=\"\"><br \/>\n<a title=\"\" href=\"https:\/\/www.tecnic.eu\/supplies\/bioprocess-bag\/ebag-tank\/\"><img decoding=\"async\" src=\"https:\/\/www.tecnic.eu\/wp-content\/uploads\/2024\/03\/ebags-3d-tank_w2.webp\" alt=\"bolsa 3d tanque - suministros\" title=\"\"><\/a><a title=\"\" href=\"https:\/\/www.tecnic.eu\/supplies\/bioprocess-bag\/ebag-tank\/\">.path{fill:none;stroke:#333;stroke-miterlimit:10;stroke-width:1.5px;}<\/a><br \/>\n<a title=\"\" href=\"https:\/\/www.tecnic.eu\/supplies\/bioprocess-bag\/ebag-tank\/\">M\u00e1s informaci\u00f3n<\/a><\/p>\n<h3>Suministros para biorreactores<\/h3>\n<p>Soluciones vers\u00e1tiles para diversas necesidades de bioprocesamiento<\/p>\n<h2>Single Use<\/h2>\n<p><a title=\"\" href=\"https:\/\/www.tecnic.eu\/supplies\/bioreactor-vessels\/single-use-vessel\/\"><img decoding=\"async\" src=\"https:\/\/www.tecnic.eu\/wp-content\/uploads\/2024\/03\/vessel-su_w1.webp\" alt=\"reactor de un solo uso - suministros\" title=\"\"><\/a><a title=\"\" href=\"https:\/\/www.tecnic.eu\/supplies\/bioreactor-vessels\/single-use-vessel\/\">.path{fill:none;stroke:#333;stroke-miterlimit:10;stroke-width:1,5px;}<\/a><br \/>\nDe 0,5 a 5LM\u00e1s<a title=\"\" href=\"https:\/\/www.tecnic.eu\/supplies\/bioreactor-vessels\/single-use-vessel\/\">informaci\u00f3n<\/a><\/p>\n<h2>Acero inoxidable<\/h2>\n<p><a title=\"\" href=\"\/?page_id=47245\"><img decoding=\"async\" src=\"https:\/\/www.tecnic.eu\/wp-content\/uploads\/2024\/03\/vessel-steel_w1.webp\" alt=\"reactor de acero - recipiente biorreactor - suministros\" title=\"\"><\/a><a title=\"\" href=\"\/?page_id=47245\">.path{fill:none;stroke:#333;stroke-miterlimit:10;stroke-width:1.5px;}<\/a><br \/>\nDe 2L a 10LM\u00e1s<a title=\"\" href=\"\/?page_id=47245\">informaci\u00f3n<\/a><\/p>\n<h2>Reactor de vidrio<\/h2>\n<p><a title=\"\" href=\"https:\/\/www.tecnic.eu\/supplies\/bioreactor-vessels\/glass-reactor\/\"><img decoding=\"async\" src=\"https:\/\/www.tecnic.eu\/wp-content\/uploads\/2024\/03\/vessel-glass_w1.webp\" alt=\"reactor de vidrio - recipiente biorreactor - suministros\" title=\"\"><\/a><a title=\"\" href=\"https:\/\/www.tecnic.eu\/supplies\/bioreactor-vessels\/glass-reactor\/\">.path{fill:none;stroke:#333;stroke-miterlimit:10;stroke-width:1.5px;}<\/a><br \/>\nDe 1L a 10LM\u00e1s<a title=\"\" href=\"https:\/\/www.tecnic.eu\/supplies\/bioreactor-vessels\/glass-reactor\/\">informaci\u00f3n<\/a><\/p>\n<h2>Sin camisa<\/h2>\n<p><a title=\"\" href=\"https:\/\/www.tecnic.eu\/supplies\/bioreactor-vessels\/non-jacketed-glass-reactor\/\"><img decoding=\"async\" src=\"https:\/\/www.tecnic.eu\/wp-content\/uploads\/2024\/03\/vessel-nj_w1.webp\" alt=\"reactor no encamisado - recipiente biorreactor - suministros\" title=\"\"><\/a><a title=\"\" href=\"https:\/\/www.tecnic.eu\/supplies\/bioreactor-vessels\/non-jacketed-glass-reactor\/\">.path{fill:none;stroke:#333;stroke-miterlimit:10;stroke-width:1.5px;}<\/a><br \/>\nDe 1L a 10LM\u00e1s<a title=\"\" href=\"https:\/\/www.tecnic.eu\/supplies\/bioreactor-vessels\/non-jacketed-glass-reactor\/\">informaci\u00f3n<\/a><\/p>\n<h2>Sala blanca ISO 7 interna con est\u00e1ndares single-use<\/h2>\n<p>El proceso de fabricaci\u00f3n de nuestros productos de bioprocesamiento de un solo uso, como el recipiente eBAG\u00ae 2D, 3D y SU, cumple estrictamente las rigurosas normas de una <a href=\"https:\/\/www.americancleanrooms.com\/es\/iso-7-cleanroom\/\" target=\"_blank\" rel=\"noopener\">sala blanca ISO 7<\/a> Esta clasificaci\u00f3n espec\u00edfica garantiza un entorno altamente controlado, caracterizado por un recuento m\u00e1ximo de part\u00edculas de 10.000 (\u2265 0,5 \u03bcm) por metro c\u00fabico de aire.<br \/>\nEste nivel de control es fundamental para garantizar la esterilidad y la calidad de nuestros productos, ya que reduce significativamente el riesgo de contaminaci\u00f3n microbiana y por part\u00edculas. Al adherirnos a estas normas, garantizamos que cada producto cumpla las altas expectativas de pureza y rendimiento requeridas en aplicaciones sensibles de bioprocesamiento, proporcionando a nuestros clientes soluciones biotecnol\u00f3gicas fiables y consistentes.<\/p>\n<p><img decoding=\"async\" src=\"https:\/\/www.tecnic.eu\/wp-content\/uploads\/2023\/11\/SingleUse_TECNIC1.jpg\" alt=\"Personas que trabajan en la fabricaci\u00f3n de bolsas para bioprocesos en una sala blanca iso 7.\" title=\"\"><\/p>\n<p><img decoding=\"async\" src=\"https:\/\/www.tecnic.eu\/wp-content\/uploads\/2023\/11\/bIOPHA.jpg\" alt=\"Dos personas cubiertas totalmente con ropa blanca trabajando en una sala blanca en una aplicaci\u00f3n cient\u00edfica.\" title=\"\"><br \/>\n<img decoding=\"async\" src=\"https:\/\/www.tecnic.eu\/wp-content\/uploads\/2023\/11\/Single-use-3.jpg\" alt=\"\" title=\"\"><br \/>\n<img decoding=\"async\" src=\"https:\/\/www.tecnic.eu\/wp-content\/uploads\/2023\/11\/SINGLE-USE-4.jpg\" alt=\"a trav\u00e9s de una ventana, se puede ver a gente en una planta de un solo uso trabajando\" title=\"\"><br \/>\n<img decoding=\"async\" src=\"https:\/\/www.tecnic.eu\/wp-content\/uploads\/2023\/11\/Single_USe3.jpg\" alt=\"personas que trabajan en una planta de un solo uso\" title=\"\"><\/p>\n<h2>Nuestro material<\/h2>\n<h3>Explora nuestra selecci\u00f3n de Equipos de Biotecnolog\u00eda<\/h3>\n<h4>eLAB\u00ae | ePILOT\u00ae | ePROD\u00ae | ePLUS<\/h4>\n<p><a title=\"{permalink: 46094}\" href=\"https:\/\/www.tecnic.eu\/bioprocess-technology\/\">Equipos de bioproceso<\/a><br \/>\n<img decoding=\"async\" src=\"https:\/\/www.tecnic.eu\/wp-content\/uploads\/2023\/12\/equips-escala_w2.jpg\" alt=\"equipo de escalabilidad\" title=\"\"><\/p>\n","protected":false},"excerpt":{"rendered":"<p>Suministros para bioprocesos de un solo uso, pensados para trabajar de forma eficiente en entornos biotecnol\u00f3gicos. Descubre nuestras bolsas 2D y 3D y los recipientes para biorreactores. <\/p>\n","protected":false},"author":1,"featured_media":0,"parent":0,"menu_order":51,"comment_status":"closed","ping_status":"closed","template":"","meta":{"inline_featured_image":false,"footnotes":""},"class_list":["post-52370","page","type-page","status-publish","hentry"],"_links":{"self":[{"href":"https:\/\/www.tecnic.eu\/es\/wp-json\/wp\/v2\/pages\/52370","targetHints":{"allow":["GET"]}}],"collection":[{"href":"https:\/\/www.tecnic.eu\/es\/wp-json\/wp\/v2\/pages"}],"about":[{"href":"https:\/\/www.tecnic.eu\/es\/wp-json\/wp\/v2\/types\/page"}],"author":[{"embeddable":true,"href":"https:\/\/www.tecnic.eu\/es\/wp-json\/wp\/v2\/users\/1"}],"replies":[{"embeddable":true,"href":"https:\/\/www.tecnic.eu\/es\/wp-json\/wp\/v2\/comments?post=52370"}],"version-history":[{"count":0,"href":"https:\/\/www.tecnic.eu\/es\/wp-json\/wp\/v2\/pages\/52370\/revisions"}],"wp:attachment":[{"href":"https:\/\/www.tecnic.eu\/es\/wp-json\/wp\/v2\/media?parent=52370"}],"curies":[{"name":"wp","href":"https:\/\/api.w.org\/{rel}","templated":true}]}}