{"id":52374,"date":"2023-11-22T11:14:05","date_gmt":"2023-11-22T10:14:05","guid":{"rendered":"https:\/\/www.tecnic.eu\/equipamiento-tecnologia-de-bioprocesos\/filtracion-de-flujo-tangencial\/filtracion-de-flujo-tangencial-epilot\/"},"modified":"2025-12-11T12:24:07","modified_gmt":"2025-12-11T11:24:07","slug":"filtracion-de-flujo-tangencial-epilot-52374","status":"publish","type":"page","link":"https:\/\/www.tecnic.eu\/es\/equipamiento-tecnologia-de-bioprocesos\/filtracion-de-flujo-tangencial\/filtracion-de-flujo-tangencial-epilot-52374\/","title":{"rendered":"Filtraci\u00f3n de Flujo Tangencial ePILOT"},"content":{"rendered":"<p><img decoding=\"async\" src=\"https:\/\/www.tecnic.eu\/wp-content\/uploads\/\/logos_equips_2024-TR_epilot-tff.svg\" alt=\"Logotipo de la filtraci\u00f3n ePilot, ePilot es verde y todas las dem\u00e1s palabras son negras\" title=\"\">  Filtraci\u00f3n piloto avanzada y escalable <a href=\"https:\/\/www.tecnic.eu\/es\/\">Inicio<\/a>&gt;<\/p>\n<h1>Soluciones avanzadas de filtraci\u00f3n piloto para bioprocesamientos posteriores exigentes<\/h1>\n<h2>Maximizar la eficiencia con la biotecnolog\u00eda innovadora a escala piloto TECNIC<\/h2>\n<p>  El sistema ePILOT\u00ae TFF es un equipo de filtraci\u00f3n de flujo tangencial a escala piloto dise\u00f1ado para la exigente recuperaci\u00f3n y purificaci\u00f3n de productos de bioprocesado para toda industria biotecnol\u00f3gica, complementando y mejorando la eficacia del proceso global. De serie, incluye un dep\u00f3sito de 50 L y, permite un rendimiento m\u00e1ximo de filtraci\u00f3n piloto de 2,5 metros cuadrados de superficie total de membrana utilizando Membrane Cassette y de 6,5 metros cuadrados de superficie total de membrana utilizando Hollow fiber. Nuestra Filtraci\u00f3n de Flujo Tangencial ofrece una filtraci\u00f3n piloto eficaz y fiable, caudales elevados, alta retenci\u00f3n de solutos y caracter\u00edsticas avanzadas para un rendimiento \u00f3ptimo durante el procesamiento posterior. Hay otros tama\u00f1os de recipiente de <a href=\"https:\/\/www.eurofer.eu\/issues\/eurofer-stainless-and-specialty-steel#:~:text=metals%20are%20used.-,Austenitic,-stainless%20steels%C2%A0\" target=\"_blank\" rel=\"noopener\">acero inoxidable<\/a>(de 50 a 200 litros) disponibles bajo pedido, que ofrecen escalabilidad para adaptarse a distintas necesidades de procesamiento. Adem\u00e1s, el sistema es totalmente autom\u00e1tico por defecto, y utiliza la presi\u00f3n diferencial, la presi\u00f3n transmembrana o el flujo cruzado como regulaci\u00f3n de control para la concentraci\u00f3n y la diafiltraci\u00f3n del proceso. Este equipo contribuye a la eficacia de los procesos globales de bioproceso ascendente y descendente, garantizando la transici\u00f3n satisfactoria entre estas dos etapas cruciales con una interfaz f\u00e1cil de usar y un dise\u00f1o compacto para facilitar la integraci\u00f3n en las tuber\u00edas existentes. El sistema avanzado ePILOT\u00ae TFF incluye una variedad de modos operativos, como TMP, concentraci\u00f3n, diafiltraci\u00f3n y modos de prueba de flujo de agua, lo que lo hace muy vers\u00e1til para diferentes requisitos de bioprocesamiento.        <\/p>\n<h3>Esterilizaci\u00f3n sin fisuras y flexibilidad para el bioprocesamiento avanzado<\/h3>\n<h5>CIP y SIP autom\u00e1ticos<\/h5>\n<p>  Nuestro sistema piloto de filtraci\u00f3n integra las funciones automatizadas de limpieza in situ (CIP) y esterilizaci\u00f3n in situ (SIP), mejorando la eficacia operativa. Esta doble capacidad permite la esterilizaci\u00f3n y limpieza de los componentes del sistema sin necesidad de desmontarlos o retirarlos, agilizando tanto el proceso como las tareas de mantenimiento. Tanto si se aplica en la investigaci\u00f3n de laboratorio a peque\u00f1a escala como en la producci\u00f3n a gran escala, el ePILOT\u00ae TFF garantiza una experiencia de usuario perfecta e higi\u00e9nica en diversas tareas de bioprocesamiento.    <\/p>\n<h5>Vol\u00famenes de trabajo flexibles<\/h5>\n<p>  La vers\u00e1til gama de vol\u00famenes de trabajo de nuestro sistema ePILOT\u00ae TFF, de 50 a 200 litros, permite que el sistema se adapte a diversos requisitos de bioprocesamiento, lo que lo hace ideal tanto para la investigaci\u00f3n de laboratorio a peque\u00f1a escala como para la producci\u00f3n a mayor escala.  <\/p>\n<h5>Eficacia superior de la filtraci\u00f3n piloto<\/h5>\n<p>  Dise\u00f1ado para la filtraci\u00f3n piloto de alto rendimiento, el ePILOT\u00ae TFF consigue caudales notables y una retenci\u00f3n eficaz de solutos, factores cr\u00edticos para optimizar la recuperaci\u00f3n del producto. Las avanzadas capacidades de filtraci\u00f3n piloto del sistema garantizan la retenci\u00f3n eficaz de los componentes deseados, al tiempo que se eliminan las impurezas, lo que conduce a un mayor rendimiento y pureza del producto final.   <\/p>\n<h5>Construcci\u00f3n compacta y modular<\/h5>\n<p>  El dise\u00f1o compacto y modular del sistema piloto de filtraci\u00f3n garantiza que el equipo pueda integrarse f\u00e1cilmente en las instalaciones existentes sin necesidad de grandes modificaciones, y puede ampliarse a medida que crezcan los requisitos del proceso.  <\/p>\n<h5>Construcci\u00f3n de alta calidad<\/h5>\n<p>  Fabricado con materiales conformes con la industria, la robusta construcci\u00f3n del ePILOT\u00ae TFF garantiza la durabilidad y un rendimiento fiable en condiciones rigurosas de bioprocesamiento. Esta construcci\u00f3n de alta calidad lo hace adecuado para una amplia gama de aplicaciones de bioprocesamiento, cumpliendo las estrictas normas de las industrias biotecnol\u00f3gica y farmac\u00e9utica.   <img decoding=\"async\" src=\"https:\/\/www.tecnic.eu\/wp-content\/uploads\/2024\/02\/boto-brochures.jpg\" alt=\"\" title=\"\"><\/p>\n<h3><a title=\"\" href=\"https:\/\/www.tecnic.eu\/es\/download-8\/?tmstv=1708942679\">Descargar ficha t\u00e9cnica \u21c0<\/a><\/h3>\n<h3>Configuraci\u00f3n<\/h3>\n<p>  Con una superficie de membrana escalable de 0,5 a 2,5 m\u00b2, la filtraci\u00f3n en casetes del ePILOT\u00ae TFF est\u00e1 dise\u00f1ada para ofrecer precisi\u00f3n y eficacia. Los casetes est\u00e1n dise\u00f1ados para ofrecer durabilidad y rendimiento, garantizando resultados constantes incluso en condiciones de procesamiento exigentes. El sistema de fibra hueca, con un \u00e1rea de membrana que va de 0,1 a 6,5 m\u00b2, destaca en el tratamiento de grandes vol\u00famenes de producci\u00f3n. Conocida por sus altos caudales y su separaci\u00f3n eficaz, esta tecnolog\u00eda es especialmente adecuada para tareas de bioprocesamiento a gran escala, ya que permite un procesamiento eficaz, manteniendo unos est\u00e1ndares de alta calidad al tiempo que se maximiza la productividad.     <\/p>\n<h3>Casete<\/h3>\n<p>  Descubre el casete TFF ePILOT\u00ae para la tecnolog\u00eda de ultrafiltraci\u00f3n avanzadaDescubre el casete TFF ePILOT\u00ae para la tecnolog\u00eda de ultrafiltraci\u00f3n avanzada<a title=\"\">M\u00e1s sobre casete \u21c0<\/a><\/p>\n<h3>Fibra hueca<\/h3>\n<p>  Eficacia \u00f3ptima con la filtraci\u00f3n de fibra hueca ePILOT\u00ae TFFExperimenta una eficacia \u00f3ptima con la filtraci\u00f3n de fibra hueca ePILOT\u00ae TFF<a title=\"\">M\u00e1s sobre la versi\u00f3n de fibra hueca \u21c0<\/a><br \/>\n<a title=\"\">M\u00e1s sobre la fibra hueca \u21c0<\/a><\/p>\n<h2>Nuestra gama de Filtraci\u00f3n de flujo tangencial<\/h2>\n<p>  \u00bfNecesitas ayuda para elegir?  <a href=\"https:\/\/www.tecnic.eu\/es\/contacto\/\">Habla con nuestro equipo de Especialistas \u21c0<\/a><br \/>\n<a target=\"_blank\" rel=\"noopener\"><img decoding=\"async\" src=\"https:\/\/www.tecnic.eu\/wp-content\/uploads\/2023\/11\/taula-tff-elab.jpg\" alt=\"elab tff\" title=\"\"><\/a> <a target=\"_blank\" rel=\"noopener\"><img decoding=\"async\" src=\"https:\/\/www.tecnic.eu\/wp-content\/uploads\/\/logos_equips_2024-TR_elab-tff.svg\" alt=\"logotipo elab tff\" title=\"\"><\/a>  <a href=\"https:\/\/www.tecnic.eu\/bioprocess-technology\/tangential-flow-filtration\/filtration-laboratory\/\" target=\"_black\" rel=\"noopener\"> M\u00e1s informaci\u00f3n \u21c0 <\/a> Casete: 0,1-0,5 Fibra hueca: 0,1-0,4 Superficie filtrante (m\u00b2) 35 Peso (kg) 5 a 10 Volumen de trabajo (L) Totalmente autom\u00e1tico Sistema Acero inoxidable Material de la carcasa Acero inoxidable Vidrio de borosilicato Material del recipiente 1,2 Recirculaci\u00f3n (m\u00b3\/h) Filtraci\u00f3n Microfiltraci\u00f3n Ultrafiltraci\u00f3n Nanofiltraci\u00f3n Fija: 90 Variable: 100 Velocidad de la bomba (rpm) 230VAC | 50Hz | 7A Alimentaci\u00f3n el\u00e9ctrica  <a target=\"_blank\" rel=\"noopener\"><img decoding=\"async\" src=\"https:\/\/www.tecnic.eu\/wp-content\/uploads\/2023\/11\/taula-tff-epilot.jpg\" alt=\"epiloto tff\" title=\"\"><\/a> <a target=\"_blank\" rel=\"noopener\"><img decoding=\"async\" src=\"https:\/\/www.tecnic.eu\/wp-content\/uploads\/\/logos_equips_2024-TR_epilot-tff.svg\" alt=\"epilot tff logo\" title=\"\"><\/a>  <a href=\"https:\/\/www.tecnic.eu\/es\/equipamiento-tecnologia-de-bioprocesos\/filtracion-de-flujo-tangencial\/filtracion-de-flujo-tangencial-epilot-52374\/\" target=\"_black\" rel=\"noopener\"> M\u00e1s informaci\u00f3n \u21c0 <\/a> Casete: 0,5-2,5 Fibra hueca: 0,1-6,5 Superficie filtrante (m\u00b2) 50 Peso (kg) De 50 a 200 Volumen de trabajo (L) Totalmente autom\u00e1tico Sistema Acero inoxidable Material de la carcasa Acero inoxidable &#8211; Material del recipiente 1,2 Recirculaci\u00f3n (m\u00b3\/h) Filtraci\u00f3n Microfiltraci\u00f3n Ultrafiltraci\u00f3n Nanofiltraci\u00f3n Fijo: 190 Variable: 230 Velocidad de las bombas (rpm) 230VAC | 50Hz | 9A Fuente de alimentaci\u00f3n  <a href=\"https:\/\/www.tecnic.eu\/es\/equipamiento-tecnologia-de-bioprocesos\/filtracion-de-flujo-tangencial\/filtracion-de-flujo-tangencial-eprod-52356\/\" target=\"_blank\" rel=\"noopener\"><img decoding=\"async\" src=\"https:\/\/www.tecnic.eu\/wp-content\/uploads\/2023\/11\/taula-tff-eprod.jpg\" alt=\"eprod tff\" title=\"\"><\/a> <a target=\"_blank\" rel=\"noopener\"><img decoding=\"async\" src=\"https:\/\/www.tecnic.eu\/wp-content\/uploads\/\/logos_equips_2024-TR_eprod-tff.svg\" alt=\"eprod tff loho\" title=\"\"><\/a> <a href=\"https:\/\/www.tecnic.eu\/es\/equipamiento-tecnologia-de-bioprocesos\/filtracion-de-flujo-tangencial\/filtracion-de-flujo-tangencial-eprod-52356\/\" target=\"_black\" rel=\"noopener\">  M\u00e1s informaci\u00f3n \u21c0  <\/a>  Cassette: 6,84-34,2 Fibra hueca: 12,1-36,3 Superficie filtrante (m\u00b2) 520 Peso (kg) 500 Volumen de trabajo (L) Totalmente autom\u00e1tico Sistema Acero inoxidable Material de la carcasa Acero inoxidable &#8211; Material del recipiente 30 Recirculaci\u00f3n (m\u00b3\/h) Filtraci\u00f3n Microfiltraci\u00f3n Ultrafiltraci\u00f3n Nanofiltraci\u00f3n Fijo: 230 Variable: 190 Velocidad de la bomba (rpm) 400VAC | 50Hz | 53A Suministro el\u00e9ctrico  <a href=\"https:\/\/www.tecnic.eu\/wp-admin\/admin.php?page=ninja_tables#\/table_builder_edit_table\/46703\">Editar tabla<\/a><\/p>\n<h2>Nuestro equipo de ventas est\u00e1 preparado para ayudarte con los detalles m\u00e1s t\u00e9cnicos.<\/h2>\n<p>  Conecta hoy mismo con nuestro equipo. Tanto si tienes preguntas concretas como si est\u00e1s empezando a explorar, estamos aqu\u00ed para guiarte y ayudarte<a title=\"\" href=\"https:\/\/www.tecnic.eu\/es\/contacto\/\" target=\"_blank\" rel=\"noopener\">.Contacta con nosotros \u21c0Obt\u00e9n<\/a><a title=\"\">un presupuesto \u21c0<\/a><br \/>\n<a title=\"\" href=\"https:\/\/www.tecnic.eu\/es\/equipamiento-tecnologia-de-bioprocesos\/biorreactores\/biorreactor-epilot-52376\/\"><img decoding=\"async\" src=\"https:\/\/www.tecnic.eu\/wp-content\/uploads\/\/logos_equips_2024-TR_epilot-br.svg\" alt=\"Logotipo del biorreactor a escala ePilot, ePilot es verde y todas las dem\u00e1s palabras son negras\" title=\"\"><\/a><a title=\"\" href=\"https:\/\/www.tecnic.eu\/es\/equipamiento-tecnologia-de-bioprocesos\/biorreactores\/biorreactor-epilot-52376\/\">.path{fill:none;stroke:#333;stroke-miterlimit:10;stroke-width:1.5px;}<\/a><a title=\"\" href=\"https:\/\/www.tecnic.eu\/es\/equipamiento-tecnologia-de-bioprocesos\/biorreactores\/biorreactor-epilot-52376\/\" target=\"_blank\" rel=\"noopener\">M\u00e1s informaci\u00f3n \u21c0<\/a><br \/>\n<a title=\"\" href=\"https:\/\/www.tecnic.eu\/es\/equipamiento-tecnologia-de-bioprocesos\/biorreactores\/biorreactor-epilot-52376\/\"><img decoding=\"async\" src=\"https:\/\/www.tecnic.eu\/wp-content\/uploads\/2024\/01\/pilot-br-footer.jpg\" alt=\"\" title=\"\"><\/a><a title=\"\" href=\"https:\/\/www.tecnic.eu\/es\/equipamiento-tecnologia-de-bioprocesos\/biorreactores\/biorreactor-epilot-52376\/\">.path{fill:none;stroke:#333;stroke-miterlimit:10;stroke-width:1.5px;}<\/a><br \/>\n<a title=\"\" href=\"https:\/\/www.tecnic.eu\/es\/equipamiento-tecnologia-de-bioprocesos\/biorreactores\/biorreactor-epilot-de-un-solo-uso\/\"><img decoding=\"async\" src=\"https:\/\/www.tecnic.eu\/wp-content\/uploads\/\/pilotau.svg\" alt=\"Logotipo del biorreactor ePilot de un solo uso, epilot es verde y todas las dem\u00e1s palabras son negras\" title=\"\"><\/a><a title=\"\" href=\"https:\/\/www.tecnic.eu\/es\/equipamiento-tecnologia-de-bioprocesos\/biorreactores\/biorreactor-epilot-de-un-solo-uso\/\">.path{fill:none;stroke:#333;stroke-miterlimit:10;stroke-width:1.5px;}<\/a><a title=\"\" href=\"https:\/\/www.tecnic.eu\/es\/equipamiento-tecnologia-de-bioprocesos\/biorreactores\/biorreactor-epilot-de-un-solo-uso\/\" target=\"_blank\" rel=\"noopener\">M\u00e1s informaci\u00f3n \u21c0<\/a><br \/>\n<a title=\"\" href=\"https:\/\/www.tecnic.eu\/es\/equipamiento-tecnologia-de-bioprocesos\/biorreactores\/biorreactor-epilot-de-un-solo-uso\/\"><img decoding=\"async\" src=\"https:\/\/www.tecnic.eu\/wp-content\/uploads\/2024\/01\/epilot-br-su-footer2.jpg\" alt=\"Biorreactor de un solo uso ePILOT\" title=\"\"><\/a><a title=\"\" href=\"https:\/\/www.tecnic.eu\/es\/equipamiento-tecnologia-de-bioprocesos\/biorreactores\/biorreactor-epilot-de-un-solo-uso\/\">.path{fill:none;stroke:#333;stroke-miterlimit:10;stroke-width:1.5px;}<\/a><br \/>\n<a title=\"\" href=\"https:\/\/www.tecnic.eu\/es\/equipamiento-tecnologia-de-bioprocesos\/eplus\/mezclador-eplus-su\/\"><img decoding=\"async\" src=\"https:\/\/www.tecnic.eu\/wp-content\/uploads\/\/ePLUS-SUMTANK.svg\" alt=\"Logotipo de la mezcladora de un solo uso ePlus, ePlus es verde y todas las dem\u00e1s palabras son negras\" title=\"\"><\/a><a title=\"\" href=\"https:\/\/www.tecnic.eu\/es\/equipamiento-tecnologia-de-bioprocesos\/eplus\/mezclador-eplus-su\/\">.path{fill:none;stroke:#333;stroke-miterlimit:10;stroke-width:1.5px;}<\/a><a title=\"\" href=\"https:\/\/www.tecnic.eu\/es\/equipamiento-tecnologia-de-bioprocesos\/eplus\/mezclador-eplus-su\/\" target=\"_blank\" rel=\"noopener\">M\u00e1s informaci\u00f3n \u21c0<\/a><br \/>\n<a title=\"\" href=\"https:\/\/www.tecnic.eu\/es\/equipamiento-tecnologia-de-bioprocesos\/eplus\/mezclador-eplus-su\/\"><img decoding=\"async\" src=\"https:\/\/www.tecnic.eu\/wp-content\/uploads\/2024\/01\/bloc-epilot-sum-tank.png\" alt=\"\" title=\"\"><\/a><a title=\"\" href=\"https:\/\/www.tecnic.eu\/es\/equipamiento-tecnologia-de-bioprocesos\/eplus\/mezclador-eplus-su\/\">.path{fill:none;stroke:#333;stroke-miterlimit:10;stroke-width:1.5px;}<\/a><\/p>\n","protected":false},"excerpt":{"rendered":"<p>Mejora tus procesos de filtraci\u00f3n piloto con los sistemas ePILOT TFF de TECNIC. Son modulares, escalables y eficientes, pensados para responder a las exigencias de los procesos piloto en biotecnolog\u00eda. <\/p>\n","protected":false},"author":1,"featured_media":55954,"parent":52346,"menu_order":34,"comment_status":"closed","ping_status":"closed","template":"","meta":{"inline_featured_image":false,"footnotes":""},"class_list":["post-52374","page","type-page","status-publish","has-post-thumbnail","hentry"],"_links":{"self":[{"href":"https:\/\/www.tecnic.eu\/es\/wp-json\/wp\/v2\/pages\/52374","targetHints":{"allow":["GET"]}}],"collection":[{"href":"https:\/\/www.tecnic.eu\/es\/wp-json\/wp\/v2\/pages"}],"about":[{"href":"https:\/\/www.tecnic.eu\/es\/wp-json\/wp\/v2\/types\/page"}],"author":[{"embeddable":true,"href":"https:\/\/www.tecnic.eu\/es\/wp-json\/wp\/v2\/users\/1"}],"replies":[{"embeddable":true,"href":"https:\/\/www.tecnic.eu\/es\/wp-json\/wp\/v2\/comments?post=52374"}],"version-history":[{"count":0,"href":"https:\/\/www.tecnic.eu\/es\/wp-json\/wp\/v2\/pages\/52374\/revisions"}],"up":[{"embeddable":true,"href":"https:\/\/www.tecnic.eu\/es\/wp-json\/wp\/v2\/pages\/52346"}],"wp:featuredmedia":[{"embeddable":true,"href":"https:\/\/www.tecnic.eu\/es\/wp-json\/wp\/v2\/media\/55954"}],"wp:attachment":[{"href":"https:\/\/www.tecnic.eu\/es\/wp-json\/wp\/v2\/media?parent=52374"}],"curies":[{"name":"wp","href":"https:\/\/api.w.org\/{rel}","templated":true}]}}