{"id":52378,"date":"2023-11-20T09:59:45","date_gmt":"2023-11-20T08:59:45","guid":{"rendered":"https:\/\/www.tecnic.eu\/equipamiento-tecnologia-de-bioprocesos\/filtracion-de-flujo-tangencial\/filtracion-de-flujo-tangencial-elab\/"},"modified":"2025-12-24T12:57:00","modified_gmt":"2025-12-24T11:57:00","slug":"filtracion-de-flujo-tangencial-elab","status":"publish","type":"page","link":"https:\/\/www.tecnic.eu\/es\/equipamiento-tecnologia-de-bioprocesos\/filtracion-de-flujo-tangencial\/filtracion-de-flujo-tangencial-elab\/","title":{"rendered":"Filtraci\u00f3n de Flujo Tangencial eLAB"},"content":{"rendered":"<p><img decoding=\"async\" src=\"https:\/\/www.tecnic.eu\/wp-content\/uploads\/\/logos_equips_2024-TR_elab-tff.svg\" alt=\"Logotipo del laboratorio de filtraci\u00f3n elab, elab es verde y todas las dem\u00e1s palabras son negras\" title=\"\"><\/p>\n<h2>Filtraci\u00f3n avanzada de laboratorio<\/h2>\n<p><a href=\"https:\/\/www.tecnic.eu\/es\/\">Inicio<\/a>&gt;<\/p>\n<h1>Tecnolog\u00eda de filtraci\u00f3n de laboratorio l\u00edder para los procesos upstream m\u00e1s exigentes<\/h1>\n<h2>Sistema autom\u00e1tico de filtraci\u00f3n de flujo tangencial de alto rendimiento para laboratorio, dise\u00f1ado para obtener resultados superiores. Una opci\u00f3n ideal para investigaci\u00f3n, desarrollo y purificaci\u00f3n en peque\u00f1as producciones.<\/p>\n<\/h2>\n<p> Dise\u00f1ados para cumplir las exigentes normas de los bioprocesos upstream, los sistemas totalmente autom\u00e1ticos del eLAB\u00ae TFF destacan por su excepcional rendimiento de filtraci\u00f3n, que alcanza un m\u00e1ximo de 0,5 m\u00b2 de superficie total de membrana. Este logro garantiza un rendimiento y una eficacia excepcional durante las operaciones continuas, facilitado por un filtro de flujo tangencial meticulosamente dise\u00f1ado que minimiza la obstrucci\u00f3n y el ensuciamiento de la membrana. En particular, el sistema es especialmente adecuado para tareas de concentraci\u00f3n de prote\u00ednas o anticuerpos. El n\u00facleo del sistema reside en su m\u00f3dulo de control central, accionado por un PLC de calidad industrial, que proporciona un control preciso de las operaciones de diafiltrado y concentraci\u00f3n del producto. Complementado con un robusto reactor de acero inoxidable y sensores avanzados, el sistema garantiza un proceso de filtraci\u00f3n estable y fiable. El filtro tangencial permite que el fluido se mueva en paralelo al filtro, dejando pasar los componentes m\u00e1s peque\u00f1os y reteniendo los m\u00e1s grandes. Con una impresionante capacidad de filtraci\u00f3n de hasta 0,5 m\u00b2, garantiza un rendimiento \u00f3ptimo. El dep\u00f3sito, meticulosamente fabricado en acero inoxidable 316L, est\u00e1 disponible en vol\u00famenes de 5L o 10L, y dispone de cinco puertos para diversas funcionalidades. La unidad de control integrada incorpora a la perfecci\u00f3n el sistema eSCADA propiedad de TECNIC, bombas adicionales y un sistema de aireaci\u00f3n. Mejora los procesos de filtraci\u00f3n de tu laboratorio con la precisi\u00f3n y la innovaci\u00f3n del eLAB\u00ae TFF, estableciendo un nuevo est\u00e1ndar para las aplicaciones biotecnol\u00f3gicas profesionales.          <\/p>\n<h3>Control avanzado y personalizaci\u00f3n en la filtraci\u00f3n de laboratorio<\/h3>\n<h5>Control avanzado para un funcionamiento sin problemas<\/h5>\n<p> Nuestro sistema de filtraci\u00f3n de flujo tangencial eLAB\u00ae est\u00e1 equipado con un sofisticado m\u00f3dulo de control autom\u00e1tico, dotado de un PLC industrial y un software SCADA, dise\u00f1ado para gestionar las operaciones y adaptarse a las distintas demandas de procesamiento con garant\u00eda de fiabilidad a largo plazo y flexibilidad operativa gestionada con una pantalla de 10 pulgadas. <\/p>\n<h5>Rendimiento optimizado de la membrana<\/h5>\n<p> El eLAB\u00ae TFF, que funciona con una membrana plana y fibra hueca, tiene una superficie de membrana de 0,1 y hasta 0,5 m\u00b2 que garantiza un alto rendimiento y eficacia durante el funcionamiento continuo, minimizando la obstrucci\u00f3n y el ensuciamiento de la membrana del filtro. El sistema est\u00e1 dise\u00f1ado para un alto rendimiento sostenido, garantizando que los procesos se desarrollen sin problemas y con eficacia a lo largo del tiempo, requiriendo una intervenci\u00f3n manual m\u00ednima (lo que ahorra tiempo y esfuerzo).  <\/p>\n<h5>Configuraci\u00f3n personalizada<\/h5>\n<p> Adaptado a las necesidades espec\u00edficas del laboratorio, el sistema eLAB\u00ae TFF ofrece configuraciones de reactores personalizables para ajustar la escala seg\u00fan los requisitos del proyecto (5 o 10 L), lo que lo hace adecuado para una amplia gama de aplicaciones, desde usos a peque\u00f1a escala en laboratorio hasta fabricaci\u00f3n a gran escala. Tambi\u00e9n es capaz de gestionar procesos upstream exigentes utilizando m\u00f3dulos de filtro de ultrafiltraci\u00f3n, microfiltraci\u00f3n o nanofiltraci\u00f3n en configuraciones de casete, fibra hueca y cer\u00e1mica, lo que permite a nuestros clientes elegir la configuraci\u00f3n de m\u00f3dulo de filtro m\u00e1s adecuada en funci\u00f3n de sus requisitos espec\u00edficos.  <\/p>\n<h5>Bajo volumen m\u00ednimo de recirculaci\u00f3n<\/h5>\n<p> El uso eficiente de los recursos es el n\u00facleo del dise\u00f1o del sistema eLAB\u00ae TFF, que funciona con un volumen de recirculaci\u00f3n minimizado. Este dise\u00f1o no s\u00f3lo conserva valiosos materiales de investigaci\u00f3n, sino que tambi\u00e9n reduce los costes operativos generales al optimizar sus procesos y reducir los residuos.  <\/p>\n<h5>Dise\u00f1ado para una amplia gama de entornos de filtraci\u00f3n de laboratorio<\/h5>\n<p> El sistema TFF de TECNIC cuenta con un reactor de acero inoxidable, dise\u00f1ado para soportar las exigencias del uso diario en laboratorio y mantener su integridad en diversas tareas de bioprocesos.<\/p>\n<p> <img decoding=\"async\" src=\"https:\/\/www.tecnic.eu\/wp-content\/uploads\/2024\/02\/boto-brochures.jpg\" alt=\"\" title=\"\"><\/p>\n<h3><a title=\"\" href=\"https:\/\/www.tecnic.eu\/es\/download-8\/?tmstv=1708942128\">Descargar ficha t\u00e9cnica \u21c0<\/a><\/h3>\n<h3>Modelos &#8211; Membrana Plana y Fibra Hueca<\/h3>\n<p> El equipo de TECNIC eLAB\u00ae TFF est\u00e1 equipado para aplicaciones precisas con su configuraci\u00f3n de membrana plana. Esta configuraci\u00f3n est\u00e1 dise\u00f1ada para un rendimiento \u00f3ptimo en los procesos de laboratorio de filtraci\u00f3n de flujo tangencial, y admite una gama de superficies de membrana de hasta 0,5 m\u00b2. La configuraci\u00f3n de membrana plana es especialmente adecuada para aplicaciones que requieren un alto rendimiento combinado con sensibilidad para una retenci\u00f3n de calidad de las <a href=\"https:\/\/www.britannica.com\/science\/biomolecule\" target=\"_blank\" rel=\"noopener\">biomol\u00e9culas<\/a>. Presenta un bajo esfuerzo cortante sobre las c\u00e9lulas y las prote\u00ednas, lo que garantiza la integridad de las muestras delicadas durante los procesos de concentraci\u00f3n y diafiltraci\u00f3n. La flexibilidad del sistema se ve reforzada por la inclusi\u00f3n de una bomba de diafragma de cuatro pistones y bajo cizallamiento, dise\u00f1ada para satisfacer las sofisticadas necesidades de las tareas precisas de filtraci\u00f3n y separaci\u00f3n en el laboratorio. Para los procesos que requieren una elevada relaci\u00f3n superficie\/volumen, la configuraci\u00f3n de fibra hueca del sistema eLAB\u00ae TFF ofrece una soluci\u00f3n excepcional. Aprovecha las ventajas de las fibras huecas, ideales para tareas de separaci\u00f3n y purificaci\u00f3n de alta eficacia, para proporcionar un rendimiento superior de filtraci\u00f3n en el laboratorio. Esta configuraci\u00f3n est\u00e1 dise\u00f1ada para soportar una superficie de membrana de entre 0,1 y 0,4 m\u00b2, lo que satisface una gran variedad de requisitos de escalado. La configuraci\u00f3n de fibra hueca es especialmente beneficiosa por su alta densidad de empaquetamiento y su bajo volumen de retenci\u00f3n, lo que la convierte en una combinaci\u00f3n perfecta para aplicaciones que exigen precisi\u00f3n en el uso de consumibles y muestras.         <\/p>\n<h3>Membrana Plana<\/h3>\n<p> Descubre el eLAB\u00ae TFF con membrana plana para tecnolog\u00eda avanzada de ultrafiltraci\u00f3n.<a title=\"\">M\u00e1s sobre la versi\u00f3n de membrana plana \u21c0<\/a><br \/>\n<img decoding=\"async\" src=\"https:\/\/www.tecnic.eu\/wp-content\/uploads\/2023\/11\/elab-tff-hollow-fiber_w3.jpg\" alt=\"\" title=\"\"><\/p>\n<h3>Fibra hueca<\/h3>\n<p> Eficacia \u00f3ptima con la filtraci\u00f3n de fibra hueca del eLAB\u00ae TFF Experimenta una eficacia \u00f3ptima con la filtraci\u00f3n de fibra hueca eLAB\u00ae TFF M\u00e1s sobre la<a title=\"\"> fibra hueca \u21c0<\/a><a title=\"\">M\u00e1s sobre la versi\u00f3n de fibra hueca \u21c0<\/a><br \/>\n<img decoding=\"async\" src=\"https:\/\/www.tecnic.eu\/wp-content\/uploads\/2023\/11\/elab-tff-hollow-fiber_w2.jpg\" alt=\"\" title=\"\"><\/p>\n<h2>Y cer\u00e1mica, para procesos de filtraci\u00f3n en laboratorio que requieren la m\u00e1xima longevidad y durabilidad<\/h2>\n<p> Nuestro sistema TFF es un ejemplo de ingenier\u00eda avanzada y automatizaci\u00f3n en filtraci\u00f3n de flujo tangencial para laboratorio. Una caracter\u00edstica clave de este sistema es la incorporaci\u00f3n de v\u00e1lvulas proporcionales de alta precisi\u00f3n, cruciales para el control refinado de los par\u00e1metros de filtraci\u00f3n de laboratorio. Al funcionar seg\u00fan los principios del control proporcional, estas v\u00e1lvulas permiten ajustes finos y din\u00e1micos en la regulaci\u00f3n del caudal, la presi\u00f3n diferencial y la presi\u00f3n transmembrana, esenciales para mantener la integridad del proceso y la calidad del producto. La capacidad de estas v\u00e1lvulas para responder a variaciones m\u00ednimas en las condiciones del sistema permite una regulaci\u00f3n precisa del caudal y la presi\u00f3n. Esto es especialmente importante en aplicaciones que requieren una separaci\u00f3n selectiva y una alta recuperaci\u00f3n del producto, como en las industrias biofarmac\u00e9utica y biotecnol\u00f3gica. La precisi\u00f3n en el control del caudal y la presi\u00f3n garantiza un funcionamiento eficaz del sistema, minimizando la polarizaci\u00f3n de la concentraci\u00f3n y el ensuciamiento de las membranas, mejorando as\u00ed la eficacia de la filtraci\u00f3n en el laboratorio y prolongando la vida \u00fatil de las membranas. Adem\u00e1s, el sistema eLAB\u00ae TFF adopta un enfoque automatizado para gestionar estos par\u00e1metros, reduciendo significativamente la necesidad de intervenci\u00f3n manual y aumentando la reproducibilidad del proceso. Esta automatizaci\u00f3n se consigue mediante un controlador l\u00f3gico programable (PLC) industrial y una intuitiva interfaz hombre-m\u00e1quina, que permite a los operarios controlar y ajustar los par\u00e1metros de filtraci\u00f3n en tiempo real.       <a title=\"\">Solicitar un presupuesto para el eLAB\u00ae TFF \u21c0<\/a><\/p>\n<h2>Automatizaci\u00f3n avanzada con v\u00e1lvulas proporcionales<\/h2>\n<h2>100% de eficacia y precisi\u00f3n<\/h2>\n<p> Nuestra Filtraci\u00f3n de Flujo Tangencial eLAB\u00ae para laboratorio est\u00e1 dise\u00f1ada para sobresalir en los aspectos clave de la filtraci\u00f3n: presi\u00f3n diferencial, presi\u00f3n transmembrana y caudal, garantizando una eficacia y precisi\u00f3n inigualables en los procesos de laboratorio. <\/p>\n<h5>Presi\u00f3n diferencial<\/h5>\n<p> Nuestros sistemas son expertos en la gesti\u00f3n de la presi\u00f3n diferencial, un factor cr\u00edtico en el proceso de filtraci\u00f3n de laboratorio. Al mantener una diferencia de presi\u00f3n \u00f3ptima a trav\u00e9s de la membrana de filtraci\u00f3n, nuestros equipos garantizan una separaci\u00f3n eficaz al tiempo que evitan el ensuciamiento de la membrana. Este control preciso de la presi\u00f3n diferencial no s\u00f3lo mejora la eficacia de la filtraci\u00f3n, sino que prolonga la vida \u00fatil de la membrana, lo que permite obtener resultados m\u00e1s constantes y fiables.   <\/p>\n<h5>Presi\u00f3n transmembrana<\/h5>\n<p> La presi\u00f3n transmembrana es otro par\u00e1metro vital que nuestros equipos gestionan con precisi\u00f3n. El control de esta presi\u00f3n garantiza que el proceso de filtraci\u00f3n sea suave pero eficaz, algo especialmente crucial para las biomol\u00e9culas sensibles. Esta gesti\u00f3n ayuda a mantener la integridad de las muestras delicadas, garantizando resultados de alta calidad en aplicaciones como la filtraci\u00f3n de prote\u00ednas y los procesos de cultivo celular.   <\/p>\n<h5>Caudal<\/h5>\n<p> El caudal que circula por nuestros sistemas se ajusta con precisi\u00f3n para obtener un rendimiento \u00f3ptimo. El control adecuado del caudal es esencial para minimizar el riesgo de ensuciamiento de la membrana y la polarizaci\u00f3n de la concentraci\u00f3n. Nuestro equipo garantiza que el caudal se mantenga a un ritmo ideal, proporcionando un equilibrio entre una filtraci\u00f3n eficaz y una manipulaci\u00f3n suave de las muestras. El resultado es un proceso m\u00e1s eficaz, que reduce los residuos y mejora el rendimiento.    <\/p>\n<h2>Nuestra gama de Filtraci\u00f3n de Flujo Tangencial<\/h2>\n<p> \u00bfNecesitas ayuda para elegir? <a href=\"https:\/\/www.tecnic.eu\/es\/contacto\/\">Habla con nuestro equipo de especialistas \u21c0<\/a><br \/>\n<a target=\"_blank\" rel=\"noopener\"><img decoding=\"async\" src=\"https:\/\/www.tecnic.eu\/wp-content\/uploads\/2023\/11\/taula-tff-elab.jpg\" alt=\"elab tff\" title=\"\"><\/a> <a target=\"_blank\" rel=\"noopener\"><img decoding=\"async\" src=\"https:\/\/www.tecnic.eu\/wp-content\/uploads\/\/logos_equips_2024-TR_elab-tff.svg\" alt=\"logotipo elab tff\" title=\"\"><\/a>  <a href=\"https:\/\/www.tecnic.eu\/bioprocess-technology\/tangential-flow-filtration\/filtration-laboratory\/\" target=\"_black\" rel=\"noopener\"> M\u00e1s informaci\u00f3n \u21c0 <\/a> Casete: 0,1-0,5 Fibra hueca: 0,1-0,4 Superficie filtrante (m\u00b2) 35 Peso (kg) 5 a 10 Volumen de trabajo (L) Totalmente autom\u00e1tico Sistema Acero inoxidable Material de la carcasa Acero inoxidable Vidrio de borosilicato Material del reactor 1,2 Recirculaci\u00f3n (m\u00b3\/h) Filtraci\u00f3n Microfiltraci\u00f3n Ultrafiltraci\u00f3n Nanofiltraci\u00f3n Fija: 90 Variable: 100 Velocidad de la bomba (rpm) 230VAC | 50Hz | 7A Alimentaci\u00f3n el\u00e9ctrica <a target=\"_blank\" rel=\"noopener\"><img decoding=\"async\" src=\"https:\/\/www.tecnic.eu\/wp-content\/uploads\/2023\/11\/taula-tff-epilot.jpg\" alt=\"epilot tff\" title=\"\"><\/a> <a target=\"_blank\" rel=\"noopener\"><img decoding=\"async\" src=\"https:\/\/www.tecnic.eu\/wp-content\/uploads\/\/logos_equips_2024-TR_epilot-tff.svg\" alt=\"epilot tff logo\" title=\"\"><\/a>  <a href=\"https:\/\/www.tecnic.eu\/es\/equipamiento-tecnologia-de-bioprocesos\/filtracion-de-flujo-tangencial\/filtracion-de-flujo-tangencial-epilot-52374\/\" target=\"_black\" rel=\"noopener\"> M\u00e1s informaci\u00f3n \u21c0 <\/a> Casete: 0,5-2,5 Fibra hueca: 0,1-6,5 Superficie filtrante (m\u00b2) 50 Peso (kg) De 50 a 200 Volumen de trabajo (L) Totalmente autom\u00e1tico Sistema Acero inoxidable Material de la carcasa Acero inoxidable &#8211; Material del reactor 1,2 Recirculaci\u00f3n (m\u00b3\/h) Filtraci\u00f3n Microfiltraci\u00f3n Ultrafiltraci\u00f3n Nanofiltraci\u00f3n Fijo: 190 Variable: 230 Velocidad de las bombas (rpm) 230VAC | 50Hz | 9A Fuente de alimentaci\u00f3n <a href=\"https:\/\/www.tecnic.eu\/es\/equipamiento-tecnologia-de-bioprocesos\/filtracion-de-flujo-tangencial\/filtracion-de-flujo-tangencial-eprod-52356\/\" target=\"_blank\" rel=\"noopener\"><img decoding=\"async\" src=\"https:\/\/www.tecnic.eu\/wp-content\/uploads\/2023\/11\/taula-tff-eprod.jpg\" alt=\"eprod tff\" title=\"\"><\/a> <a target=\"_blank\" rel=\"noopener\"><img decoding=\"async\" src=\"https:\/\/www.tecnic.eu\/wp-content\/uploads\/\/logos_equips_2024-TR_eprod-tff.svg\" alt=\"eprod tff logo\" title=\"\"><\/a> <a href=\"https:\/\/www.tecnic.eu\/es\/equipamiento-tecnologia-de-bioprocesos\/filtracion-de-flujo-tangencial\/filtracion-de-flujo-tangencial-eprod-52356\/\" target=\"_black\" rel=\"noopener\"> M\u00e1s informaci\u00f3n \u21c0 <\/a> Cassette: 6,84-34,2 Fibra hueca: 12,1-36,3 Superficie filtrante (m\u00b2) 520 Peso (kg) 500 Volumen de trabajo (L) Totalmente autom\u00e1tico Sistema Acero inoxidable Material de la carcasa Acero inoxidable &#8211; Material del reactor 30 Recirculaci\u00f3n (m\u00b3\/h) Filtraci\u00f3n Microfiltraci\u00f3n Ultrafiltraci\u00f3n Nanofiltraci\u00f3n Fijo: 230 Variable: 190 Velocidad de la bomba (rpm) 400VAC | 50Hz | 53A Suministro el\u00e9ctrico <a href=\"https:\/\/www.tecnic.eu\/wp-admin\/admin.php?page=ninja_tables#\/table_builder_edit_table\/46703\">Editar tabla<\/a><\/p>\n<h2>Nuestro equipo de ventas est\u00e1 preparado para ayudarte con los detalles m\u00e1s t\u00e9cnicos.<\/h2>\n<p> Conecta hoy mismo con nuestro equipo. Tanto si tienes preguntas concretas como si est\u00e1s empezando, estamos aqu\u00ed para guiarte y ayudarte. <a title=\"\" href=\"https:\/\/www.tecnic.eu\/es\/contacto\/\" target=\"_blank\" rel=\"noopener\">Contacta con nosotros \u21c0<\/a> Obt\u00e9n<a title=\"\">un presupuesto \u21c0<\/a><br \/>\n<a title=\"\" href=\"https:\/\/www.tecnic.eu\/es\/equipamiento-tecnologia-de-bioprocesos\/biorreactores\/biorreactor-eprod-52358\/\"><img decoding=\"async\" src=\"https:\/\/www.tecnic.eu\/wp-content\/uploads\/\/logos_equips_2024-TR_elab-advanced.svg\" alt=\"Logotipo del equipo de laboratorio elab, elab es verde y todas las dem\u00e1s palabras son negras\" title=\"\"><\/a><a title=\"\" href=\"https:\/\/www.tecnic.eu\/es\/equipamiento-tecnologia-de-bioprocesos\/biorreactores\/biorreactor-eprod-52358\/\">.path{fill:none;stroke:#333;stroke-miterlimit:10;stroke-width:1.5px;}<\/a><a title=\"\" href=\"\/es\/?page_id=52361\" target=\"_blank\" rel=\"noopener\">M\u00e1s informaci\u00f3n \u21c0<\/a><br \/>\n<a title=\"\" href=\"https:\/\/www.tecnic.eu\/es\/equipamiento-tecnologia-de-bioprocesos\/biorreactores\/biorreactor-eprod-52358\/\"><img decoding=\"async\" src=\"https:\/\/www.tecnic.eu\/wp-content\/uploads\/2024\/01\/elab-advanced-footer.jpg\" alt=\"\" title=\"\"><\/a><a title=\"\" href=\"https:\/\/www.tecnic.eu\/es\/equipamiento-tecnologia-de-bioprocesos\/biorreactores\/biorreactor-eprod-52358\/\">.path{fill:none;stroke:#333;stroke-miterlimit:10;stroke-width:1.5px;}<\/a><br \/>\n<a title=\"\" href=\"https:\/\/www.tecnic.eu\/es\/equipamiento-tecnologia-de-bioprocesos\/filtracion-de-flujo-tangencial\/filtracion-de-flujo-tangencial-elab-de-un-solo-uso-52360\/\"><img decoding=\"async\" src=\"https:\/\/www.tecnic.eu\/wp-content\/uploads\/\/elab-tff-su-logo-v2.svg\" alt=\"logotipo del equipo de filtraci\u00f3n de un solo uso, elab est\u00e1 en verde y SU de filtraci\u00f3n de flujo tangencial est\u00e1 en negro.\" title=\"\"><\/a><a title=\"\" href=\"https:\/\/www.tecnic.eu\/es\/equipamiento-tecnologia-de-bioprocesos\/filtracion-de-flujo-tangencial\/filtracion-de-flujo-tangencial-elab-de-un-solo-uso-52360\/\">.path{fill:none;stroke:#333;stroke-miterlimit:10;stroke-width:1.5px;}<\/a><a title=\"\" href=\"https:\/\/www.tecnic.eu\/es\/equipamiento-tecnologia-de-bioprocesos\/filtracion-de-flujo-tangencial\/filtracion-de-flujo-tangencial-elab-de-un-solo-uso-52360\/\" target=\"_blank\" rel=\"noopener\">M\u00e1s informaci\u00f3n \u21c0<\/a><br \/>\n<a title=\"\" href=\"https:\/\/www.tecnic.eu\/es\/equipamiento-tecnologia-de-bioprocesos\/filtracion-de-flujo-tangencial\/filtracion-de-flujo-tangencial-elab-de-un-solo-uso-52360\/\"><img decoding=\"async\" src=\"https:\/\/www.tecnic.eu\/wp-content\/uploads\/2024\/01\/tff-su-footer.jpg\" alt=\"\" title=\"\"><\/a><a title=\"\" href=\"https:\/\/www.tecnic.eu\/es\/equipamiento-tecnologia-de-bioprocesos\/filtracion-de-flujo-tangencial\/filtracion-de-flujo-tangencial-elab-de-un-solo-uso-52360\/\">.path{fill:none;stroke:#333;stroke-miterlimit:10;stroke-width:1.5px;}<\/a><br \/>\n<a title=\"\" href=\"https:\/\/www.tecnic.eu\/es\/equipamiento-tecnologia-de-bioprocesos\/filtracion-de-flujo-tangencial\/filtracion-de-flujo-tangencial-epilot-52374\/\"><img decoding=\"async\" src=\"https:\/\/www.tecnic.eu\/wp-content\/uploads\/\/logos_equips_2024-TR_epilot-tff.svg\" alt=\"Logotipo de la filtraci\u00f3n ePilot, ePilot es verde y todas las dem\u00e1s palabras son negras\" title=\"\"><\/a><a title=\"\" href=\"https:\/\/www.tecnic.eu\/es\/equipamiento-tecnologia-de-bioprocesos\/filtracion-de-flujo-tangencial\/filtracion-de-flujo-tangencial-epilot-52374\/\">.path{fill:none;stroke:#333;stroke-miterlimit:10;stroke-width:1.5px;}<\/a><a title=\"\" href=\"https:\/\/www.tecnic.eu\/es\/equipamiento-tecnologia-de-bioprocesos\/filtracion-de-flujo-tangencial\/filtracion-de-flujo-tangencial-epilot-52374\/\" target=\"_blank\" rel=\"noopener\">M\u00e1s informaci\u00f3n \u21c0<\/a><br \/>\n<a title=\"\" href=\"https:\/\/www.tecnic.eu\/es\/equipamiento-tecnologia-de-bioprocesos\/filtracion-de-flujo-tangencial\/filtracion-de-flujo-tangencial-epilot-52374\/\"><img decoding=\"async\" src=\"https:\/\/www.tecnic.eu\/wp-content\/uploads\/2024\/01\/epilot-tff-footer-v2.jpg\" alt=\"\" title=\"\"><\/a><a title=\"\" href=\"https:\/\/www.tecnic.eu\/es\/equipamiento-tecnologia-de-bioprocesos\/filtracion-de-flujo-tangencial\/filtracion-de-flujo-tangencial-epilot-52374\/\">.path{fill:none;stroke:#333;stroke-miterlimit:10;stroke-width:1.5px;}<\/a><\/p>\n","protected":false},"excerpt":{"rendered":"<p>Mejora la filtraci\u00f3n en laboratorio con eLAB TFF, dise\u00f1ado para ofrecer eficiencia, fiabilidad y una integraci\u00f3n fluida en tus bioprocesos.<\/p>\n","protected":false},"author":1,"featured_media":51758,"parent":52346,"menu_order":35,"comment_status":"closed","ping_status":"closed","template":"","meta":{"inline_featured_image":false,"footnotes":""},"class_list":["post-52378","page","type-page","status-publish","has-post-thumbnail","hentry"],"_links":{"self":[{"href":"https:\/\/www.tecnic.eu\/es\/wp-json\/wp\/v2\/pages\/52378","targetHints":{"allow":["GET"]}}],"collection":[{"href":"https:\/\/www.tecnic.eu\/es\/wp-json\/wp\/v2\/pages"}],"about":[{"href":"https:\/\/www.tecnic.eu\/es\/wp-json\/wp\/v2\/types\/page"}],"author":[{"embeddable":true,"href":"https:\/\/www.tecnic.eu\/es\/wp-json\/wp\/v2\/users\/1"}],"replies":[{"embeddable":true,"href":"https:\/\/www.tecnic.eu\/es\/wp-json\/wp\/v2\/comments?post=52378"}],"version-history":[{"count":0,"href":"https:\/\/www.tecnic.eu\/es\/wp-json\/wp\/v2\/pages\/52378\/revisions"}],"up":[{"embeddable":true,"href":"https:\/\/www.tecnic.eu\/es\/wp-json\/wp\/v2\/pages\/52346"}],"wp:featuredmedia":[{"embeddable":true,"href":"https:\/\/www.tecnic.eu\/es\/wp-json\/wp\/v2\/media\/51758"}],"wp:attachment":[{"href":"https:\/\/www.tecnic.eu\/es\/wp-json\/wp\/v2\/media?parent=52378"}],"curies":[{"name":"wp","href":"https:\/\/api.w.org\/{rel}","templated":true}]}}