{"id":52478,"date":"2024-01-26T12:57:36","date_gmt":"2024-01-26T11:57:36","guid":{"rendered":"https:\/\/www.tecnic.eu\/equipamiento-tecnologia-de-bioprocesos\/biorreactores\/biorreactor-eprod-de-un-solo-uso\/"},"modified":"2026-02-23T12:25:12","modified_gmt":"2026-02-23T11:25:12","slug":"biorreactor-eprod-de-un-solo-uso","status":"publish","type":"page","link":"https:\/\/www.tecnic.eu\/es\/equipamiento-tecnologia-de-bioprocesos\/biorreactores\/biorreactor-eprod-de-un-solo-uso\/","title":{"rendered":"Biorreactor ePROD\u00ae de un solo uso"},"content":{"rendered":"<p><img decoding=\"async\" src=\"https:\/\/www.tecnic.eu\/wp-content\/uploads\/\/prodsu.svg\" alt=\"Logotipo del biorreactor industrial eProd, eProd es verde y todas las dem\u00e1s palabras son negras\" title=\"\"><br \/>\nBiorreactor industrial de un solo uso para la m\u00e1xima eficacia<br \/>\n<a href=\"https:\/\/www.tecnic.eu\/es\/\">Inicio<\/a>&gt;<a href=\"\"><\/a><\/p>\n<h1>Biorreactor\/fermentador de doble uso ePROD\u00ae de un solo uso<\/h1>\n<h2>Impulsando la fabricaci\u00f3n biotecnol\u00f3gica con innovadores biorreactores de sistemas de un solo uso.<\/h2>\n<p>En el din\u00e1mico campo de la fabricaci\u00f3n biotecnol\u00f3gica, los biorreactores de un solo uso (SUS) se han convertido en parte integrante de muchas instalaciones de bioprocesamiento de bioproductos. Los SUS son comparativamente m\u00e1s seguros, sencillos y flexibles que su hom\u00f3logo biorreactor de acero inoxidable, y por eso su uso es habitual entre la industria biofarmac\u00e9utica en proyectos complejos como el desarrollo y la producci\u00f3n de nuevas vacunas, terapias y equipos de diagn\u00f3stico. Los biorreactores tradicionales, dise\u00f1ados principalmente para el cultivo de c\u00e9lulas de mam\u00edferos, a menudo se quedan cortos a la hora de abordar las necesidades distintivas de los cultivos microbianos, como la elevada capacidad de transferencia de ox\u00edgeno y el control preciso de la temperatura. Al identificar esta carencia, TECNIC se enorgullece de presentar el ePROD SU, un biorreactor\/fermentador SU escalable de doble uso para cultivos celulares y microbianos.<br \/>\nDise\u00f1ado para escalar sin problemas de 100L a 2000L, tanto la versi\u00f3n celular como la microbiana del ePROD\u00ae SU ofrecen una ventaja productiva operativa indiscutible sobre los biorreactores de acero inoxidable; como los sistemas de un solo uso (SUS) eliminan la necesidad de reesterilizaci\u00f3n y la validaci\u00f3n del sistema de limpieza, reducen el tiempo de inactividad entre lotes, ahorran tiempo de producci\u00f3n y, al mismo tiempo, garantizan un menor riesgo de contaminaci\u00f3n cruzada. A su vez, esta caracter\u00edstica de fabricaci\u00f3n r\u00e1pida y flexible acelera la comercializaci\u00f3n de productos biofarmac\u00e9uticos,<br \/>\nDemostrando el compromiso inquebrantable de TECNIC con la innovaci\u00f3n, nuestro biorreactor industrial SU significa un futuro prometedor para la biofabricaci\u00f3n. Este equipo, dise\u00f1ado para un rendimiento superior y la comodidad del usuario, presenta un control preciso de la temperatura, una agitaci\u00f3n eficaz y una instrumentaci\u00f3n completa. Tambi\u00e9n ofrece un rendimiento y una facilidad operativa inigualables tanto en bioprocesos microbianos como celulares. Equipado con un robusto sistema de automatizaci\u00f3n y un conjunto optimizado de bolsa biorreactora de un solo uso, el ePROD\u00ae SU STR garantiza la simplicidad operativa.<br \/>\nComo complemento de este equipo, el TECNIC eBAG\u00ae 3D STR, dise\u00f1ado y fabricado en nuestras instalaciones de Sala Limpia ISO7, presenta una soluci\u00f3n innovadora para aplicaciones tanto microbianas como de cultivo celular. Aborda eficazmente los retos m\u00e1s exigentes del mercado.  <\/p>\n<h3>Elevando la producci\u00f3n biofarmac\u00e9utica con biorreactores industriales escalables de un solo uso para el desarrollo de vacunas y terapias<\/h3>\n<h5>Biorreactor vers\u00e1til<\/h5>\n<p><a><\/a>El biorreactor ePROD\u00ae SU de TECNIC, dise\u00f1ado para albergar tanto cultivos celulares como microbianos con la eBAG\u00ae 3D STR, presenta un reactor modular de acero inoxidable con capacidades avanzadas. Incorpora un eficiente encamisado con superficie texturizada para una transferencia precisa del calor, garantizando una refrigeraci\u00f3n y un calentamiento \u00f3ptimos. Al mismo tiempo, el sistema cuenta con un accionamiento de alto rendimiento montado en la parte inferior y acoplado magn\u00e9ticamente para una agitaci\u00f3n impecable, mientras que las c\u00e9lulas de carga incorporadas proporcionan una medici\u00f3n precisa del peso. Por \u00faltimo, la completa instrumentaci\u00f3n del proceso es una caracter\u00edstica distintiva de este biorreactor, e incluye cabal\u00edmetros, bombas perist\u00e1lticas y transmisores de sonda. En conjunto, este dise\u00f1o modular garantiza la adaptabilidad y la eficacia para diversas necesidades de bioprocesamiento.    <\/p>\n<h5>Sistema de control avanzado<\/h5>\n<p><a><\/a>Con una interfaz de pantalla t\u00e1ctil de 15 pulgadas, el biorreactor industrial SU ofrece un sistema de control intuitivo para supervisar y ajustar los par\u00e1metros clave en el crecimiento del cultivo, garantizando la m\u00e1xima precisi\u00f3n en el proceso.<\/p>\n<h5>Control de precisi\u00f3n<\/h5>\n<p><a><\/a>Equipado con un conjunto de diferentes sensores (de un solo uso o reutilizables) que controlan y monitorizan el pH, la pO2, la temperatura y el nivel\/espuma en tiempo real, permite controlar con precisi\u00f3n las condiciones de cultivo para el crecimiento de c\u00e9lulas y microorganismos.<\/p>\n<h5>Escalabilidad<\/h5>\n<p><a><\/a>Disponible en varios tama\u00f1os (30 L, 50 L, 100 L, 300 L y 2000 L), el biorreactor industrial SU de TECNIC ofrece vol\u00famenes vers\u00e1tiles para satisfacer necesidades espec\u00edficas.<\/p>\n<h5>Rendimiento y comodidad sin concesiones<\/h5>\n<p><a><\/a>Hay dos configuraciones generales disponibles, que se adaptan a distintas aplicaciones. La configuraci\u00f3n microbiana viene con impulsores Rushton, mientras que la configuraci\u00f3n celular presenta impulsores SU de palas inclinadas. Las configuraciones est\u00e1ndar ofrecen flexibilidad en cuanto al n\u00famero, la ubicaci\u00f3n y los tipos de puertos, incluidos los de soluciones adicionales, agitaci\u00f3n, conexi\u00f3n de escape, entrada del analizador de gases en la zona superior junto con el puerto de sensores, y puertos de transferencia de l\u00edquidos o muestreo en la zona inferior. Adem\u00e1s, en algunos casos, podemos adaptarlo a tus necesidades y a\u00f1adir todos los accesorios necesarios para satisfacer las demandas m\u00e1s exigentes del mercado. Eleva tu eficacia operativa adoptando la versatilidad que ofrecen estas diversas opciones de configuraci\u00f3n.    <\/p>\n<h5>Sistema de agitaci\u00f3n optimizado<\/h5>\n<p><a><\/a>Dos impulsores de un solo uso controlados con precisi\u00f3n (Impulsor Rushton de 6 palas para fermentaci\u00f3n microbiana o un impulsor de pala inclinada de 3 palas para cultivo celular) controlados por un motor preciso garantizan la m\u00e1xima <a href=\"https:\/\/cordis.europa.eu\/project\/id\/601700\/reporting\/es\" target=\"_blank\" rel=\"noopener\">eficacia<\/a><br \/>\ny productividad.<\/p>\n<h5>Relaci\u00f3n coste-eficacia<\/h5>\n<p><a><\/a>La eBAG\u00ae 3D STR elimina los costes m\u00e1s elevados asociados a la limpieza, la validaci\u00f3n y el mantenimiento, proporcionando una alternativa rentable para las fermentaciones de bioprocesos.<\/p>\n<h5>Garant\u00eda de calidad<\/h5>\n<p><a><\/a>Fabricadas en instalaciones de sala blanca ISO 7, las eBAG\u00ae 3D STR garantizan la m\u00e1xima calidad, integridad y seguridad de los productos almacenados. Se ofrecen varias certificaciones, que garantizan el cumplimiento de las normas del sector, y se pueden realizar pruebas de estanqueidad exhaustivas para mejorar la fiabilidad.<br \/>\n<img decoding=\"async\" src=\"https:\/\/www.tecnic.eu\/wp-content\/uploads\/2024\/02\/boto-brochures.jpg\" alt=\"\" title=\"\"><\/p>\n<h3><a href=\"https:\/\/www.tecnic.eu\/es\/download-8\/?tmstv=1708942874\" title=\"\">Descargar ficha t\u00e9cnica \u21c0<\/a><\/h3>\n<h4>Escalabilidad, nuestra gama de biorreactores de un solo uso<\/h4>\n<p>\u00bfNecesitas ayuda para elegir? <a href=\"https:\/\/www.tecnic.eu\/es\/contacto\/\">Habla con nuestro equipo de especialistas \u21c0<\/a><br \/>\n       <a target=\"_blank\" rel=\"noopener\"><img decoding=\"async\" src=\"https:\/\/www.tecnic.eu\/wp-content\/uploads\/2024\/01\/taula-epilot-su.jpg\" alt=\"biorreactor epilot str su\" title=\"\"><\/a>   <a target=\"_blank\" rel=\"noopener\"><img decoding=\"async\" src=\"https:\/\/www.tecnic.eu\/wp-content\/uploads\/\/epilot-bioreactor-su-v2.svg\" alt=\"biorreactor epilot str su\" title=\"\"><\/a>    <a href=\"https:\/\/www.tecnic.eu\/bioprocess-technology\/bioreactors\/epilot-bioreactor-single-use\/\" target=\"_black\" rel=\"noopener\"> M\u00e1s informaci\u00f3n \u21c0 <\/a> Reactor de un solo uso 600x1687x595 Medidas (mm) 70 Peso (kg) 30 &#8211; 50 Vol\u00famenes (L) Acero inoxidable Material de la carcasa 15 &#8211; 50 Volumen de trabajo (L) eADVANCED eR&amp;D Software <a target=\"_blank\" rel=\"noopener\"><img decoding=\"async\" src=\"https:\/\/www.tecnic.eu\/wp-content\/uploads\/2024\/01\/taula-eprod-su.jpg\" alt=\"biorreactor eprod str de un solo uso\" title=\"\"><\/a>   <a target=\"_blank\" rel=\"noopener\"><img decoding=\"async\" src=\"https:\/\/www.tecnic.eu\/wp-content\/uploads\/\/eprod-bioreactor-su-v2.svg\" alt=\"logo eprod str su\" title=\"\"><\/a>    <a href=\"https:\/\/www.tecnic.eu\/bioprocess-technology\/bioreactors\/stirred-tank-reactor\/\" target=\"_black\" rel=\"noopener\"> M\u00e1s informaci\u00f3n \u21c0 <\/a> Reactor de un solo uso 3000x4800x3000 Medidas (cm) 700 Peso (kg) 100 &#8211; 2000 Vol\u00famenes (L) Acero inoxidable Material de la carcasa 100 &#8211; 2000 Volumen \u00fatil (L) eADVANCED eR&amp;D Software<br \/>\n<a href=\"https:\/\/www.tecnic.eu\/wp-admin\/admin.php?page=ninja_tables#\/table_builder_edit_table\/47402\">Editar tabla<\/a><\/p>\n<h2>Nuestro equipo de ventas est\u00e1 preparado para ayudarte con los detalles m\u00e1s t\u00e9cnicos.<\/h2>\n<p>Conecta hoy mismo con nuestro equipo. Tanto si tienes preguntas concretas como si est\u00e1s empezando a explorar, estamos aqu\u00ed para guiarte y ayudarte<a href=\"https:\/\/www.tecnic.eu\/es\/contacto\/\" target=\"_blank\" title=\"\" rel=\"noopener\">.Contacta con nosotros \u21c0<\/a><br \/>\n<a href=\"\" title=\"\">Solicitar presupuesto \u21c0<\/a><br \/>\n<a href=\"https:\/\/www.tecnic.eu\/supplies\/bioprocess-bag\/ebag-str\/\" title=\"\"><img decoding=\"async\" src=\"https:\/\/www.tecnic.eu\/wp-content\/uploads\/\/ebag3d-str.svg\" alt=\"ebag 3d STR suministra el logotipo, eplus es verde y 3d STR es negro\" title=\"\"><\/a><a href=\"https:\/\/www.tecnic.eu\/supplies\/bioprocess-bag\/ebag-str\/\" title=\"\">.path{fill:none;stroke:#333;stroke-miterlimit:10;stroke-width:1.5px;}<\/a><br \/>\n<a href=\"https:\/\/www.tecnic.eu\/supplies\/bioprocess-bag\/ebag-str\/\" target=\"_blank\" title=\"\" rel=\"noopener\">M\u00e1s informaci\u00f3n \u21c0<\/a><br \/>\n<a href=\"https:\/\/www.tecnic.eu\/supplies\/bioprocess-bag\/ebag-str\/\" title=\"\"><img decoding=\"async\" src=\"https:\/\/www.tecnic.eu\/wp-content\/uploads\/2024\/01\/ebag-3d-str-footer.jpg\" alt=\"\" title=\"\"><\/a><a href=\"https:\/\/www.tecnic.eu\/supplies\/bioprocess-bag\/ebag-str\/\" title=\"\">.path{fill:none;stroke:#333;stroke-miterlimit:10;stroke-width:1.5px;}<\/a><br \/>\n<a href=\"https:\/\/www.tecnic.eu\/bioprocess-technology\/eplus-bioprocess-solutions\/single-use-mixer\/\" title=\"\"><img decoding=\"async\" src=\"https:\/\/www.tecnic.eu\/wp-content\/uploads\/\/ePLUS-SUMTANK.svg\" alt=\"Logotipo del ePLUS Mixer SU, ePlus es verde y todas las dem\u00e1s palabras son negras\" title=\"\"><\/a><a href=\"https:\/\/www.tecnic.eu\/bioprocess-technology\/eplus-bioprocess-solutions\/single-use-mixer\/\" title=\"\">.path{fill:none;stroke:#333;stroke-miterlimit:10;stroke-width:1.5px;}<\/a><br \/>\n<a href=\"https:\/\/www.tecnic.eu\/bioprocess-technology\/eplus-bioprocess-solutions\/single-use-mixer\/\" target=\"_blank\" title=\"\" rel=\"noopener\">M\u00e1s informaci\u00f3n \u21c0<\/a><br \/>\n<a href=\"https:\/\/www.tecnic.eu\/bioprocess-technology\/eplus-bioprocess-solutions\/single-use-mixer\/\" title=\"\"><img decoding=\"async\" src=\"https:\/\/www.tecnic.eu\/wp-content\/uploads\/2024\/01\/bloc-epilot-sum-tank.png\" alt=\"\" title=\"\"><\/a><a href=\"https:\/\/www.tecnic.eu\/bioprocess-technology\/eplus-bioprocess-solutions\/single-use-mixer\/\" title=\"\">.path{fill:none;stroke:#333;stroke-miterlimit:10;stroke-width:1.5px;}<\/a><br \/>\n<a href=\"https:\/\/www.tecnic.eu\/es\/equipamiento-tecnologia-de-bioprocesos\/filtracion-de-flujo-tangencial\/filtracion-de-flujo-tangencial-eprod-52356\/\" title=\"\"><img decoding=\"async\" src=\"https:\/\/www.tecnic.eu\/wp-content\/uploads\/\/logos_equips_2024-TR_eprod-tff.svg\" alt=\"Logotipo de la filtraci\u00f3n industrial eProd, eProd es verde y todas las dem\u00e1s palabras son negras\" title=\"\"><\/a><a href=\"https:\/\/www.tecnic.eu\/es\/equipamiento-tecnologia-de-bioprocesos\/filtracion-de-flujo-tangencial\/filtracion-de-flujo-tangencial-eprod-52356\/\" title=\"\">.path{fill:none;stroke:#333;stroke-miterlimit:10;stroke-width:1.5px;}<\/a><br \/>\n<a href=\"https:\/\/www.tecnic.eu\/es\/equipamiento-tecnologia-de-bioprocesos\/filtracion-de-flujo-tangencial\/filtracion-de-flujo-tangencial-eprod-52356\/\" target=\"_blank\" title=\"\" rel=\"noopener\">M\u00e1s informaci\u00f3n \u21c0<\/a><br \/>\n<a href=\"https:\/\/www.tecnic.eu\/es\/equipamiento-tecnologia-de-bioprocesos\/filtracion-de-flujo-tangencial\/filtracion-de-flujo-tangencial-eprod-52356\/\" title=\"\"><img decoding=\"async\" src=\"https:\/\/www.tecnic.eu\/wp-content\/uploads\/2024\/01\/eprod-tff-footer.jpg\" alt=\"\" title=\"\"><\/a><a href=\"https:\/\/www.tecnic.eu\/es\/equipamiento-tecnologia-de-bioprocesos\/filtracion-de-flujo-tangencial\/filtracion-de-flujo-tangencial-eprod-52356\/\" title=\"\">.path{fill:none;stroke:#333;stroke-miterlimit:10;stroke-width:1.5px;}<\/a><\/p>\n","protected":false},"excerpt":{"rendered":"<p>El biorreactor ePROD de un solo uso est\u00e1 dise\u00f1ado para ofrecer un rendimiento elevado y constante en la industria.<\/p>\n","protected":false},"author":1,"featured_media":55753,"parent":52348,"menu_order":40,"comment_status":"closed","ping_status":"closed","template":"","meta":{"inline_featured_image":false,"footnotes":""},"class_list":["post-52478","page","type-page","status-publish","has-post-thumbnail","hentry"],"_links":{"self":[{"href":"https:\/\/www.tecnic.eu\/es\/wp-json\/wp\/v2\/pages\/52478","targetHints":{"allow":["GET"]}}],"collection":[{"href":"https:\/\/www.tecnic.eu\/es\/wp-json\/wp\/v2\/pages"}],"about":[{"href":"https:\/\/www.tecnic.eu\/es\/wp-json\/wp\/v2\/types\/page"}],"author":[{"embeddable":true,"href":"https:\/\/www.tecnic.eu\/es\/wp-json\/wp\/v2\/users\/1"}],"replies":[{"embeddable":true,"href":"https:\/\/www.tecnic.eu\/es\/wp-json\/wp\/v2\/comments?post=52478"}],"version-history":[{"count":0,"href":"https:\/\/www.tecnic.eu\/es\/wp-json\/wp\/v2\/pages\/52478\/revisions"}],"up":[{"embeddable":true,"href":"https:\/\/www.tecnic.eu\/es\/wp-json\/wp\/v2\/pages\/52348"}],"wp:featuredmedia":[{"embeddable":true,"href":"https:\/\/www.tecnic.eu\/es\/wp-json\/wp\/v2\/media\/55753"}],"wp:attachment":[{"href":"https:\/\/www.tecnic.eu\/es\/wp-json\/wp\/v2\/media?parent=52478"}],"curies":[{"name":"wp","href":"https:\/\/api.w.org\/{rel}","templated":true}]}}