{"id":52482,"date":"2024-01-26T12:56:42","date_gmt":"2024-01-26T11:56:42","guid":{"rendered":"https:\/\/www.tecnic.eu\/equipamiento-tecnologia-de-bioprocesos\/biorreactores\/biorreactor-epilot-de-un-solo-uso\/"},"modified":"2025-12-23T09:58:37","modified_gmt":"2025-12-23T08:58:37","slug":"biorreactor-epilot-de-un-solo-uso","status":"publish","type":"page","link":"https:\/\/www.tecnic.eu\/es\/equipamiento-tecnologia-de-bioprocesos\/biorreactores\/biorreactor-epilot-de-un-solo-uso\/","title":{"rendered":"Biorreactor ePILOT\u00ae de un solo uso"},"content":{"rendered":"<p><img decoding=\"async\" src=\"https:\/\/www.tecnic.eu\/wp-content\/uploads\/\/pilotau.svg\" alt=\"Logotipo del biorreactor ePilot de un solo uso, epilot es verde y todas las dem\u00e1s palabras son negras\" title=\"\"><br \/>\nBiorreactor de un solo uso de hasta 50L para plantas piloto<\/p>\n<p><a href=\"https:\/\/www.tecnic.eu\/es\/\">Inicio<\/a>&gt;<\/p>\n<h1>Transformando la biomanufactura con innovadores biorreactores y fermentadores de un solo uso para operaciones a escala piloto<\/h1>\n<h2>Innovando la biomanufactura con sistemas de un solo uso y doble finalidad<\/h2>\n<p>En el din\u00e1mico campo de la fabricaci\u00f3n biotecnol\u00f3gica, los biorreactores de un solo uso (SUS) se han convertido en parte integrante de muchas instalaciones de bioprocesamiento de bioproductos. Los SUS son comparativamente m\u00e1s seguros, sencillos y flexibles que su hom\u00f3logo biorreactor de acero inoxidable, y por eso su uso es habitual entre la industria biofarmac\u00e9utica en proyectos complejos como el desarrollo y la producci\u00f3n de nuevas vacunas, terapias y equipos de diagn\u00f3stico. Los biorreactores tradicionales, dise\u00f1ados principalmente para el cultivo de c\u00e9lulas de mam\u00edferos, a menudo se quedan cortos a la hora de abordar las necesidades distintivas de los cultivos microbianos, como la elevada capacidad de transferencia de ox\u00edgeno y el control preciso de la temperatura. Al detectar esta carencia, TECNIC se enorgullece de presentar el ePILOT\u00ae SU, un biorreactor\/fermentador escalable de doble uso para cultivos celulares y microbianos. Dise\u00f1ados para escalar sin problemas de 30L a 50L, tanto la versi\u00f3n celular como la microbiana del ePILOT\u00ae SU ofrecen una ventaja productiva operativa indiscutible sobre los biorreactores de acero inoxidable; como los Sistemas de Un Solo Uso (SUS) eliminan la necesidad de reesterilizaci\u00f3n y la validaci\u00f3n del sistema de limpieza, reducen el tiempo de inactividad entre lotes, ahorran tiempo de producci\u00f3n y, al mismo tiempo, garantizan un menor riesgo de contaminaci\u00f3n cruzada. A su vez, esta caracter\u00edstica de fabricaci\u00f3n r\u00e1pida y flexible acelera la comercializaci\u00f3n de los productos biofarmac\u00e9uticos. Demostrando el compromiso de TECNIC con la innovaci\u00f3n, ePILOT\u00ae SU significa un futuro prometedor para la biofabricaci\u00f3n. Este equipo, dise\u00f1ado para ofrecer un rendimiento superior y comodidad para el usuario, presenta un control preciso de la temperatura, una agitaci\u00f3n eficaz y una instrumentaci\u00f3n completa. Tambi\u00e9n ofrece un rendimiento y una facilidad operativa sin parang\u00f3n en los bioprocesos microbianos y celulares. Equipado con un robusto sistema de automatizaci\u00f3n y un conjunto optimizado de bolsas de biorreactor de un solo uso, el biorreactor ePILOT de un solo uso garantiza la simplicidad operativa. Como complemento de este equipo, el TECNIC <a href=\"https:\/\/www.tecnic.eu\/supplies\/bioprocess-bag\/ebag-str\/\" target=\"_blank\" rel=\"noopener\">eBAG\u00ae 3D STR \u21c0<\/a>, dise\u00f1ado y fabricado en nuestras instalaciones de <a href=\"https:\/\/www.europeanpharmaceuticalreview.com\/article\/2430\/cleanroom-standards\/\" target=\"_blank\" rel=\"noopener\">Sala Limpia ISO7<\/a>, presenta una soluci\u00f3n innovadora para aplicaciones tanto microbianas como de cultivo celular. Responde eficazmente a los retos m\u00e1s exigentes del mercado. <\/p>\n<h3>Versatilidad avanzada en el dise\u00f1o y rendimiento del biorreactor<\/h3>\n<h5>Biorreactor vers\u00e1til<\/h5>\n<p>El biorreactor TECNIC ePILOT\u00ae, dise\u00f1ado para alojar STR 3D eBAG\u00ae celulares y microbianos, presenta un recipiente modular de acero inoxidable con capacidades avanzadas. Incorpora una eficiente camisa con hoyuelos para una transferencia precisa del calor, garantizando una refrigeraci\u00f3n y un calentamiento \u00f3ptimos. Al mismo tiempo, el sistema cuenta con un accionamiento de alto rendimiento montado en el fondo y acoplado magn\u00e9ticamente para una agitaci\u00f3n impecable, mientras que las c\u00e9lulas de carga incorporadas proporcionan una medici\u00f3n precisa del peso. Por \u00faltimo, la completa instrumentaci\u00f3n del proceso es una caracter\u00edstica distintiva de este biorreactor, e incluye controladores de flujo m\u00e1sico, bombas perist\u00e1lticas y transmisores de sonda. En conjunto, este dise\u00f1o modular garantiza la adaptabilidad y la eficacia para diversas necesidades de bioprocesamiento.  <\/p>\n<h5>Sistema de control avanzado<\/h5>\n<p>Con una interfaz de pantalla t\u00e1ctil de 15 pulgadas, el biorreactor de un solo uso ePILOT\u00ae ofrece un sistema de control intuitivo para supervisar y ajustar los par\u00e1metros clave en el crecimiento del cultivo, garantizando la m\u00e1xima precisi\u00f3n en el proceso.<\/p>\n<h5>Control de precisi\u00f3n<\/h5>\n<p>Equipado con un conjunto de diferentes sensores (de un solo uso o reutilizables) que controlan y monitorizan el pH, la pO2, la temperatura y el nivel\/espuma en tiempo real, permite controlar con precisi\u00f3n las condiciones de cultivo para el crecimiento de c\u00e9lulas y microorganismos.<\/p>\n<h5>Escalabilidad<\/h5>\n<p>Disponible en varios tama\u00f1os (30L y 50L), el biorreactor de un solo uso de TECNIC ofrece vol\u00famenes vers\u00e1tiles para satisfacer necesidades espec\u00edficas.<\/p>\n<h5>Rendimiento y comodidad sin concesiones<\/h5>\n<p>Hay dos configuraciones generales disponibles, que se adaptan a distintas aplicaciones. La configuraci\u00f3n microbiana viene con impulsores Rushton, mientras que la configuraci\u00f3n celular presenta impulsores de un solo uso con palas inclinadas. Las configuraciones est\u00e1ndar ofrecen flexibilidad en cuanto al n\u00famero, la ubicaci\u00f3n y los tipos de puertos, incluidos los de soluciones adicionales, agitaci\u00f3n, conexi\u00f3n de escape, entrada de gas superpuesto en la zona superior junto con el puerto de sensores, y puertos de transferencia de l\u00edquidos o muestreo en la zona inferior. Adem\u00e1s, en algunos casos, podemos adaptarlo a tus necesidades y a\u00f1adir todos los accesorios necesarios para satisfacer las demandas m\u00e1s exigentes del mercado. Eleva tu eficacia operativa adoptando la versatilidad que ofrecen estas diversas opciones de configuraci\u00f3n.  <\/p>\n<h5>Sistema de agitaci\u00f3n optimizado<\/h5>\n<p>Dos impulsores de un solo uso controlados con precisi\u00f3n (turbina Rushton de 6 palas para la fermentaci\u00f3n microbiana y pala de 3 palas para el cultivo celular) gobernados por un servomotor garantizan la m\u00e1xima eficacia y productividad, con una potencia de 400 W para un rendimiento \u00f3ptimo del bioprocesamiento.<\/p>\n<h5>Relaci\u00f3n coste-eficacia<\/h5>\n<p>El eBAG\u00ae 3D STR elimina los costes m\u00e1s elevados asociados a la limpieza, la validaci\u00f3n y el mantenimiento, proporcionando una alternativa rentable para las fermentaciones de bioprocesos.<\/p>\n<h5>Garant\u00eda de calidad<\/h5>\n<p>Fabricadas en instalaciones de sala blanca ISO 7, las eBAG\u00ae 3D STR garantizan la m\u00e1xima calidad, integridad y seguridad de los productos almacenados. Se ofrecen varias certificaciones, que garantizan el cumplimiento de las normas del sector, y se pueden realizar pruebas de fugas exhaustivas para mejorar la fiabilidad.<br \/>\n<img decoding=\"async\" src=\"https:\/\/www.tecnic.eu\/wp-content\/uploads\/2024\/02\/boto-brochures.jpg\" alt=\"\" title=\"\"><\/p>\n<h3><a title=\"\" href=\"https:\/\/www.tecnic.eu\/es\/download-8\/?tmstv=1708942577\">Descargar ficha t\u00e9cnica \u21c0<\/a><\/h3>\n<h4>Nuestra gama de biorreactores de un solo uso<\/h4>\n<p>\u00bfNecesitas ayuda para elegir?  <a href=\"https:\/\/www.tecnic.eu\/es\/contacto\/\">Habla con nuestro equipo de Especialistas \u21c0<\/a><br \/>\n<a target=\"_blank\" rel=\"noopener\"><img decoding=\"async\" src=\"https:\/\/www.tecnic.eu\/wp-content\/uploads\/2024\/01\/taula-epilot-su.jpg\" alt=\"biorreactor epilot str su\" title=\"\"><\/a> <a target=\"_blank\" rel=\"noopener\"><img decoding=\"async\" src=\"https:\/\/www.tecnic.eu\/wp-content\/uploads\/\/epilot-bioreactor-su-v2.svg\" alt=\"biorreactor epilot str su\" title=\"\"><\/a>  <a href=\"https:\/\/www.tecnic.eu\/bioprocess-technology\/bioreactors\/epilot-bioreactor-single-use\/\" target=\"_black\" rel=\"noopener\"> M\u00e1s informaci\u00f3n \u21c0 <\/a> Recipientes de un solo uso 600x1687x595 Medidas (mm) 70 Peso (kg) 30 &#8211; 50 Vol\u00famenes (L) Acero inoxidable Material de la carcasa 15 &#8211; 50 Volumen de trabajo (L) eADVANCED eR&amp;D Software  <a target=\"_blank\" rel=\"noopener\"><img decoding=\"async\" src=\"https:\/\/www.tecnic.eu\/wp-content\/uploads\/2024\/01\/taula-eprod-su.jpg\" alt=\"biorreactor eprod str de un solo uso\" title=\"\"><\/a> <a target=\"_blank\" rel=\"noopener\"><img decoding=\"async\" src=\"https:\/\/www.tecnic.eu\/wp-content\/uploads\/\/eprod-bioreactor-su-v2.svg\" alt=\"logo eprod str su\" title=\"\"><\/a>  <a href=\"https:\/\/www.tecnic.eu\/bioprocess-technology\/bioreactors\/stirred-tank-reactor\/\" target=\"_black\" rel=\"noopener\"> M\u00e1s informaci\u00f3n \u21c0 <\/a> Recipientes de un solo uso 3000x4800x3000 Medidas (cm) 700 Peso (kg) 100 &#8211; 2000 Vol\u00famenes (L) Acero inoxidable Material de la carcasa 100 &#8211; 2000 Volumen de trabajo (L) eADVANCED eR&amp;D Software<br \/>\n<a href=\"https:\/\/www.tecnic.eu\/wp-admin\/admin.php?page=ninja_tables#\/table_builder_edit_table\/47402\">Editar tabla<\/a><\/p>\n<h2>Nuestro equipo de ventas est\u00e1 preparado para ayudarte con los detalles m\u00e1s t\u00e9cnicos.<\/h2>\n<p>Conecta hoy mismo con nuestro equipo. Tanto si tienes preguntas concretas como si est\u00e1s empezando a explorar, estamos aqu\u00ed para guiarte y ayudarte<a title=\"\" href=\"https:\/\/www.tecnic.eu\/es\/contacto\/\" target=\"_blank\" rel=\"noopener\">.Contacta con nosotros \u21c0<\/a><br \/>\n<a title=\"\">Pide presupuesto \u21c0<\/a><br \/>\n<a title=\"\" href=\"https:\/\/www.tecnic.eu\/es\/equipamiento-tecnologia-de-bioprocesos\/filtracion-de-flujo-tangencial\/filtracion-de-flujo-tangencial-elab-de-un-solo-uso-52360\/\"><img decoding=\"async\" src=\"https:\/\/www.tecnic.eu\/wp-content\/uploads\/\/elab-tff-su-logo-v2.svg\" alt=\"logotipo del equipo de filtraci\u00f3n de un solo uso, elab est\u00e1 en verde y SU de filtraci\u00f3n de flujo tangencial est\u00e1 en negro.\" title=\"\"><\/a><a title=\"\" href=\"https:\/\/www.tecnic.eu\/es\/equipamiento-tecnologia-de-bioprocesos\/filtracion-de-flujo-tangencial\/filtracion-de-flujo-tangencial-elab-de-un-solo-uso-52360\/\">.path{fill:none;stroke:#333;stroke-miterlimit:10;stroke-width:1.5px;}<\/a><br \/>\n<a title=\"\" href=\"https:\/\/www.tecnic.eu\/es\/equipamiento-tecnologia-de-bioprocesos\/filtracion-de-flujo-tangencial\/filtracion-de-flujo-tangencial-elab-de-un-solo-uso-52360\/\" target=\"_blank\" rel=\"noopener\">M\u00e1s informaci\u00f3n \u21c0<\/a><br \/>\n<a title=\"\" href=\"https:\/\/www.tecnic.eu\/es\/equipamiento-tecnologia-de-bioprocesos\/filtracion-de-flujo-tangencial\/filtracion-de-flujo-tangencial-elab-de-un-solo-uso-52360\/\"><img decoding=\"async\" src=\"https:\/\/www.tecnic.eu\/wp-content\/uploads\/2024\/01\/tff-su-footer.jpg\" alt=\"\" title=\"\"><\/a><a title=\"\" href=\"https:\/\/www.tecnic.eu\/es\/equipamiento-tecnologia-de-bioprocesos\/filtracion-de-flujo-tangencial\/filtracion-de-flujo-tangencial-elab-de-un-solo-uso-52360\/\">.path{fill:none;stroke:#333;stroke-miterlimit:10;stroke-width:1.5px;}<\/a><br \/>\n<a title=\"\" href=\"https:\/\/www.tecnic.eu\/supplies\/bioprocess-bag\/ebag-str\/\"><img decoding=\"async\" src=\"https:\/\/www.tecnic.eu\/wp-content\/uploads\/\/ebag3d-str.svg\" alt=\"ebag 3d STR suministra el logotipo, eplus es verde y 3d STR es negro\" title=\"\"><\/a><a title=\"\" href=\"https:\/\/www.tecnic.eu\/supplies\/bioprocess-bag\/ebag-str\/\">.path{fill:none;stroke:#333;stroke-miterlimit:10;stroke-width:1.5px;}<\/a><br \/>\n<a title=\"\" href=\"https:\/\/www.tecnic.eu\/supplies\/bioprocess-bag\/ebag-str\/\" target=\"_blank\" rel=\"noopener\">M\u00e1s informaci\u00f3n \u21c0<\/a><br \/>\n<a title=\"\" href=\"https:\/\/www.tecnic.eu\/supplies\/bioprocess-bag\/ebag-str\/\"><img decoding=\"async\" src=\"https:\/\/www.tecnic.eu\/wp-content\/uploads\/2024\/01\/ebag-3d-str-footer.jpg\" alt=\"\" title=\"\"><\/a><a title=\"\" href=\"https:\/\/www.tecnic.eu\/supplies\/bioprocess-bag\/ebag-str\/\">.path{fill:none;stroke:#333;stroke-miterlimit:10;stroke-width:1.5px;}<\/a><br \/>\n<a title=\"\" href=\"https:\/\/www.tecnic.eu\/bioprocess-technology\/eplus-bioprocess-solutions\/single-use-mixer\/\"><img decoding=\"async\" src=\"https:\/\/www.tecnic.eu\/wp-content\/uploads\/\/ePLUS-SUMTANK.svg\" alt=\"Logotipo de la mezcladora de un solo uso ePlus, ePlus es verde y todas las dem\u00e1s palabras son negras\" title=\"\"><\/a><a title=\"\" href=\"https:\/\/www.tecnic.eu\/bioprocess-technology\/eplus-bioprocess-solutions\/single-use-mixer\/\">.path{fill:none;stroke:#333;stroke-miterlimit:10;stroke-width:1.5px;}<\/a><br \/>\n<a title=\"\" href=\"https:\/\/www.tecnic.eu\/bioprocess-technology\/eplus-bioprocess-solutions\/single-use-mixer\/\" target=\"_blank\" rel=\"noopener\">M\u00e1s informaci\u00f3n \u21c0<\/a><br \/>\n<a title=\"\" href=\"https:\/\/www.tecnic.eu\/bioprocess-technology\/eplus-bioprocess-solutions\/single-use-mixer\/\"><img decoding=\"async\" src=\"https:\/\/www.tecnic.eu\/wp-content\/uploads\/2024\/01\/bloc-epilot-sum-tank.png\" alt=\"\" title=\"\"><\/a><a title=\"\" href=\"https:\/\/www.tecnic.eu\/bioprocess-technology\/eplus-bioprocess-solutions\/single-use-mixer\/\">.path{fill:none;stroke:#333;stroke-miterlimit:10;stroke-width:1.5px;}<\/a><\/p>\n","protected":false},"excerpt":{"rendered":"<p>El biorreactor ePILOT\u00ae SU aporta una soluci\u00f3n de un solo uso que combina flexibilidad operativa con un rendimiento s\u00f3lido y fiable, adapt\u00e1ndose a las necesidades reales de los procesos biofarmac\u00e9uticos.<\/p>\n","protected":false},"author":1,"featured_media":52242,"parent":52348,"menu_order":41,"comment_status":"closed","ping_status":"closed","template":"","meta":{"inline_featured_image":false,"footnotes":""},"class_list":["post-52482","page","type-page","status-publish","has-post-thumbnail","hentry"],"_links":{"self":[{"href":"https:\/\/www.tecnic.eu\/es\/wp-json\/wp\/v2\/pages\/52482","targetHints":{"allow":["GET"]}}],"collection":[{"href":"https:\/\/www.tecnic.eu\/es\/wp-json\/wp\/v2\/pages"}],"about":[{"href":"https:\/\/www.tecnic.eu\/es\/wp-json\/wp\/v2\/types\/page"}],"author":[{"embeddable":true,"href":"https:\/\/www.tecnic.eu\/es\/wp-json\/wp\/v2\/users\/1"}],"replies":[{"embeddable":true,"href":"https:\/\/www.tecnic.eu\/es\/wp-json\/wp\/v2\/comments?post=52482"}],"version-history":[{"count":0,"href":"https:\/\/www.tecnic.eu\/es\/wp-json\/wp\/v2\/pages\/52482\/revisions"}],"up":[{"embeddable":true,"href":"https:\/\/www.tecnic.eu\/es\/wp-json\/wp\/v2\/pages\/52348"}],"wp:featuredmedia":[{"embeddable":true,"href":"https:\/\/www.tecnic.eu\/es\/wp-json\/wp\/v2\/media\/52242"}],"wp:attachment":[{"href":"https:\/\/www.tecnic.eu\/es\/wp-json\/wp\/v2\/media?parent=52482"}],"curies":[{"name":"wp","href":"https:\/\/api.w.org\/{rel}","templated":true}]}}