{"id":52484,"date":"2024-03-21T07:27:03","date_gmt":"2024-03-21T06:27:03","guid":{"rendered":"https:\/\/www.tecnic.eu\/recursos-biotecnologicos\/noticias\/"},"modified":"2025-12-16T14:30:46","modified_gmt":"2025-12-16T13:30:46","slug":"noticias","status":"publish","type":"page","link":"https:\/\/www.tecnic.eu\/es\/noticias\/","title":{"rendered":"Noticias"},"content":{"rendered":"<h1>Noticias<\/h1>\n<p><a href=\"https:\/\/www.tecnic.eu\/es\/\">Inicio<\/a>&gt;En nuestra secci\u00f3n de noticias, no s\u00f3lo ofrecemos las \u00faltimas actualizaciones y an\u00e1lisis sobre avances y tendencias en biotecnolog\u00eda, sino que tambi\u00e9n destacamos los eventos propios que organizamos para la comunidad cient\u00edfica y profesional. Aqu\u00ed encontrar\u00e1s noticias sobre conferencias, seminarios y talleres que organizamos, centrados en temas cruciales como el uso de biorreactores, la filtraci\u00f3n de flujo tangencial y los suministros para bioprocesos.19 de March de 2024 <a href=\"https:\/\/www.tecnic.eu\/innovation-tour-showcasing-biotechnological-solutions\/\"><img decoding=\"async\" src=\"https:\/\/www.tecnic.eu\/wp-content\/uploads\/2024\/03\/rna-vaccine-cover-new-01-960x480.webp\" alt=\"Imagen de la sala FAT durante el TECNIC Innovation Tour.\" title=\"\"><\/a><a href=\"https:\/\/www.tecnic.eu\/wp-content\/uploads\/2024\/03\/rna-vaccine-cover-new-01-960x480.webp\">.path{fill:none;stroke:#333;stroke-miterlimit:10;stroke-width:1.5px;}<\/a><a href=\"https:\/\/www.tecnic.eu\/innovation-tour-showcasing-biotechnological-solutions\/\">.path{fill:none;stroke:#333;stroke-miterlimit:10;stroke-width:1.5px;}<\/a><\/p>\n<h3><a href=\"https:\/\/www.tecnic.eu\/innovation-tour-showcasing-biotechnological-solutions\/\">Innovation Tour para mostrar soluciones biotecnol\u00f3gicas<\/a><\/h3>\n<p>El Innovation Tour de TECNIC en Girona mostr\u00f3 soluciones biotecnol\u00f3gicas de vanguardia, fomentando el crecimiento de la industria.\u00bfTe gusta? <a href=\"#\">732<\/a> <a href=\"https:\/\/www.tecnic.eu\/innovation-tour-showcasing-biotechnological-solutions\/\">Leer m\u00e1s20<\/a>de enero de 2024<a href=\"\/?p=52419\"><img decoding=\"async\" src=\"https:\/\/www.tecnic.eu\/wp-content\/uploads\/2024\/01\/essential-introduces-cover.jpg\" alt=\"imagen de portada de la noticia sobre el biorreactor elab essential\" title=\"\"><\/a><a href=\"https:\/\/www.tecnic.eu\/wp-content\/uploads\/2024\/01\/essential-introduces-cover.jpg\">.path{fill:none;stroke:#333;stroke-miterlimit:10;stroke-width:1.5px;}<\/a><a href=\"\/?p=52419\">.path{fill:none;stroke:#333;stroke-miterlimit:10;stroke-width:1.5px;}<\/a><\/p>\n<h3><a href=\"\/?p=52419\">Essential es un biorreactor compacto y ligero<\/a><\/h3>\n<p>Explora el biorreactor eLAB\u00ae Essential: una herramienta compacta y vers\u00e1til dise\u00f1ada para la investigaci\u00f3n y producci\u00f3n biotecnol\u00f3gica eficiente por TECNIC\u00bfTe gusta? <a href=\"#\">732<\/a> <a href=\"\/?p=52419\">Leer m\u00e1s12<\/a>de abril de 2023<a href=\"\/?p=52422\"><img decoding=\"async\" src=\"https:\/\/www.tecnic.eu\/wp-content\/uploads\/2023\/04\/Single-Use-TECNIC.jpg\" alt=\"\" title=\"\"><\/a><a href=\"https:\/\/www.tecnic.eu\/wp-content\/uploads\/2023\/04\/Single-Use-TECNIC.jpg\">.path{fill:none;stroke:#333;stroke-miterlimit:10;stroke-width:1.5px;}<\/a><a href=\"\/?p=52422\">.path{fill:none;stroke:#333;stroke-miterlimit:10;stroke-width:1.5px;}<\/a><\/p>\n<h3><a href=\"\/?p=52422\">TECNIC presenta su nueva planta de un solo uso<\/a><\/h3>\n<p>Explora la nueva planta de un solo uso de TECNIC, dedicada a la fabricaci\u00f3n de elementos de bioprocesos de un solo uso personalizables y de alta calidad.\u00bfTe gusta? <a href=\"#\">732<\/a> <a href=\"\/?p=52422\">Leer m\u00e1s21<\/a>de marzo de 2022<a href=\"https:\/\/www.tecnic.eu\/tecnic-partners-with-vega-to-measurement-technology\/\"><img decoding=\"async\" src=\"https:\/\/www.tecnic.eu\/wp-content\/uploads\/2022\/03\/Cover-Manel-TECNIC.jpg\" alt=\"Persona sentada, detr\u00e1s tiene un TFF con un sensor vega.\" title=\"\"><\/a><a href=\"https:\/\/www.tecnic.eu\/wp-content\/uploads\/2022\/03\/Cover-Manel-TECNIC.jpg\">.path{fill:none;stroke:#333;stroke-miterlimit:10;stroke-width:1.5px;}<\/a><a href=\"https:\/\/www.tecnic.eu\/tecnic-partners-with-vega-to-measurement-technology\/\">.path{fill:none;stroke:#333;stroke-miterlimit:10;stroke-width:1.5px;}<\/a><\/p>\n<h3><a href=\"https:\/\/www.tecnic.eu\/tecnic-partners-with-vega-to-measurement-technology\/\">VEGA y TECNIC: Mejorando juntos la medici\u00f3n de bioprocesos<\/a><\/h3>\n<p>Explora la colaboraci\u00f3n entre VEGA y TECNIC, mejorando la tecnolog\u00eda de medici\u00f3n para bioprocesos con precisi\u00f3n y fiabilidad.\u00bfTe gusta? <a href=\"#\">732<\/a> <a href=\"https:\/\/www.tecnic.eu\/tecnic-partners-with-vega-to-measurement-technology\/\">Leer m\u00e1s<\/a><\/p>\n","protected":false},"excerpt":{"rendered":"<p>Mantente al d\u00eda con nuestras novedades: conoce las \u00faltimas noticias del sector biotecnol\u00f3gico y la informaci\u00f3n sobre nuestros eventos, como conferencias y workshops centrados en temas clave de la industria.<\/p>\n","protected":false},"author":1,"featured_media":52023,"parent":0,"menu_order":49,"comment_status":"closed","ping_status":"closed","template":"","meta":{"inline_featured_image":false,"footnotes":""},"class_list":["post-52484","page","type-page","status-publish","has-post-thumbnail","hentry"],"_links":{"self":[{"href":"https:\/\/www.tecnic.eu\/es\/wp-json\/wp\/v2\/pages\/52484","targetHints":{"allow":["GET"]}}],"collection":[{"href":"https:\/\/www.tecnic.eu\/es\/wp-json\/wp\/v2\/pages"}],"about":[{"href":"https:\/\/www.tecnic.eu\/es\/wp-json\/wp\/v2\/types\/page"}],"author":[{"embeddable":true,"href":"https:\/\/www.tecnic.eu\/es\/wp-json\/wp\/v2\/users\/1"}],"replies":[{"embeddable":true,"href":"https:\/\/www.tecnic.eu\/es\/wp-json\/wp\/v2\/comments?post=52484"}],"version-history":[{"count":0,"href":"https:\/\/www.tecnic.eu\/es\/wp-json\/wp\/v2\/pages\/52484\/revisions"}],"wp:featuredmedia":[{"embeddable":true,"href":"https:\/\/www.tecnic.eu\/es\/wp-json\/wp\/v2\/media\/52023"}],"wp:attachment":[{"href":"https:\/\/www.tecnic.eu\/es\/wp-json\/wp\/v2\/media?parent=52484"}],"curies":[{"name":"wp","href":"https:\/\/api.w.org\/{rel}","templated":true}]}}