{"id":52492,"date":"2023-12-19T12:42:37","date_gmt":"2023-12-19T11:42:37","guid":{"rendered":"https:\/\/www.tecnic.eu\/reactor-de-vidrio-sin-camisa\/"},"modified":"2025-12-16T12:44:56","modified_gmt":"2025-12-16T11:44:56","slug":"reactor-de-vidrio-sin-camisa","status":"publish","type":"page","link":"https:\/\/www.tecnic.eu\/es\/suministros\/recipientes-para-biorreactores\/reactor-de-vidrio-sin-camisa\/","title":{"rendered":"Reactor de vidrio sin camisa"},"content":{"rendered":"<h1>Reactor de vidrio sin camisa<\/h1>\n<h2>Reactor de vidrio aerodin\u00e1mico, fabricado con precisi\u00f3n<\/h2>\n<p><img decoding=\"async\" src=\"https:\/\/www.tecnic.eu\/wp-content\/uploads\/2024\/02\/vessels-nj-header_w3_phone.jpg\" alt=\"reactor de vidrio no encamisado - recipiente biorreactor - suministros\" title=\"\"><br \/>\n<img decoding=\"async\" src=\"https:\/\/www.tecnic.eu\/wp-content\/uploads\/2023\/12\/vessels-nj-header_w1.jpg\" alt=\"Reactor de vidrio sin camisa en el centro de una imagen panor\u00e1mica. El reactor es de acero inoxidable, pero el recipiente del reactor es de vidrio.\" title=\"\"><br \/>\n<a href=\"https:\/\/www.tecnic.eu\/es\/\">Inicio<\/a>&gt;<\/p>\n<h2>Precisi\u00f3n con reactores de vidrio sin camisa<\/h2>\n<p>Entra en el mundo de los reactores de vidrio sin camisa, donde la precisi\u00f3n se combina a la perfecci\u00f3n con la sencillez. Nuestros reactores, disponibles en diferentes vol\u00famenes de capacidad, elevan los procesos de tu laboratorio ofreciendo eficacia, facilidad y calidad sin concesiones.<br \/>\nEmb\u00e1rcate en una nueva era de experimentaci\u00f3n en el laboratorio con nuestros reactores de vidrio sin camisa. Dise\u00f1ados para ofrecer simplicidad, precisi\u00f3n y adaptabilidad, nuestros reactores te permiten superar los l\u00edmites del descubrimiento cient\u00edfico. Explora hoy mismo las posibilidades ilimitadas.   <\/p>\n<h5>Volumen de trabajo optimizado<\/h5>\n<p>Elige entre varios vol\u00famenes de trabajo (1L, 2L, 5L y 10L), cada uno meticulosamente dise\u00f1ado con una relaci\u00f3n di\u00e1metro-altura de 1:2,5, que garantiza un rendimiento superior. La sencillez de una sola pared te permite ejecutar incluso las soluciones m\u00e1s b\u00e1sicas. Tanto si realizas ensayos a peque\u00f1a escala como experimentos a mayor escala, nuestros reactores de vidrio sin camisa proporcionan la versatilidad necesaria para diversas aplicaciones.  <\/p>\n<h5>Control de la temperatura<\/h5>\n<p>Consigue una precisi\u00f3n sin esfuerzo en el control de la temperatura con nuestra tecnolog\u00eda de manta calefactora. Mant\u00e9n temperaturas exactas a lo largo de tus experimentos, garantizando <a href=\"https:\/\/www.sciencedirect.com\/science\/article\/abs\/pii\/0009250965800203?via%3Dihub\" target=\"_blank\" rel=\"noopener\">condiciones \u00f3ptimas<\/a> para tus reacciones. <\/p>\n<h5>Sistema de refrigeraci\u00f3n eficiente<\/h5>\n<p>Nuestros reactores de vidrio sin camisa incorporan un dedo de refrigeraci\u00f3n, que destaca por su enfriamiento r\u00e1pido y eficaz. Reduce r\u00e1pidamente las temperaturas seg\u00fan sea necesario, proporcionando una flexibilidad y un control inigualables sobre tus condiciones experimentales. <\/p>\n<h3>Configuraci\u00f3n microbiana<\/h3>\n<p>Equipado con impulsores Rushton de 6 palas, nuestro biorreactor est\u00e1 dise\u00f1ado para ofrecer altas velocidades de cizallamiento y una dispersi\u00f3n de gases excepcional. Esto lo convierte en la elecci\u00f3n ideal para procesos que exigen una mezcla intensa en cultivos microbianos<a href=\"\" title=\"\">.Impulsor Rushton \u21c0<\/a> <\/p>\n<h3>Configuraci\u00f3n celular<\/h3>\n<p>Con un impulsor de palas inclinadas, nuestro biorreactor optimiza los patrones de flujo, garantizando una mezcla y aireaci\u00f3n eficientes para las aplicaciones de cultivo celular. Este estudiado dise\u00f1o mejora la homogeneidad del entorno de cultivo al tiempo que minimiza el esfuerzo cortante, una consideraci\u00f3n esencial para los bioprocesos delicados<a href=\"\" title=\"\">.<\/a> <\/p>\n<h3>Configuraci\u00f3n microbiana<\/h3>\n<p>Equipado con impulsores Rushton de 6 palas, nuestro biorreactor est\u00e1 dise\u00f1ado para ofrecer altas velocidades de cizallamiento y una dispersi\u00f3n de gases excepcional. Esto lo convierte en la elecci\u00f3n ideal para procesos que exigen una mezcla intensa en cultivos microbianos<a href=\"\" title=\"\">.Impulsor Rushton \u21c0<\/a> <\/p>\n<h3>Configuraci\u00f3n celular<\/h3>\n<p>Con un impulsor de palas inclinadas, nuestro biorreactor optimiza los patrones de flujo, garantizando una mezcla y aireaci\u00f3n eficientes para las aplicaciones de cultivo celular. Este estudiado dise\u00f1o mejora la homogeneidad del entorno de cultivo al tiempo que minimiza el esfuerzo cortante, una consideraci\u00f3n esencial para los bioprocesos delicados<a href=\"\" title=\"\">.<\/a> <\/p>\n<h2>Avanzar en las aplicaciones de biorreactores y equipos de biotecnolog\u00eda<\/h2>\n<p>Nuestros recipientes multiuso est\u00e1n dise\u00f1ados para una amplia gama de aplicaciones de bioprocesamiento. Estos recipientes se fabrican en nuestra planta bajo un estricto control de calidad para garantizar que cumplen las normas m\u00e1s estrictas de eficacia y fiabilidad.<br \/>\nNuestro enfoque en el dise\u00f1o innovador se traduce en una funcionalidad vers\u00e1til, que los hace ideales para una serie de procesos biotecnol\u00f3gicos. Este taller profundiza en su aplicaci\u00f3n pr\u00e1ctica y en c\u00f3mo pueden utilizarse para optimizar las operaciones, manteniendo los m\u00e1s altos niveles de precisi\u00f3n.  <\/p>\n<p><img decoding=\"async\" src=\"https:\/\/www.tecnic.eu\/wp-content\/uploads\/2023\/12\/tecnic-97_w.jpg\" alt=\"\" title=\"\"><br \/>\n<img decoding=\"async\" src=\"https:\/\/www.tecnic.eu\/wp-content\/uploads\/2023\/12\/tecnic-112_w.jpg\" alt=\"\" title=\"\"><br \/>\n<img decoding=\"async\" src=\"https:\/\/www.tecnic.eu\/wp-content\/uploads\/2023\/12\/tecnic-95_w.jpg\" alt=\"\" title=\"\"><br \/>\n<img decoding=\"async\" src=\"https:\/\/www.tecnic.eu\/wp-content\/uploads\/2023\/12\/tecnic-107_w.jpg\" alt=\"\" title=\"\"><br \/>\n<img decoding=\"async\" src=\"https:\/\/www.tecnic.eu\/wp-content\/uploads\/2023\/12\/tecnic-111_w.jpg\" alt=\"\" title=\"\"><br \/>\n<img decoding=\"async\" src=\"https:\/\/www.tecnic.eu\/wp-content\/uploads\/2023\/12\/tecnic-110_w.jpg\" alt=\"\" title=\"\"><\/p>\n<h2>Nuestro equipo de ventas est\u00e1 preparado para ayudarte con los detalles m\u00e1s t\u00e9cnicos.<\/h2>\n<p>Ponte en contacto con nuestro equipo hoy mismo. Tanto si tienes preguntas concretas como si est\u00e1s empezando a explorar, estamos aqu\u00ed para guiarte y ayudarte. Ponte<a title=\"\" href=\"https:\/\/www.tecnic.eu\/es\/contacto\/\" target=\"_blank\" rel=\"noopener\">en contacto con nosotros<\/a> ahora y demos forma al futuro juntos<a title=\"\" href=\"https:\/\/www.tecnic.eu\/es\/contacto\/\" target=\"_blank\" rel=\"noopener\">.Contacta con nosotros \u21c0<\/a><br \/>\n<a title=\"\">Pide presupuesto \u21c0<\/a><\/p>\n<h2><a title=\"\" href=\"\/?page_id=52498\">Reactor de acero inoxidable<\/a><\/h2>\n<h2><a title=\"\" href=\"\/?page_id=52498\">Reactor de acero<\/a><\/h2>\n<p><a title=\"\" href=\"\/?page_id=52498\" target=\"_blank\" rel=\"noopener\">M\u00e1s informaci\u00f3n \u21c0<\/a><br \/>\n<a title=\"\" href=\"\/?page_id=52498\"><img decoding=\"async\" src=\"https:\/\/www.tecnic.eu\/wp-content\/uploads\/2023\/12\/equip-800-vessel-steel_gr.jpg\" alt=\"\" title=\"\"><\/a><a title=\"\" href=\"\/?page_id=52498\">.path{fill:none;stroke:#333;stroke-miterlimit:10;stroke-width:1.5px;}<\/a><br \/>\n<a title=\"\" href=\"https:\/\/www.tecnic.eu\/es\/equipamiento-tecnologia-de-bioprocesos\/biorreactores\/biorreactor-elab-essential-52352\/\"><img decoding=\"async\" src=\"https:\/\/www.tecnic.eu\/wp-content\/uploads\/\/logos_equips_2024-TR_elab-essential.svg\" alt=\"Logotipo de elab essential, elab es verde y todas las dem\u00e1s palabras son negras\" title=\"\"><\/a><a title=\"\" href=\"https:\/\/www.tecnic.eu\/es\/equipamiento-tecnologia-de-bioprocesos\/biorreactores\/biorreactor-elab-essential-52352\/\">.path{fill:none;stroke:#333;stroke-miterlimit:10;stroke-width:1.5px;}<\/a><br \/>\n<a title=\"\" href=\"https:\/\/www.tecnic.eu\/es\/equipamiento-tecnologia-de-bioprocesos\/biorreactores\/biorreactor-elab-essential-52352\/\" target=\"_blank\" rel=\"noopener\">M\u00e1s informaci\u00f3n \u21c0<\/a><br \/>\n<a title=\"\" href=\"https:\/\/www.tecnic.eu\/es\/equipamiento-tecnologia-de-bioprocesos\/biorreactores\/biorreactor-elab-essential-52352\/\"><img decoding=\"async\" src=\"https:\/\/www.tecnic.eu\/wp-content\/uploads\/2024\/01\/essential-footer.jpg\" alt=\"\" title=\"\"><\/a><a title=\"\" href=\"https:\/\/www.tecnic.eu\/es\/equipamiento-tecnologia-de-bioprocesos\/biorreactores\/biorreactor-elab-essential-52352\/\">.path{fill:none;stroke:#333;stroke-miterlimit:10;stroke-width:1.5px;}<\/a><\/p>\n<h2><a title=\"\" href=\"https:\/\/www.tecnic.eu\/es\/suministros\/recipientes-para-biorreactores\/reactor-de-vidrio\/\">Reactor de vidrio<\/a><\/h2>\n<p><a title=\"\" href=\"https:\/\/www.tecnic.eu\/es\/suministros\/recipientes-para-biorreactores\/reactor-de-vidrio\/\" target=\"_blank\" rel=\"noopener\">M\u00e1s informaci\u00f3n \u21c0<\/a><br \/>\n<a title=\"\" href=\"https:\/\/www.tecnic.eu\/es\/suministros\/recipientes-para-biorreactores\/reactor-de-vidrio\/\"><img decoding=\"async\" src=\"https:\/\/www.tecnic.eu\/wp-content\/uploads\/2023\/12\/equip-800-vessel-glass_gr.jpg\" alt=\"\" title=\"\"><\/a><a title=\"\" href=\"https:\/\/www.tecnic.eu\/es\/suministros\/recipientes-para-biorreactores\/reactor-de-vidrio\/\">.path{fill:none;stroke:#333;stroke-miterlimit:10;stroke-width:1.5px;}<\/a><\/p>\n","protected":false},"excerpt":{"rendered":"<p>Descubre nuestro reactor de vidrio sin camisa para biorreactores. Explora una soluci\u00f3n fiable para un bioproceso preciso y controlado. <\/p>\n","protected":false},"author":1,"featured_media":51946,"parent":52506,"menu_order":53,"comment_status":"closed","ping_status":"closed","template":"","meta":{"inline_featured_image":false,"footnotes":""},"class_list":["post-52492","page","type-page","status-publish","has-post-thumbnail","hentry"],"_links":{"self":[{"href":"https:\/\/www.tecnic.eu\/es\/wp-json\/wp\/v2\/pages\/52492","targetHints":{"allow":["GET"]}}],"collection":[{"href":"https:\/\/www.tecnic.eu\/es\/wp-json\/wp\/v2\/pages"}],"about":[{"href":"https:\/\/www.tecnic.eu\/es\/wp-json\/wp\/v2\/types\/page"}],"author":[{"embeddable":true,"href":"https:\/\/www.tecnic.eu\/es\/wp-json\/wp\/v2\/users\/1"}],"replies":[{"embeddable":true,"href":"https:\/\/www.tecnic.eu\/es\/wp-json\/wp\/v2\/comments?post=52492"}],"version-history":[{"count":0,"href":"https:\/\/www.tecnic.eu\/es\/wp-json\/wp\/v2\/pages\/52492\/revisions"}],"up":[{"embeddable":true,"href":"https:\/\/www.tecnic.eu\/es\/wp-json\/wp\/v2\/pages\/52506"}],"wp:featuredmedia":[{"embeddable":true,"href":"https:\/\/www.tecnic.eu\/es\/wp-json\/wp\/v2\/media\/51946"}],"wp:attachment":[{"href":"https:\/\/www.tecnic.eu\/es\/wp-json\/wp\/v2\/media?parent=52492"}],"curies":[{"name":"wp","href":"https:\/\/api.w.org\/{rel}","templated":true}]}}