{"id":52495,"date":"2023-12-19T12:41:35","date_gmt":"2023-12-19T11:41:35","guid":{"rendered":"https:\/\/www.tecnic.eu\/reactor-de-vidrio\/"},"modified":"2025-12-10T12:35:33","modified_gmt":"2025-12-10T11:35:33","slug":"reactor-de-vidrio","status":"publish","type":"page","link":"https:\/\/www.tecnic.eu\/es\/suministros\/recipientes-para-biorreactores\/reactor-de-vidrio\/","title":{"rendered":"Reactor de vidrio"},"content":{"rendered":"<h1>Reactor de vidrio<\/h1>\n<h2>Mejora tus cultivos con nuestro reactor de vidrio  <\/h2>\n<p><img decoding=\"async\" src=\"https:\/\/www.tecnic.eu\/wp-content\/uploads\/2023\/12\/equip-800-vessel-glass_w.jpg\" alt=\"Recipiente biorreactor transparente y de acero inoxidable\" title=\"\"><br \/>\n<img decoding=\"async\" src=\"https:\/\/www.tecnic.eu\/wp-content\/uploads\/2024\/01\/vessels-glass-header_w2.jpg\" alt=\"4 recipientes de vidrio de diferentes tama\u00f1os, viendo as\u00ed los 4 vol\u00famenes diferentes, estos recipientes biorreactores tienen diferentes posiciones en la tapa superior y un dep\u00f3sito de vidrio.\" title=\"\"><br \/>\n<a href=\"https:\/\/www.tecnic.eu\/es\/\">Inicio<\/a>&gt;<a href=\"\"><\/a><\/p>\n<h2>Reactor de vidrio de borosilicato para un control inigualable del cultivo<\/h2>\n<p>Nuestro exclusivo reactor de vidrio est\u00e1 meticulosamente fabricado con una relaci\u00f3n di\u00e1metro-altura de 1:2,5, lo que proporciona un rendimiento sin igual en el cultivo celular y los procesos microbianos. Este completo sistema incluye un soporte de acero inoxidable, una tapa, componentes de la tapa y un recipiente de vidrio de doble pared.<br \/>\nEmb\u00e1rcate en un viaje de innovaci\u00f3n con nuestro avanzado sistema de recipientes, meticulosamente dise\u00f1ado para satisfacer las exigencias de un cultivo celular y unos procesos microbianos precisos y eficientes. Nuestra tecnolog\u00eda establece nuevos est\u00e1ndares, garantizando unas condiciones \u00f3ptimas para la excelencia biotecnol\u00f3gica.  <\/p>\n<h5>Volumen de trabajo optimizado<\/h5>\n<p><a><\/a>Elige entre varios vol\u00famenes de trabajo (1L, 2L, 5L y 10L), cada uno dise\u00f1ado con una relaci\u00f3n di\u00e1metro-altura de 1:2,5 para un rendimiento superior. El reactor de vidrio dispone de un recipiente interno para procesos y reacciones, complementado con una camisa evolutiva para un control preciso de la temperatura, que satisface los exigentes requisitos de la transferencia de energ\u00eda. <\/p>\n<h5>Potente servomotor<\/h5>\n<p><a><\/a>El Servomotor, un componente clave de nuestros biorreactores, cuenta con 400 W de potencia, proporcionando una precisi\u00f3n y versatilidad inigualables. Su ingenier\u00eda avanzada permite un control meticuloso de los par\u00e1metros experimentales, garantizando unos resultados \u00f3ptimos. <\/p>\n<h5>Dise\u00f1o avanzado de la tapa<\/h5>\n<p><a><\/a>La tapa de cristal del reactor est\u00e1 equipada con 11 puertos (3 de 19 mm, 3 de 12 mm y 5 de 11 mm), que proporcionan un c\u00f3modo acceso a los sensores para un control exhaustivo. Independientemente del volumen, los puertos, sensores y medidas del motor permanecen constantes; s\u00f3lo var\u00eda la distancia entre ellos. Las conexiones de los sensores de condensador, sparger, temperatura, pO2, pH, nivel o biomasa garantizan una integraci\u00f3n perfecta con los sistemas externos. <\/p>\n<h5>Soporte<\/h5>\n<p><a><\/a>Fabricado en acero inoxidable con cuatro pies de pl\u00e1stico<a href=\"https:\/\/www.ensingerplastics.com\/en\/thermoplastic-materials\/pom-acetal-plastic\" target=\"_blank\" rel=\"noopener\">(copol\u00edmero acet\u00e1lico POM<\/a><br \/>\n), el soporte est\u00e1 dise\u00f1ado para sostener con seguridad el recipiente de vidrio, proporcionando estabilidad y fiabilidad a tus esfuerzos de bioprocesamiento.<\/p>\n<h5>Configuraciones de agitaci\u00f3n innovadoras<\/h5>\n<p><a><\/a>El sistema de agitaci\u00f3n presenta dos niveles de palas para mejorar la homogeneizaci\u00f3n. La altura de las palas puede ajustarse f\u00e1cilmente mediante prisioneros Allen situados en cada pala. <\/p>\n<h3>Configuraci\u00f3n microbiana<\/h3>\n<p>Equipado con impulsores Rushton de 6 palas, nuestro reactor de vidrio est\u00e1 dise\u00f1ado para proporcionar altas velocidades de cizallamiento y una dispersi\u00f3n de gases excepcional. Esto lo convierte en la elecci\u00f3n ideal para procesos que exigen una mezcla intensa en cultivos microbianos<a href=\"https:\/\/www.tecnic.eu\/es\/template-item\/impulsor-rushton\/\" title=\"\">.Impulsor Rushton \u21c0<\/a> <\/p>\n<h3>Configuraci\u00f3n celular<\/h3>\n<p>Con un impulsor Pitch Blade, nuestro reactor de vidrio optimiza los patrones de flujo, garantizando una mezcla y aireaci\u00f3n eficaces para las aplicaciones de cultivo celular. Este estudiado dise\u00f1o mejora la homogeneidad del entorno de cultivo al tiempo que minimiza el esfuerzo cortante, una consideraci\u00f3n esencial para los bioprocesos delicados<a href=\"https:\/\/www.tecnic.eu\/es\/template-item\/hoja-de-paso\/\" title=\"\">.<\/a> <\/p>\n<h3>Configuraci\u00f3n microbiana<\/h3>\n<p>Equipado con impulsores Rushton de 6 palas, nuestro reactor de vidrio est\u00e1 dise\u00f1ado para proporcionar altas velocidades de cizallamiento y una excepcional dispersi\u00f3n de gases. Esto lo convierte en la elecci\u00f3n ideal para procesos que exigen una mezcla intensa en cultivos microbianos<a href=\"https:\/\/www.tecnic.eu\/es\/template-item\/impulsor-rushton\/\" title=\"\">.Impulsor Rushton \u21c0<\/a> <\/p>\n<h3>Configuraci\u00f3n celular<\/h3>\n<p>Con un impulsor Pitch Blade, nuestro reactor de vidrio optimiza los patrones de flujo, garantizando una mezcla y aireaci\u00f3n eficaces para las aplicaciones de cultivo celular. Este estudiado dise\u00f1o mejora la homogeneidad del entorno de cultivo al tiempo que minimiza el esfuerzo cortante, una consideraci\u00f3n esencial para los bioprocesos delicados<a href=\"https:\/\/www.tecnic.eu\/es\/template-item\/hoja-de-paso\/\" title=\"\">.<\/a> <\/p>\n<h2>Avanzar en las aplicaciones de biorreactores y equipos de biotecnolog\u00eda<\/h2>\n<p>Nuestros reactores multiuso, dise\u00f1ados para diversas aplicaciones de bioprocesamiento. En nuestras instalaciones, estos recipientes se fabrican bajo estrictos controles de calidad, garantizando que cumplen las normas m\u00e1s estrictas de eficacia y fiabilidad. Nuestra atenci\u00f3n al dise\u00f1o innovador se traduce en una funcionalidad vers\u00e1til, que los hace ideales para una serie de procesos biotecnol\u00f3gicos. Este taller ofrece una inmersi\u00f3n profunda en su aplicaci\u00f3n pr\u00e1ctica, demostrando c\u00f3mo optimizan las operaciones manteniendo la m\u00e1xima precisi\u00f3n.   <\/p>\n<h5>Volumen de trabajo optimizado<\/h5>\n<p><a><\/a>Elige entre varios vol\u00famenes de trabajo (1L, 2L, 5L y 10L), cada uno dise\u00f1ado con una relaci\u00f3n di\u00e1metro-altura de 1:2,5 para un rendimiento superior. El biorreactor dispone de un contenedor interno para procesos y reacciones, complementado con una camisa evolutiva para un control preciso de la temperatura, que satisface los exigentes requisitos de la transferencia de energ\u00eda. <\/p>\n<h5>Potente servomotor<\/h5>\n<p><a><\/a>El Servomotor, un componente clave del biorreactor avanzado eLAB\u00ae, dispone de 400 W de potencia, lo que proporciona una precisi\u00f3n y versatilidad inigualables. Su ingenier\u00eda avanzada permite un control meticuloso de los par\u00e1metros experimentales, garantizando unos resultados \u00f3ptimos. <\/p>\n<h5>Dise\u00f1o avanzado de la tapa<\/h5>\n<p><a><\/a>La tapa del biorreactor est\u00e1 equipada con 11 puertos (3 de 19 mm, 3 de 12 mm y 5 de 11 mm), que proporcionan un c\u00f3modo acceso a los sensores para un control exhaustivo. Independientemente del volumen, los puertos, sensores y medidas del motor permanecen constantes; s\u00f3lo var\u00eda la distancia entre ellos. Las conexiones de los sensores de condensador, sparger, temperatura, pO2, pH, nivel o biomasa garantizan una integraci\u00f3n perfecta con los sistemas externos.  <\/p>\n<h5>Soporte<\/h5>\n<p><a><\/a>Fabricado en acero inoxidable con cuatro pies de pl\u00e1stico (copol\u00edmero acet\u00e1lico POM), el soporte est\u00e1 dise\u00f1ado para sostener firmemente el recipiente de vidrio, proporcionando estabilidad y fiabilidad a tus esfuerzos de bioprocesamiento.<\/p>\n<h5>Configuraciones de agitaci\u00f3n innovadoras<\/h5>\n<p><a><\/a>El sistema de agitaci\u00f3n presenta dos niveles de palas para mejorar la homogeneizaci\u00f3n. La altura de las palas puede ajustarse f\u00e1cilmente mediante prisioneros Allen situados en cada pala. <\/p>\n<h3>Configuraci\u00f3n microbiana<\/h3>\n<p>Equipado con impulsores Rushton de 6 palas, nuestro biorreactor est\u00e1 dise\u00f1ado para ofrecer altas velocidades de cizallamiento y una dispersi\u00f3n de gases excepcional. Esto lo convierte en la elecci\u00f3n ideal para procesos que exigen una mezcla intensa en cultivos microbianos<a href=\"https:\/\/www.tecnic.eu\/es\/template-item\/impulsor-rushton\/\" title=\"\">.Impulsor Rushton \u21c0<\/a> <\/p>\n<h3>Configuraci\u00f3n celular<\/h3>\n<p>Con un impulsor de palas inclinadas, nuestro biorreactor optimiza los patrones de flujo, garantizando una mezcla y aireaci\u00f3n eficientes para las aplicaciones de cultivo celular. Este estudiado dise\u00f1o mejora la homogeneidad del entorno de cultivo al tiempo que minimiza el esfuerzo cortante, una consideraci\u00f3n esencial para los bioprocesos delicados<a href=\"https:\/\/www.tecnic.eu\/es\/template-item\/hoja-de-paso\/\" title=\"\">.<\/a><br \/>\n<img decoding=\"async\" src=\"https:\/\/www.tecnic.eu\/wp-content\/uploads\/2023\/12\/tecnic-97_w.jpg\" alt=\"\" title=\"\"><br \/>\n<img decoding=\"async\" src=\"https:\/\/www.tecnic.eu\/wp-content\/uploads\/2023\/12\/tecnic-112_w.jpg\" alt=\"\" title=\"\"><br \/>\n<img decoding=\"async\" src=\"https:\/\/www.tecnic.eu\/wp-content\/uploads\/2023\/12\/tecnic-95_w.jpg\" alt=\"\" title=\"\"><br \/>\n<img decoding=\"async\" src=\"https:\/\/www.tecnic.eu\/wp-content\/uploads\/2023\/12\/tecnic-107_w.jpg\" alt=\"\" title=\"\"><br \/>\n<img decoding=\"async\" src=\"https:\/\/www.tecnic.eu\/wp-content\/uploads\/2023\/12\/tecnic-111_w.jpg\" alt=\"\" title=\"\"><br \/>\n<img decoding=\"async\" src=\"https:\/\/www.tecnic.eu\/wp-content\/uploads\/2023\/12\/tecnic-110_w.jpg\" alt=\"\" title=\"\"><\/p>\n<h2>Nuestro equipo de ventas est\u00e1 preparado para ayudarte con los detalles m\u00e1s t\u00e9cnicos.<\/h2>\n<p>Ponte en contacto con nuestro equipo hoy mismo. Tanto si tienes preguntas concretas como si est\u00e1s empezando a explorar, estamos aqu\u00ed para guiarte y ayudarte.&nbsp;Ponte en contacto con nosotros y dise\u00f1emos el futuro juntos<a href=\"https:\/\/www.tecnic.eu\/es\/contacto\/\" target=\"_blank\" title=\"\" rel=\"noopener\">.Contacta con nosotros \u21c0<\/a><br \/>\n<a href=\"\" title=\"\">Pide presupuesto \u21c0<\/a><\/p>\n<h2><a href=\"\/?page_id=52498\" title=\"\">Reactor de acero inoxidable<\/a><\/h2>\n<h2><a href=\"\/?page_id=52498\" title=\"\">Reactor de acero<\/a><\/h2>\n<p><a href=\"\/?page_id=52498\" target=\"_blank\" title=\"\" rel=\"noopener\">M\u00e1s informaci\u00f3n \u21c0<\/a><br \/>\n<a href=\"\/?page_id=52498\" title=\"\"><img decoding=\"async\" src=\"https:\/\/www.tecnic.eu\/wp-content\/uploads\/2023\/12\/equip-800-vessel-steel_gr.jpg\" alt=\"\" title=\"\"><\/a><a href=\"\/?page_id=52498\" title=\"\">.path{fill:none;stroke:#333;stroke-miterlimit:10;stroke-width:1.5px;}<\/a><br \/>\n<a href=\"https:\/\/www.tecnic.eu\/es\/?page_id=52361\" title=\"\"><img decoding=\"async\" src=\"https:\/\/www.tecnic.eu\/wp-content\/uploads\/\/logos_equips_2024-TR_elab-advanced.svg\" alt=\"Logotipo del equipo de laboratorio elab, elab es verde y todas las dem\u00e1s palabras son negras\" title=\"\"><\/a><a href=\"https:\/\/www.tecnic.eu\/es\/?page_id=52361\" title=\"\">.path{fill:none;stroke:#333;stroke-miterlimit:10;stroke-width:1.5px;}<\/a><br \/>\n<a href=\"https:\/\/www.tecnic.eu\/es\/?page_id=52361\" target=\"_blank\" title=\"\" rel=\"noopener\">M\u00e1s informaci\u00f3n \u21c0<\/a><br \/>\n<a href=\"https:\/\/www.tecnic.eu\/es\/?page_id=52361\" title=\"\"><img decoding=\"async\" src=\"https:\/\/www.tecnic.eu\/wp-content\/uploads\/2024\/01\/elab-advanced-footer.jpg\" alt=\"\" title=\"\"><\/a><a href=\"https:\/\/www.tecnic.eu\/es\/?page_id=52361\" title=\"\">.path{fill:none;stroke:#333;stroke-miterlimit:10;stroke-width:1.5px;}<\/a><\/p>\n<h2><a href=\"https:\/\/www.tecnic.eu\/es\/suministros\/recipientes-para-biorreactores\/recipiente-de-un-solo-uso\/\" title=\"\">Reactor de un solo uso<\/a><\/h2>\n<p><a href=\"https:\/\/www.tecnic.eu\/es\/suministros\/recipientes-para-biorreactores\/recipiente-de-un-solo-uso\/\" target=\"_blank\" title=\"\" rel=\"noopener\">M\u00e1s informaci\u00f3n \u21c0<\/a><br \/>\n<a href=\"https:\/\/www.tecnic.eu\/es\/suministros\/recipientes-para-biorreactores\/recipiente-de-un-solo-uso\/\" title=\"\"><img decoding=\"async\" src=\"https:\/\/www.tecnic.eu\/wp-content\/uploads\/2023\/12\/equip-800-vessel-su_gr.jpg\" alt=\"Reactor de un solo uso fabricado con un material blanco, el recipiente es transparente y se puede ver el interior.\" title=\"\"><\/a><a href=\"https:\/\/www.tecnic.eu\/es\/suministros\/recipientes-para-biorreactores\/recipiente-de-un-solo-uso\/\" title=\"\">.path{fill:none;stroke:#333;stroke-miterlimit:10;stroke-width:1.5px;}<\/a><\/p>\n","protected":false},"excerpt":{"rendered":"<p>Explora nuestro reactor de vidrio de borosilicato, una soluci\u00f3n vers\u00e1til pensada para aplicaciones de laboratorio, y dise\u00f1ada para ofrecer un rendimiento fiable y eficiente.<\/p>\n","protected":false},"author":1,"featured_media":51791,"parent":52506,"menu_order":54,"comment_status":"closed","ping_status":"closed","template":"","meta":{"inline_featured_image":false,"footnotes":""},"class_list":["post-52495","page","type-page","status-publish","has-post-thumbnail","hentry"],"_links":{"self":[{"href":"https:\/\/www.tecnic.eu\/es\/wp-json\/wp\/v2\/pages\/52495","targetHints":{"allow":["GET"]}}],"collection":[{"href":"https:\/\/www.tecnic.eu\/es\/wp-json\/wp\/v2\/pages"}],"about":[{"href":"https:\/\/www.tecnic.eu\/es\/wp-json\/wp\/v2\/types\/page"}],"author":[{"embeddable":true,"href":"https:\/\/www.tecnic.eu\/es\/wp-json\/wp\/v2\/users\/1"}],"replies":[{"embeddable":true,"href":"https:\/\/www.tecnic.eu\/es\/wp-json\/wp\/v2\/comments?post=52495"}],"version-history":[{"count":0,"href":"https:\/\/www.tecnic.eu\/es\/wp-json\/wp\/v2\/pages\/52495\/revisions"}],"up":[{"embeddable":true,"href":"https:\/\/www.tecnic.eu\/es\/wp-json\/wp\/v2\/pages\/52506"}],"wp:featuredmedia":[{"embeddable":true,"href":"https:\/\/www.tecnic.eu\/es\/wp-json\/wp\/v2\/media\/51791"}],"wp:attachment":[{"href":"https:\/\/www.tecnic.eu\/es\/wp-json\/wp\/v2\/media?parent=52495"}],"curies":[{"name":"wp","href":"https:\/\/api.w.org\/{rel}","templated":true}]}}