{"id":52502,"date":"2023-12-19T12:07:53","date_gmt":"2023-12-19T11:07:53","guid":{"rendered":"https:\/\/www.tecnic.eu\/recipiente-de-un-solo-uso\/"},"modified":"2025-12-16T09:55:50","modified_gmt":"2025-12-16T08:55:50","slug":"recipiente-de-un-solo-uso","status":"publish","type":"page","link":"https:\/\/www.tecnic.eu\/es\/suministros\/recipientes-para-biorreactores\/recipiente-de-un-solo-uso\/","title":{"rendered":"Reactor de un solo uso"},"content":{"rendered":"<h1>Reactor de un solo uso<\/h1>\n<h2>Precisi\u00f3n y pureza en cada reactor de un solo uso<\/h2>\n<p><img decoding=\"async\" src=\"https:\/\/www.tecnic.eu\/wp-content\/uploads\/2023\/12\/vessels-su-header_w2.jpg\" alt=\"4 reactores de un solo uso colocados de lado, de mayor a menor tama\u00f1o\" title=\"\"><br \/>\n<img decoding=\"async\" src=\"https:\/\/www.tecnic.eu\/wp-content\/uploads\/2023\/12\/equip-800-vessel-su_w1.jpg\" alt=\"Recipiente de un solo uso fabricado con un material blanco, el recipiente es transparente y se puede ver el interior.\" title=\"\"><br \/>\n<a href=\"https:\/\/www.tecnic.eu\/es\/\">Inicio<\/a>&gt;<a href=\"\"><\/a><\/p>\n<h2>Configuraci\u00f3n simplificada para una optimizaci\u00f3n mejorada y un rendimiento superior con nuestro reactor de un solo uso<\/h2>\n<p>Descubre la eficacia de nuestros reactores de un solo uso listos para usar, fabricados meticulosamente en condiciones estrictas y esterilizados mediante irradiaci\u00f3n gamma. Estos reactores de un solo uso son la soluci\u00f3n definitiva para el desarrollo de procesos, as\u00ed como para aplicaciones de cultivo celular y microbiano. Explora las distintas opciones de configuraci\u00f3n para satisfacer tus necesidades espec\u00edficas de bioproceso.  <\/p>\n<h5>Vol\u00famenes de trabajo optimizados<\/h5>\n<p><a><\/a>Elige entre una gama de vol\u00famenes de trabajo de 0,5, 1, 2 y 5 L. La sencillez de nuestro recipiente de un solo uso te permite aplicar con facilidad incluso las soluciones m\u00e1s b\u00e1sicas.<\/p>\n<h5>Ingenier\u00eda de precisi\u00f3n<\/h5>\n<p><a><\/a>Accionado por un motor sin escobillas, nuestro biorreactor presume de una precisi\u00f3n y versatilidad sin precedentes. Esta maravilla de la ingenier\u00eda permite un control meticuloso de los par\u00e1metros experimentales, garantizando unos resultados \u00f3ptimos en tus esfuerzos. <\/p>\n<h5>Garant\u00eda de ausencia de contaminaci\u00f3n<\/h5>\n<p><a><\/a>Experimenta la tranquilidad con nuestro innovador dise\u00f1o de placa de cabeza de recipiente de un solo uso, que garantiza la seguridad herm\u00e9tica y elimina el riesgo de contaminaciones en tu bioproceso.<\/p>\n<h5>Configuraciones de agitaci\u00f3n<\/h5>\n<p><a><\/a>Nuestro avanzado sistema de agitaci\u00f3n incorpora dos niveles de palas para mejorar la homogeneizaci\u00f3n, garantizando una experiencia de mezcla sin fisuras para tus aplicaciones.<\/p>\n<h3>Configuraci\u00f3n microbiana<\/h3>\n<p>Equipado con impulsores Rushton de 6 palas, nuestro recipiente de un solo uso est\u00e1 dise\u00f1ado para proporcionar altas velocidades de cizallamiento y una excepcional dispersi\u00f3n de gases. Esto lo convierte en la elecci\u00f3n ideal para procesos que exigen una mezcla intensa en cultivos microbianos<a href=\"https:\/\/www.tecnic.eu\/es\/template-item\/impulsor-rushton\/\" title=\"\">.Impulsor Rushton \u21c0<\/a> <\/p>\n<h3>Configuraci\u00f3n celular<\/h3>\n<p>Con un impulsor de pala inclinada, nuestros recipientes de un solo uso optimizan los patrones de flujo, garantizando una mezcla y aireaci\u00f3n eficaces para las aplicaciones de cultivo celular. Este estudiado dise\u00f1o mejora la homogeneidad del entorno de cultivo al tiempo que minimiza la tensi\u00f3n de cizallamiento, una consideraci\u00f3n esencial para los bioprocesos sensibles<a href=\"https:\/\/www.tecnic.eu\/es\/template-item\/hoja-de-paso\/\" title=\"\">.<\/a> <\/p>\n<h3>Configuraci\u00f3n microbiana<\/h3>\n<p>Equipado con impulsores Rushton de 6 palas, nuestro recipiente de un solo uso est\u00e1 dise\u00f1ado para proporcionar altas velocidades de cizallamiento y una excepcional dispersi\u00f3n de gases. Esto lo convierte en la elecci\u00f3n ideal para procesos que exigen una mezcla intensa en cultivos microbianos<a href=\"https:\/\/www.tecnic.eu\/es\/template-item\/impulsor-rushton\/\" title=\"\">.Impulsor Rushton \u21c0<\/a> <\/p>\n<h3>Configuraci\u00f3n celular<\/h3>\n<p>Con un impulsor de pala inclinada, nuestros recipientes SU optimizan los patrones de flujo, garantizando una mezcla y aireaci\u00f3n eficaces para las aplicaciones de cultivo celular. Este estudiado dise\u00f1o mejora la homogeneidad del entorno de cultivo al tiempo que minimiza la tensi\u00f3n de cizallamiento, una consideraci\u00f3n esencial para los bioprocesos sensibles<a href=\"https:\/\/www.tecnic.eu\/es\/template-item\/hoja-de-paso\/\" title=\"\">.<\/a> <\/p>\n<h2>Material para recipientes de un solo uso  <\/h2>\n<p>Nuestra tecnolog\u00eda de film de TECNIC est\u00e1 dise\u00f1ada espec\u00edficamente para la alta calidad. Cada uno de nuestros productos de un solo uso se distingue por su estructura \u00fanica de cinco capas, cada una de las cuales cumple una funci\u00f3n espec\u00edfica para optimizar la integridad, la durabilidad, la longevidad y la esterilidad del equipo.  <\/p>\n<h5>Capa 1 &#8211; LPDE (50\u03bcm)  <\/h5>\n<p><a><\/a>La primera capa est\u00e1 hecha de Polietileno de Baja Densidad (LPDE), que proporciona a los productos de un solo uso una robusta resistencia mec\u00e1nica, asegurando su durabilidad y resistencia a los factores f\u00edsicos. Es la capa exterior que protege la bolsa de factores externos y da\u00f1os por manipulaci\u00f3n. <\/p>\n<h5>Capa 2 &#8211; TIE (10\u03bcm)  <\/h5>\n<p><a><\/a>El elast\u00f3mero termopl\u00e1stico intercalado (TIE) sirve como capa de uni\u00f3n, adhiriendo todas las capas adyacentes entre s\u00ed y manteniendo as\u00ed la integridad estructural del equipo de un solo uso. Esta capa garantiza que los distintos materiales se cohesionen a la perfecci\u00f3n, evitando la deslaminaci\u00f3n y manteniendo la resistencia general de la bolsa. <\/p>\n<h5>Capa 3 &#8211; EVOH (20\u03bcm)<\/h5>\n<p><a><\/a>El alcohol vin\u00edlico de etileno (EVOH) es la capa de barrera al gas, esencial para controlar la permeabilidad al gas y mantener un entorno \u00f3ptimo para el almacenamiento del producto.<\/p>\n<h5>Capa 4 &#8211; TIE (10\u03bcm)<\/h5>\n<p><a><\/a>Otra capa de elast\u00f3mero termopl\u00e1stico intercalado (TIE) act\u00faa como segundo agente adhesivo, que refuerza a\u00fan m\u00e1s la uni\u00f3n entre todas las capas, garantizando una estructura estable y segura.<\/p>\n<h5>Capa 5 &#8211; ULPDE (230\u03bcm)<\/h5>\n<p><a><\/a>La capa m\u00e1s interna, el Polietileno de Ultra Baja Densidad (ULPDE), est\u00e1 en contacto directo con el producto cliente. Su funci\u00f3n principal es proporcionar un entorno biocompatible y no t\u00f3xico para el producto de consumo, garantizando su seguridad e integridad.<br \/>\n<img decoding=\"async\" src=\"https:\/\/www.tecnic.eu\/wp-content\/uploads\/2023\/12\/vessels-su-materials_w6.jpg\" alt=\"Recipientes de un solo uso, acampanados, desde abajo hacia delante. El primero tiene dos flechas que marcan el material del recipiente.\" title=\"\"><\/p>\n<h2>Sala blanca ISO 7 interna para normas de un solo uso<\/h2>\n<p>El proceso de fabricaci\u00f3n de nuestros productos de bioprocesamiento de un solo uso, como el eBAG\u00ae 2D, 3D y el recipiente de un solo uso, cumple estrictamente las rigurosas normas de una <a href=\"https:\/\/www.americancleanrooms.com\/es\/iso-7-cleanroom\/\" target=\"_blank\" rel=\"noopener\">sala blanca ISO 7<\/a>. Esta clasificaci\u00f3n espec\u00edfica garantiza un entorno altamente controlado, caracterizado por un recuento m\u00e1ximo de part\u00edculas de 10.000 (\u2265 0,5 \u03bcm) por metro c\u00fabico de aire.<br \/>\nEste nivel de control es fundamental para garantizar la esterilidad y la calidad de nuestros productos, ya que reduce significativamente el riesgo de contaminaci\u00f3n microbiana y por part\u00edculas. Al adherirnos a estas normas, garantizamos que cada producto cumpla las altas expectativas de pureza y rendimiento requeridas en aplicaciones sensibles de bioprocesamiento, proporcionando a nuestros clientes soluciones biotecnol\u00f3gicas fiables y consistentes.<\/p>\n<p><img decoding=\"async\" src=\"https:\/\/www.tecnic.eu\/wp-content\/uploads\/2023\/11\/SingleUse_TECNIC1.jpg\" alt=\"Personas que trabajan en la fabricaci\u00f3n de bolsas para bioprocesos en una sala blanca iso 7.\" title=\"\"><\/p>\n<p><img decoding=\"async\" src=\"https:\/\/www.tecnic.eu\/wp-content\/uploads\/2023\/11\/bIOPHA.jpg\" alt=\"Dos personas cubiertas totalmente con ropa blanca trabajando en una sala blanca en una aplicaci\u00f3n cient\u00edfica.\" title=\"\"><br \/>\n<img decoding=\"async\" src=\"https:\/\/www.tecnic.eu\/wp-content\/uploads\/2023\/11\/Single-use-3.jpg\" alt=\"\" title=\"\"><br \/>\n<img decoding=\"async\" src=\"https:\/\/www.tecnic.eu\/wp-content\/uploads\/2023\/11\/SINGLE-USE-4.jpg\" alt=\"a trav\u00e9s de una ventana, se puede ver a gente en una planta de un solo uso trabajando\" title=\"\"><br \/>\n<img decoding=\"async\" src=\"https:\/\/www.tecnic.eu\/wp-content\/uploads\/2023\/11\/Single_USe3.jpg\" alt=\"personas que trabajan en una planta de un solo uso\" title=\"\"><\/p>\n<h2>Nuestro equipo de ventas est\u00e1 preparado para ayudarte con los detalles m\u00e1s t\u00e9cnicos.<\/h2>\n<p>Conecta hoy mismo con nuestro equipo. Tanto si tienes preguntas concretas como si est\u00e1s empezando a explorar, estamos aqu\u00ed para guiarte y ayudarte.&nbsp;Ponte en<a href=\"https:\/\/www.tecnic.eu\/es\/contacto\/\" target=\"_blank\" title=\"\" rel=\"noopener\">contacto con nosotros<\/a> ahora y demos forma al futuro juntos<a href=\"https:\/\/www.tecnic.eu\/es\/contacto\/\" target=\"_blank\" title=\"\" rel=\"noopener\">.Contacta con nosotros \u21c0<\/a><br \/>\n<a href=\"\" title=\"\">Pide presupuesto \u21c0<\/a><\/p>\n<h2><a href=\"\/?page_id=52498\" title=\"\">Reactor de acero inoxidable<\/a><\/h2>\n<h2><a href=\"\/?page_id=52498\" title=\"\">Reactor de acero<\/a><\/h2>\n<p><a href=\"\/?page_id=52498\" target=\"_blank\" title=\"\" rel=\"noopener\">M\u00e1s informaci\u00f3n \u21c0<\/a><br \/>\n<a href=\"\/?page_id=52498\" title=\"\"><img decoding=\"async\" src=\"https:\/\/www.tecnic.eu\/wp-content\/uploads\/2023\/12\/equip-800-vessel-steel_gr.jpg\" alt=\"\" title=\"\"><\/a><a href=\"\/?page_id=52498\" title=\"\">.path{fill:none;stroke:#333;stroke-miterlimit:10;stroke-width:1.5px;}<\/a><br \/>\n<a href=\"https:\/\/www.tecnic.eu\/es\/equipamiento-tecnologia-de-bioprocesos\/biorreactores\/biorreactor-elab-essential-52352\/\" title=\"\"><img decoding=\"async\" src=\"https:\/\/www.tecnic.eu\/wp-content\/uploads\/\/logos_equips_2024-TR_elab-essential.svg\" alt=\"Logotipo de elab essential, elab es verde y todas las dem\u00e1s palabras son negras\" title=\"\"><\/a><a href=\"https:\/\/www.tecnic.eu\/es\/equipamiento-tecnologia-de-bioprocesos\/biorreactores\/biorreactor-elab-essential-52352\/\" title=\"\">.path{fill:none;stroke:#333;stroke-miterlimit:10;stroke-width:1.5px;}<\/a><br \/>\n<a href=\"https:\/\/www.tecnic.eu\/es\/equipamiento-tecnologia-de-bioprocesos\/biorreactores\/biorreactor-elab-essential-52352\/\" target=\"_blank\" title=\"\" rel=\"noopener\">M\u00e1s informaci\u00f3n \u21c0<\/a><br \/>\n<a href=\"https:\/\/www.tecnic.eu\/es\/equipamiento-tecnologia-de-bioprocesos\/biorreactores\/biorreactor-elab-essential-52352\/\" title=\"\"><img decoding=\"async\" src=\"https:\/\/www.tecnic.eu\/wp-content\/uploads\/2024\/01\/essential-footer.jpg\" alt=\"\" title=\"\"><\/a><a href=\"https:\/\/www.tecnic.eu\/es\/equipamiento-tecnologia-de-bioprocesos\/biorreactores\/biorreactor-elab-essential-52352\/\" title=\"\">.path{fill:none;stroke:#333;stroke-miterlimit:10;stroke-width:1.5px;}<\/a><\/p>\n<h2><a href=\"https:\/\/www.tecnic.eu\/es\/suministros\/recipientes-para-biorreactores\/reactor-de-vidrio\/\" title=\"\">Reactor de vidrio<\/a><\/h2>\n<p><a href=\"https:\/\/www.tecnic.eu\/es\/suministros\/recipientes-para-biorreactores\/reactor-de-vidrio\/\" target=\"_blank\" title=\"\" rel=\"noopener\">M\u00e1s informaci\u00f3n \u21c0<\/a><br \/>\n<a href=\"https:\/\/www.tecnic.eu\/es\/suministros\/recipientes-para-biorreactores\/reactor-de-vidrio\/\" title=\"\"><img decoding=\"async\" src=\"https:\/\/www.tecnic.eu\/wp-content\/uploads\/2023\/12\/equip-800-vessel-glass_gr.jpg\" alt=\"\" title=\"\"><\/a><a href=\"https:\/\/www.tecnic.eu\/es\/suministros\/recipientes-para-biorreactores\/reactor-de-vidrio\/\" title=\"\">.path{fill:none;stroke:#333;stroke-miterlimit:10;stroke-width:1.5px;}<\/a><\/p>\n","protected":false},"excerpt":{"rendered":"<p>Descubre nuestros reactores de un solo uso para biorreactores. Conoce soluciones fiables de un solo uso dise\u00f1adas para un bioproceso preciso y controlado. <\/p>\n","protected":false},"author":1,"featured_media":52281,"parent":52506,"menu_order":56,"comment_status":"closed","ping_status":"closed","template":"","meta":{"inline_featured_image":false,"footnotes":""},"class_list":["post-52502","page","type-page","status-publish","has-post-thumbnail","hentry"],"_links":{"self":[{"href":"https:\/\/www.tecnic.eu\/es\/wp-json\/wp\/v2\/pages\/52502","targetHints":{"allow":["GET"]}}],"collection":[{"href":"https:\/\/www.tecnic.eu\/es\/wp-json\/wp\/v2\/pages"}],"about":[{"href":"https:\/\/www.tecnic.eu\/es\/wp-json\/wp\/v2\/types\/page"}],"author":[{"embeddable":true,"href":"https:\/\/www.tecnic.eu\/es\/wp-json\/wp\/v2\/users\/1"}],"replies":[{"embeddable":true,"href":"https:\/\/www.tecnic.eu\/es\/wp-json\/wp\/v2\/comments?post=52502"}],"version-history":[{"count":0,"href":"https:\/\/www.tecnic.eu\/es\/wp-json\/wp\/v2\/pages\/52502\/revisions"}],"up":[{"embeddable":true,"href":"https:\/\/www.tecnic.eu\/es\/wp-json\/wp\/v2\/pages\/52506"}],"wp:featuredmedia":[{"embeddable":true,"href":"https:\/\/www.tecnic.eu\/es\/wp-json\/wp\/v2\/media\/52281"}],"wp:attachment":[{"href":"https:\/\/www.tecnic.eu\/es\/wp-json\/wp\/v2\/media?parent=52502"}],"curies":[{"name":"wp","href":"https:\/\/api.w.org\/{rel}","templated":true}]}}