{"id":52506,"date":"2023-12-19T10:46:56","date_gmt":"2023-12-19T09:46:56","guid":{"rendered":"https:\/\/www.tecnic.eu\/suministros\/recipientes-para-biorreactores\/"},"modified":"2026-03-23T14:42:28","modified_gmt":"2026-03-23T13:42:28","slug":"recipientes-para-biorreactores","status":"publish","type":"page","link":"https:\/\/www.tecnic.eu\/es\/suministros\/recipientes-para-biorreactores\/","title":{"rendered":"Recipientes para biorreactores"},"content":{"rendered":"<h1>Recipientes para biorreactores<\/h1>\n<h2>Recipientes biorreactores vers\u00e1tiles y fiables para el bioprocesamiento<\/h2>\n<p>Estamos especializados en la creaci\u00f3n de recipientes para biorreactores, esenciales para una amplia gama de actividades de bioprocesamiento. Nuestros recipientes est\u00e1n dise\u00f1ados pensando en la practicidad, perfectamente adecuados para diversas aplicaciones en el campo de la biotecnolog\u00eda. Ya sea para mantener <a href=\"https:\/\/www.fda.gov\/inspections-compliance-enforcement-and-criminal-investigations\/inspection-guides\/sterilization-process-controls\" target=\"_blank\" rel=\"noopener\">la esterilidad<\/a> en procesos delicados, manipular grandes vol\u00famenes bajo presi\u00f3n o apoyar operaciones rentables, nuestros recipientes para biorreactores est\u00e1n a la altura. Est\u00e1n construidos para ser adaptables, satisfaciendo eficazmente los variados requisitos de la investigaci\u00f3n y la producci\u00f3n biotecnol\u00f3gicas. Centrados en la calidad y la funcionalidad, nuestros recipientes garantizan un rendimiento y una fiabilidad constantes, lo que los convierte en una elecci\u00f3n inteligente para cualquier necesidad de bioprocesamiento. Nuestra cartera incluye Recipientes de un solo uso, Reactores de acero inoxidable, Reactores de vidrio y Reactores sin revestimiento, cada uno de ellos dise\u00f1ado de forma \u00fanica para apoyar diversos aspectos del bioprocesamiento.    <\/p>\n<h3>Recipientes para biorreactores<\/h3>\n<p>Soluciones vers\u00e1tiles para diversas necesidades de bioprocesamiento<\/p>\n<h2>Single Use<\/h2>\n<p><a href=\"https:\/\/www.tecnic.eu\/es\/suministros\/recipientes-para-biorreactores\/recipiente-de-un-solo-uso\/\" title=\"\"><img decoding=\"async\" src=\"https:\/\/www.tecnic.eu\/wp-content\/uploads\/2024\/03\/vessel-su_w1.webp\" alt=\"recipiente de un solo uso - suministros\" title=\"\"><\/a><a href=\"https:\/\/www.tecnic.eu\/es\/suministros\/recipientes-para-biorreactores\/recipiente-de-un-solo-uso\/\" title=\"\">.path{fill:none;stroke:#333;stroke-miterlimit:10;stroke-width:1,5px;}<\/a><br \/>\nDe 0,5 a 5LM\u00e1s<a href=\"https:\/\/www.tecnic.eu\/es\/suministros\/recipientes-para-biorreactores\/recipiente-de-un-solo-uso\/\" title=\"\">informaci\u00f3n<\/a><\/p>\n<h2>Acero inoxidable<\/h2>\n<p><a href=\"\/?page_id=52498\" title=\"\"><img decoding=\"async\" src=\"https:\/\/www.tecnic.eu\/wp-content\/uploads\/2024\/03\/vessel-steel_w1.webp\" alt=\"reactor de acero - recipientes para biorreactor - suministros\" title=\"\"><\/a><a href=\"\/?page_id=52498\" title=\"\">.path{fill:none;stroke:#333;stroke-miterlimit:10;stroke-width:1.5px;}<\/a><br \/>\nDe 2L a 10LM\u00e1s<a href=\"\/?page_id=52498\" title=\"\">informaci\u00f3n<\/a><\/p>\n<h2>Reactor de vidrio  <\/h2>\n<p><a href=\"https:\/\/www.tecnic.eu\/es\/suministros\/recipientes-para-biorreactores\/reactor-de-vidrio\/\" title=\"\"><img decoding=\"async\" src=\"https:\/\/www.tecnic.eu\/wp-content\/uploads\/2024\/03\/vessel-glass_w1.webp\" alt=\"reactor de vidrio - recipiente biorreactor - suministros\" title=\"\"><\/a><a href=\"https:\/\/www.tecnic.eu\/es\/suministros\/recipientes-para-biorreactores\/reactor-de-vidrio\/\" title=\"\">.path{fill:none;stroke:#333;stroke-miterlimit:10;stroke-width:1.5px;}<\/a><br \/>\nDe 1L a 10LM\u00e1s<a href=\"https:\/\/www.tecnic.eu\/es\/suministros\/recipientes-para-biorreactores\/reactor-de-vidrio\/\" title=\"\">informaci\u00f3n<\/a><\/p>\n<h2>Sin camisa <\/h2>\n<p><a href=\"https:\/\/www.tecnic.eu\/es\/suministros\/recipientes-para-biorreactores\/reactor-de-vidrio-sin-camisa\/\" title=\"\"><img decoding=\"async\" src=\"https:\/\/www.tecnic.eu\/wp-content\/uploads\/2024\/03\/vessel-nj_w1.webp\" alt=\"reactor no encamisado - recipientes para biorreactores - suministros\" title=\"\"><\/a><a href=\"https:\/\/www.tecnic.eu\/es\/suministros\/recipientes-para-biorreactores\/reactor-de-vidrio-sin-camisa\/\" title=\"\">.path{fill:none;stroke:#333;stroke-miterlimit:10;stroke-width:1.5px;}<\/a><br \/>\nDe 1L a 10LM\u00e1s<a href=\"https:\/\/www.tecnic.eu\/es\/suministros\/recipientes-para-biorreactores\/reactor-de-vidrio-sin-camisa\/\" title=\"\">informaci\u00f3n<\/a><\/p>\n<h2>Nuestro material<\/h2>\n<h3>Explora nuestra selecci\u00f3n de equipos de biotecnolog\u00eda<\/h3>\n<h4>eLAB\u00ae | ePILOT\u00ae | ePROD\u00ae | ePLUS<\/h4>\n<p><a href=\"https:\/\/www.tecnic.eu\/webnova\/bioprocess-technology\/\" title=\"{permalink: 46094}\">Equipos para bioprocesos \u21c0<\/a><br \/>\n<img decoding=\"async\" src=\"https:\/\/www.tecnic.eu\/wp-content\/uploads\/2023\/12\/equips-escala_w2.jpg\" alt=\"equipo de escalabilidad\" title=\"\"><\/p>\n","protected":false},"excerpt":{"rendered":"<p>Descubre nuestros recipientes para biorreactores, desarrollados para responder a las exigencias del sector biotecnol\u00f3gico.<\/p>\n","protected":false},"author":1,"featured_media":55967,"parent":52370,"menu_order":52,"comment_status":"closed","ping_status":"closed","template":"","meta":{"inline_featured_image":false,"footnotes":""},"class_list":["post-52506","page","type-page","status-publish","has-post-thumbnail","hentry"],"_links":{"self":[{"href":"https:\/\/www.tecnic.eu\/es\/wp-json\/wp\/v2\/pages\/52506","targetHints":{"allow":["GET"]}}],"collection":[{"href":"https:\/\/www.tecnic.eu\/es\/wp-json\/wp\/v2\/pages"}],"about":[{"href":"https:\/\/www.tecnic.eu\/es\/wp-json\/wp\/v2\/types\/page"}],"author":[{"embeddable":true,"href":"https:\/\/www.tecnic.eu\/es\/wp-json\/wp\/v2\/users\/1"}],"replies":[{"embeddable":true,"href":"https:\/\/www.tecnic.eu\/es\/wp-json\/wp\/v2\/comments?post=52506"}],"version-history":[{"count":0,"href":"https:\/\/www.tecnic.eu\/es\/wp-json\/wp\/v2\/pages\/52506\/revisions"}],"up":[{"embeddable":true,"href":"https:\/\/www.tecnic.eu\/es\/wp-json\/wp\/v2\/pages\/52370"}],"wp:featuredmedia":[{"embeddable":true,"href":"https:\/\/www.tecnic.eu\/es\/wp-json\/wp\/v2\/media\/55967"}],"wp:attachment":[{"href":"https:\/\/www.tecnic.eu\/es\/wp-json\/wp\/v2\/media?parent=52506"}],"curies":[{"name":"wp","href":"https:\/\/api.w.org\/{rel}","templated":true}]}}