{"id":52510,"date":"2023-12-19T10:28:26","date_gmt":"2023-12-19T09:28:26","guid":{"rendered":"https:\/\/www.tecnic.eu\/suministros\/bolsa-de-bioprocesos\/"},"modified":"2024-12-19T09:37:14","modified_gmt":"2024-12-19T08:37:14","slug":"bolsa-de-bioprocesos","status":"publish","type":"page","link":"https:\/\/www.tecnic.eu\/es\/suministros\/bolsa-de-bioprocesos\/","title":{"rendered":"Bolsa de bioprocesos"},"content":{"rendered":"<h1>Bolsas para bioprocesos<\/h1>\n<h2>Bolsas para bioprocesos de uso m\u00faltiple<\/h2>\n<p>En nuestras instalaciones de sala blanca ISO7 podemos fabricar distintos consumibles de un solo uso siguiendo las normas m\u00e1s estrictas del sector, lo que garantiza su esterilidad y fiabilidad. Nuestro equipo de expertos supervisa meticulosamente cada fase de producci\u00f3n dentro de estas avanzadas instalaciones. Proporcionamos soluciones personalizadas para optimizar los procesos y ahorrar costes, entregando productos de primera calidad a nuestros valiosos clientes.<br \/>\nNuestra eBAG\u00ae 2D combina simplicidad e innovaci\u00f3n, ofreciendo una soluci\u00f3n elegante y compacta para el almacenamiento y transporte seguros de productos biotecnol\u00f3gicos de tama\u00f1o peque\u00f1o a mediano. La serie eBAG\u00ae 3D, con su avanzado dise\u00f1o tridimensional, establece nuevos est\u00e1ndares en el procesamiento biotecnol\u00f3gico. Dise\u00f1adas para la manipulaci\u00f3n biofarmac\u00e9utica, estas bolsas para bioprocesos ofrecen una mezcla eficaz, configuraciones personalizables y un almacenamiento robusto y sin contaminaci\u00f3n. Fabricadas con materiales de calidad farmac\u00e9utica, ambas bolsas de bioproceso, eBAG\u00ae 2D y 3D, garantizan un rendimiento, durabilidad y calidad \u00f3ptimos en el almacenamiento y transporte biotecnol\u00f3gico.<\/p>\n<h3>Bolsas para bioprocesos &#8211; 2D<\/h3>\n<p>Elaborado con precisi\u00f3n y atenci\u00f3n al detalle<img decoding=\"async\" src=\"https:\/\/www.tecnic.eu\/wp-content\/uploads\/\/ebag2d-storage.svg\" alt=\"Logo ebag 2d storage, eplus es verde y 2d storage es negro.\" title=\"\"><br \/>\n<a title=\"\" href=\"https:\/\/www.tecnic.eu\/supplies\/bioprocess-bag\/ebag-2-storage\/\"><img decoding=\"async\" src=\"https:\/\/www.tecnic.eu\/wp-content\/uploads\/2024\/03\/ebags-2d-st_w2.webp\" alt=\"bolsa 2d st - suministros\" title=\"\"><\/a><a title=\"\" href=\"https:\/\/www.tecnic.eu\/supplies\/bioprocess-bag\/ebag-2-storage\/\">.path{fill:none;stroke:#333;stroke-miterlimit:10;stroke-width:1.5px;}<\/a><br \/>\n<a title=\"\" href=\"https:\/\/www.tecnic.eu\/supplies\/bioprocess-bag\/ebag-2-storage\/\">M\u00e1s informaci\u00f3n<\/a><br \/>\n<img decoding=\"async\" src=\"https:\/\/www.tecnic.eu\/wp-content\/uploads\/\/TFF.svg\" alt=\"\" title=\"\"><br \/>\n<a title=\"\" href=\"https:\/\/www.tecnic.eu\/supplies\/bioprocess-bag\/ebag-2-storage\/\"><img decoding=\"async\" src=\"https:\/\/www.tecnic.eu\/wp-content\/uploads\/2024\/03\/ebags-2d-tff_w2.webp\" alt=\"bolsa 2d tff - suministros\" title=\"\"><\/a><a title=\"\" href=\"https:\/\/www.tecnic.eu\/supplies\/bioprocess-bag\/ebag-2-storage\/\">.path{fill:none;stroke:#333;stroke-miterlimit:10;stroke-width:1.5px;}<\/a><br \/>\n<a title=\"\" href=\"https:\/\/www.tecnic.eu\/supplies\/bioprocess-bag\/ebag-2-storage\/\">M\u00e1s informaci\u00f3n<\/a><\/p>\n<h3>Bolsas para bioprocesos &#8211; 3D<\/h3>\n<p>Dise\u00f1o pr\u00e1ctico y eficaz<img decoding=\"async\" src=\"https:\/\/www.tecnic.eu\/wp-content\/uploads\/\/ebag3d-open.svg\" alt=\"ebag 3d open suministros logo, eplus es verde y 3d open es negro\" title=\"\"><br \/>\n<a title=\"\" href=\"https:\/\/www.tecnic.eu\/supplies\/bioprocess-bag\/ebag-open\/\"><img decoding=\"async\" src=\"https:\/\/www.tecnic.eu\/wp-content\/uploads\/2024\/03\/ebags-3d-open_w2.webp\" alt=\"bolsa 3d open - suministros\" title=\"\"><\/a><a title=\"\" href=\"https:\/\/www.tecnic.eu\/supplies\/bioprocess-bag\/ebag-open\/\">.path{fill:none;stroke:#333;stroke-miterlimit:10;stroke-width:1.5px;}<\/a><br \/>\n<a title=\"\" href=\"https:\/\/www.tecnic.eu\/supplies\/bioprocess-bag\/ebag-open\/\">M\u00e1s informaci\u00f3n<\/a><br \/>\n<img decoding=\"async\" src=\"https:\/\/www.tecnic.eu\/wp-content\/uploads\/\/ebag3d-storage.svg\" alt=\"logo ebag 3d storage, eplus es verde y 3d open es negro\" title=\"\"><br \/>\n<a title=\"\" href=\"https:\/\/www.tecnic.eu\/supplies\/bioprocess-bag\/ebag-storage\/\"><img decoding=\"async\" src=\"https:\/\/www.tecnic.eu\/wp-content\/uploads\/2024\/03\/ebags-3d-st_w2.webp\" alt=\"bolsa 3d st - suministros\" title=\"\"><\/a><a title=\"\" href=\"https:\/\/www.tecnic.eu\/supplies\/bioprocess-bag\/ebag-storage\/\">.path{fill:none;stroke:#333;stroke-miterlimit:10;stroke-width:1.5px;}<\/a><br \/>\n<a title=\"\" href=\"https:\/\/www.tecnic.eu\/supplies\/bioprocess-bag\/ebag-storage\/\">M\u00e1s informaci\u00f3n<\/a><br \/>\n<img decoding=\"async\" src=\"https:\/\/www.tecnic.eu\/wp-content\/uploads\/\/ebag3d-str.svg\" alt=\"ebag 3d STR suministra el logotipo, eplus es verde y 3d STR es negro\" title=\"\"><br \/>\n<a title=\"\" href=\"https:\/\/www.tecnic.eu\/supplies\/bioprocess-bag\/ebag-str\/\"><img decoding=\"async\" src=\"https:\/\/www.tecnic.eu\/wp-content\/uploads\/2024\/03\/ebags-3d-str.webp\" alt=\"bolsa 3d str - suministros\" title=\"\"><\/a><a title=\"\" href=\"https:\/\/www.tecnic.eu\/supplies\/bioprocess-bag\/ebag-str\/\">.path{fill:none;stroke:#333;stroke-miterlimit:10;stroke-width:1.5px;}<\/a><br \/>\n<a title=\"\" href=\"https:\/\/www.tecnic.eu\/supplies\/bioprocess-bag\/ebag-str\/\">M\u00e1s informaci\u00f3n<\/a><br \/>\n<img decoding=\"async\" src=\"https:\/\/www.tecnic.eu\/wp-content\/uploads\/\/ebag3d-tank.svg\" alt=\"ebag 3d tank suministra el logotipo, eplus es verde y 3d tank es negro\" title=\"\"><br \/>\n<a title=\"\" href=\"https:\/\/www.tecnic.eu\/supplies\/bioprocess-bag\/ebag-tank\/\"><img decoding=\"async\" src=\"https:\/\/www.tecnic.eu\/wp-content\/uploads\/2024\/03\/ebags-3d-tank_w2.webp\" alt=\"bolsa 3d tanque - suministros\" title=\"\"><\/a><a title=\"\" href=\"https:\/\/www.tecnic.eu\/supplies\/bioprocess-bag\/ebag-tank\/\">.path{fill:none;stroke:#333;stroke-miterlimit:10;stroke-width:1.5px;}<\/a><br \/>\n<a title=\"\" href=\"https:\/\/www.tecnic.eu\/supplies\/bioprocess-bag\/ebag-tank\/\">M\u00e1s informaci\u00f3n<\/a><\/p>\n<h4>Resumen de las principales caracter\u00edsticas de los equipos biotecnol\u00f3gicos<\/h4>\n<p>Tanto si tienes preguntas concretas como si est\u00e1s empezando a explorar, estamos aqu\u00ed para guiarte y ayudarte. Contacta con nosotros ahora<a title=\"\" href=\"https:\/\/www.tecnic.eu\/es\/contacto\/\">.Contacta con nosotros \u21c0<\/a>  <\/p>\n<p><a target=\"_blank\" rel=\"noopener\"><img decoding=\"async\" src=\"https:\/\/www.tecnic.eu\/wp-content\/uploads\/2024\/01\/eBAG3D_OPEN.jpg\" alt=\"Imagen de demostraci\u00f3n\" title=\"\"><\/a> <a target=\"_blank\" rel=\"noopener\"><img decoding=\"async\" src=\"https:\/\/www.tecnic.eu\/wp-content\/uploads\/\/ebag3d-open.svg\" alt=\"Imagen de demostraci\u00f3n\" title=\"\"><\/a>  <a href=\"https:\/\/www.tecnic.eu\/supplies\/bioprocess-bag\/sterile-bag\/\" target=\"_black\" rel=\"noopener\"> M\u00e1s informaci\u00f3n \u21c0 <\/a> 50 &#8211; 100 &#8211; 200 &#8211; 500 Vol\u00famenes (L) 0,5 Volumen m\u00ednimo de trabajo (L) 500 Volumen m\u00e1ximo de trabajo (L) 370x400x370 Dimensiones m\u00ednimas (mm) 800x900x800 Dimensiones m\u00e1ximas (mm) 2 N\u00famero de puertos 0,5 Presi\u00f3n m\u00e1xima (bar) 5 &#8211; 40 Temperatura de trabajo (\u00baC) ULDPE Capa de contacto con el fluido  <a target=\"_blank\" rel=\"noopener\"><img decoding=\"async\" src=\"https:\/\/www.tecnic.eu\/wp-content\/uploads\/2024\/01\/eBAG3D_TANK.jpg\" alt=\"Imagen de demostraci\u00f3n\" title=\"\"><\/a> <a target=\"_blank\" rel=\"noopener\"><img decoding=\"async\" src=\"https:\/\/www.tecnic.eu\/wp-content\/uploads\/\/ebag3d-tank.svg\" alt=\"Imagen de demostraci\u00f3n\" title=\"\"><\/a>  <a href=\"https:\/\/www.tecnic.eu\/supplies\/bioprocess-bag\/mixer-bag\/\" target=\"_black\" rel=\"noopener\"> M\u00e1s informaci\u00f3n \u21c0 <\/a> 50 &#8211; 100 &#8211; 200 &#8211; 500 Vol\u00famenes (L) 21 Volumen m\u00ednimo de trabajo (L) 500 Volumen m\u00e1ximo de trabajo (L) 370x400x370 Dimensiones m\u00ednimas (mm) 800x859x800 Dimensiones m\u00e1ximas (mm) 11 N\u00famero de puertos 0,5 Presi\u00f3n m\u00e1xima (bar) 5 &#8211; 40 Temperatura de trabajo (\u00baC) ULDPE Capa de contacto con el fluido  <a target=\"_blank\" rel=\"noopener\"><img decoding=\"async\" src=\"https:\/\/www.tecnic.eu\/wp-content\/uploads\/2024\/01\/eBAG3D_STORAGE.jpg\" alt=\"Imagen de demostraci\u00f3n\" title=\"\"><\/a> <a target=\"_blank\" rel=\"noopener\"><img decoding=\"async\" src=\"https:\/\/www.tecnic.eu\/wp-content\/uploads\/\/ebag3d-storage.svg\" alt=\"Imagen de demostraci\u00f3n\" title=\"\"><\/a>  <a href=\"https:\/\/www.tecnic.eu\/supplies\/bioprocess-bag\/bag-3d\/\" target=\"_black\" rel=\"noopener\"> M\u00e1s informaci\u00f3n \u21c0 <\/a> 50 &#8211; 100 &#8211; 200 &#8211; 500 Vol\u00famenes (L) 0,5 Volumen m\u00ednimo de trabajo (L) 500 Volumen m\u00e1ximo de trabajo (L) 370x400x370 Dimensiones m\u00ednimas (mm) 800x859x800 Dimensiones m\u00e1ximas (mm) 4 N\u00famero de puertos 0,5 Presi\u00f3n m\u00e1xima (bar) 5 &#8211; 40 Temperatura de trabajo (\u00baC) ULDPE Capa de contacto con el fluido<br \/>\n<a href=\"https:\/\/www.tecnic.eu\/wp-admin\/admin.php?page=ninja_tables#\/table_builder_edit_table\/47374\">Editar tabla<\/a><\/p>\n<h2>Sala blanca ISO 7 interna para est\u00e1ndares single-use<\/h2>\n<p>El proceso de fabricaci\u00f3n de nuestros productos de bioprocesamiento de un solo uso, como el recipiente eBAG\u00ae 2D, 3D y SU, cumple estrictamente las rigurosas normas de una <a href=\"https:\/\/www.americancleanrooms.com\/es\/iso-7-cleanroom\/\" target=\"_blank\" rel=\"noopener\">sala blanca ISO 7<\/a>. Esta clasificaci\u00f3n espec\u00edfica garantiza un entorno altamente controlado, caracterizado por un recuento m\u00e1ximo de part\u00edculas de 10.000 (\u2265 0,5 \u03bcm) por metro c\u00fabico de aire.<br \/>\nEste nivel de control es fundamental para garantizar la esterilidad y la calidad de nuestros productos, ya que reduce significativamente el riesgo de contaminaci\u00f3n microbiana y por part\u00edculas.  Al adherirnos a estas normas, garantizamos que cada producto cumpla las altas expectativas de pureza y rendimiento requeridas en aplicaciones sensibles de bioprocesamiento, proporcionando a nuestros clientes soluciones biotecnol\u00f3gicas fiables y consistentes.<\/p>\n<p><img decoding=\"async\" src=\"https:\/\/www.tecnic.eu\/wp-content\/uploads\/2023\/11\/SingleUse_TECNIC1.jpg\" alt=\"Personas que trabajan en la fabricaci\u00f3n de bolsas para bioprocesos en una sala blanca iso 7.\" title=\"\"><\/p>\n<p><img decoding=\"async\" src=\"https:\/\/www.tecnic.eu\/wp-content\/uploads\/2023\/11\/bIOPHA.jpg\" alt=\"Dos personas cubiertas totalmente con ropa blanca trabajando en una sala blanca en una aplicaci\u00f3n cient\u00edfica.\" title=\"\"><br \/>\n<img decoding=\"async\" src=\"https:\/\/www.tecnic.eu\/wp-content\/uploads\/2023\/11\/Single-use-3.jpg\" alt=\"\" title=\"\"><br \/>\n<img decoding=\"async\" src=\"https:\/\/www.tecnic.eu\/wp-content\/uploads\/2023\/11\/SINGLE-USE-4.jpg\" alt=\"a trav\u00e9s de una ventana, se puede ver a gente en una planta de un solo uso trabajando\" title=\"\"><br \/>\n<img decoding=\"async\" src=\"https:\/\/www.tecnic.eu\/wp-content\/uploads\/2023\/11\/Single_USe3.jpg\" alt=\"personas que trabajan en una planta de un solo uso\" title=\"\"><\/p>\n<h2>Nuestro material<\/h2>\n<h3>Explora nuestra selecci\u00f3n de equipos de biotecnolog\u00eda<\/h3>\n<h4>eLAB\u00ae | ePILOT\u00ae | ePROD\u00ae | ePLUS<\/h4>\n<p><a title=\"{permalink: 46094}\" href=\"https:\/\/www.tecnic.eu\/es\/equipamiento-tecnologia-de-bioprocesos\/\">Equipos para bioprocesos \u21c0<\/a><br \/>\n<img decoding=\"async\" src=\"https:\/\/www.tecnic.eu\/wp-content\/uploads\/2023\/12\/equips-escala_w2.jpg\" alt=\"equipo de escalabilidad\" title=\"\"><\/p>\n","protected":false},"excerpt":{"rendered":"<p>Explora las Bolsas de Bioproceso TECNIC para el almacenamiento y transporte biotecnol\u00f3gico avanzado. Soluciones innovadoras, fiables y eficaces. <\/p>\n","protected":false},"author":1,"featured_media":51939,"parent":52370,"menu_order":0,"comment_status":"closed","ping_status":"closed","template":"","meta":{"inline_featured_image":false,"footnotes":""},"class_list":["post-52510","page","type-page","status-publish","has-post-thumbnail","hentry"],"_links":{"self":[{"href":"https:\/\/www.tecnic.eu\/es\/wp-json\/wp\/v2\/pages\/52510","targetHints":{"allow":["GET"]}}],"collection":[{"href":"https:\/\/www.tecnic.eu\/es\/wp-json\/wp\/v2\/pages"}],"about":[{"href":"https:\/\/www.tecnic.eu\/es\/wp-json\/wp\/v2\/types\/page"}],"author":[{"embeddable":true,"href":"https:\/\/www.tecnic.eu\/es\/wp-json\/wp\/v2\/users\/1"}],"replies":[{"embeddable":true,"href":"https:\/\/www.tecnic.eu\/es\/wp-json\/wp\/v2\/comments?post=52510"}],"version-history":[{"count":0,"href":"https:\/\/www.tecnic.eu\/es\/wp-json\/wp\/v2\/pages\/52510\/revisions"}],"up":[{"embeddable":true,"href":"https:\/\/www.tecnic.eu\/es\/wp-json\/wp\/v2\/pages\/52370"}],"wp:featuredmedia":[{"embeddable":true,"href":"https:\/\/www.tecnic.eu\/es\/wp-json\/wp\/v2\/media\/51939"}],"wp:attachment":[{"href":"https:\/\/www.tecnic.eu\/es\/wp-json\/wp\/v2\/media?parent=52510"}],"curies":[{"name":"wp","href":"https:\/\/api.w.org\/{rel}","templated":true}]}}