{"id":52523,"date":"2023-11-30T09:52:17","date_gmt":"2023-11-30T08:52:17","guid":{"rendered":"https:\/\/www.tecnic.eu\/suministros\/bolsa-de-bioprocesos\/52523-2\/"},"modified":"2025-12-11T11:22:58","modified_gmt":"2025-12-11T10:22:58","slug":"52523-2","status":"publish","type":"page","link":"https:\/\/www.tecnic.eu\/es\/suministros\/bolsa-de-bioprocesos\/52523-2\/","title":{"rendered":"eBAG 2D TFF"},"content":{"rendered":"","protected":false},"excerpt":{"rendered":"<p>eBAG 2D TFF, con tecnolog\u00eda de filtraci\u00f3n de bolsas de nueva generaci\u00f3n, es ideal para aplicaciones de bioprocesamiento racionalizadas y eficientes.<\/p>\n","protected":false},"author":1,"featured_media":51669,"parent":52510,"menu_order":62,"comment_status":"closed","ping_status":"closed","template":"","meta":{"inline_featured_image":false,"footnotes":""},"class_list":["post-52523","page","type-page","status-publish","has-post-thumbnail","hentry"],"_links":{"self":[{"href":"https:\/\/www.tecnic.eu\/es\/wp-json\/wp\/v2\/pages\/52523","targetHints":{"allow":["GET"]}}],"collection":[{"href":"https:\/\/www.tecnic.eu\/es\/wp-json\/wp\/v2\/pages"}],"about":[{"href":"https:\/\/www.tecnic.eu\/es\/wp-json\/wp\/v2\/types\/page"}],"author":[{"embeddable":true,"href":"https:\/\/www.tecnic.eu\/es\/wp-json\/wp\/v2\/users\/1"}],"replies":[{"embeddable":true,"href":"https:\/\/www.tecnic.eu\/es\/wp-json\/wp\/v2\/comments?post=52523"}],"version-history":[{"count":0,"href":"https:\/\/www.tecnic.eu\/es\/wp-json\/wp\/v2\/pages\/52523\/revisions"}],"up":[{"embeddable":true,"href":"https:\/\/www.tecnic.eu\/es\/wp-json\/wp\/v2\/pages\/52510"}],"wp:featuredmedia":[{"embeddable":true,"href":"https:\/\/www.tecnic.eu\/es\/wp-json\/wp\/v2\/media\/51669"}],"wp:attachment":[{"href":"https:\/\/www.tecnic.eu\/es\/wp-json\/wp\/v2\/media?parent=52523"}],"curies":[{"name":"wp","href":"https:\/\/api.w.org\/{rel}","templated":true}]}}