{"id":56611,"date":"2026-04-01T14:22:05","date_gmt":"2026-04-01T12:22:05","guid":{"rendered":"https:\/\/www.tecnic.eu\/equipamiento-tecnologia-de-bioprocesos\/sistemas-tff-de-ultrafiltracion-diafiltracion-e-intercambio-tampon-tecnic-bioprocess-solutions\/"},"modified":"2026-04-02T13:28:36","modified_gmt":"2026-04-02T11:28:36","slug":"sistemas-tff-de-ultrafiltracion-diafiltracion-e-intercambio-tampon-tecnic-bioprocess-solutions","status":"publish","type":"page","link":"https:\/\/www.tecnic.eu\/es\/equipamiento-tecnologia-de-bioprocesos\/sistemas-tff-de-ultrafiltracion-diafiltracion-e-intercambio-tampon-tecnic-bioprocess-solutions\/","title":{"rendered":"Sistemas TFF de ultrafiltraci\u00f3n, diafiltraci\u00f3n e intercambio b\u00fafer | TECNIC Bioprocess Solutions"},"content":{"rendered":"","protected":false},"excerpt":{"rendered":"<p>Compara los sistemas TFF de un solo uso y multiuso para el bioprocesamiento. Explora las plataformas de filtraci\u00f3n de flujo tangencial para UF\/DF, procesamiento posterior y escalado de piloto a producci\u00f3n. <\/p>\n","protected":false},"author":1,"featured_media":56609,"parent":52367,"menu_order":0,"comment_status":"closed","ping_status":"closed","template":"","meta":{"inline_featured_image":false,"footnotes":""},"class_list":["post-56611","page","type-page","status-publish","has-post-thumbnail","hentry"],"_links":{"self":[{"href":"https:\/\/www.tecnic.eu\/es\/wp-json\/wp\/v2\/pages\/56611","targetHints":{"allow":["GET"]}}],"collection":[{"href":"https:\/\/www.tecnic.eu\/es\/wp-json\/wp\/v2\/pages"}],"about":[{"href":"https:\/\/www.tecnic.eu\/es\/wp-json\/wp\/v2\/types\/page"}],"author":[{"embeddable":true,"href":"https:\/\/www.tecnic.eu\/es\/wp-json\/wp\/v2\/users\/1"}],"replies":[{"embeddable":true,"href":"https:\/\/www.tecnic.eu\/es\/wp-json\/wp\/v2\/comments?post=56611"}],"version-history":[{"count":0,"href":"https:\/\/www.tecnic.eu\/es\/wp-json\/wp\/v2\/pages\/56611\/revisions"}],"up":[{"embeddable":true,"href":"https:\/\/www.tecnic.eu\/es\/wp-json\/wp\/v2\/pages\/52367"}],"wp:featuredmedia":[{"embeddable":true,"href":"https:\/\/www.tecnic.eu\/es\/wp-json\/wp\/v2\/media\/56609"}],"wp:attachment":[{"href":"https:\/\/www.tecnic.eu\/es\/wp-json\/wp\/v2\/media?parent=56611"}],"curies":[{"name":"wp","href":"https:\/\/api.w.org\/{rel}","templated":true}]}}