{"id":56613,"date":"2026-04-01T15:01:01","date_gmt":"2026-04-01T13:01:01","guid":{"rendered":"https:\/\/www.tecnic.eu\/equipamiento-tecnologia-de-bioprocesos\/sistemas-tff-de-casete-fibra-hueca-y-ceramica-tecnic-bioprocess-solutions\/"},"modified":"2026-04-01T15:37:51","modified_gmt":"2026-04-01T13:37:51","slug":"sistemas-tff-de-casete-fibra-hueca-y-ceramica-tecnic-bioprocess-solutions","status":"publish","type":"page","link":"https:\/\/www.tecnic.eu\/es\/equipamiento-tecnologia-de-bioprocesos\/sistemas-tff-de-casete-fibra-hueca-y-ceramica-tecnic-bioprocess-solutions\/","title":{"rendered":"Sistemas TFF de casete, fibra hueca y cer\u00e1mica | TECNIC Bioprocess Solutions"},"content":{"rendered":"","protected":false},"excerpt":{"rendered":"<p>Explora los sistemas TFF TECNIC por formato de membrana, incluidas las v\u00edas de filtraci\u00f3n de casete, fibra hueca y cer\u00e1mica para el bioprocesado posterior.<\/p>\n","protected":false},"author":1,"featured_media":55773,"parent":52367,"menu_order":0,"comment_status":"closed","ping_status":"closed","template":"","meta":{"inline_featured_image":false,"footnotes":""},"class_list":["post-56613","page","type-page","status-publish","has-post-thumbnail","hentry"],"_links":{"self":[{"href":"https:\/\/www.tecnic.eu\/es\/wp-json\/wp\/v2\/pages\/56613","targetHints":{"allow":["GET"]}}],"collection":[{"href":"https:\/\/www.tecnic.eu\/es\/wp-json\/wp\/v2\/pages"}],"about":[{"href":"https:\/\/www.tecnic.eu\/es\/wp-json\/wp\/v2\/types\/page"}],"author":[{"embeddable":true,"href":"https:\/\/www.tecnic.eu\/es\/wp-json\/wp\/v2\/users\/1"}],"replies":[{"embeddable":true,"href":"https:\/\/www.tecnic.eu\/es\/wp-json\/wp\/v2\/comments?post=56613"}],"version-history":[{"count":0,"href":"https:\/\/www.tecnic.eu\/es\/wp-json\/wp\/v2\/pages\/56613\/revisions"}],"up":[{"embeddable":true,"href":"https:\/\/www.tecnic.eu\/es\/wp-json\/wp\/v2\/pages\/52367"}],"wp:featuredmedia":[{"embeddable":true,"href":"https:\/\/www.tecnic.eu\/es\/wp-json\/wp\/v2\/media\/55773"}],"wp:attachment":[{"href":"https:\/\/www.tecnic.eu\/es\/wp-json\/wp\/v2\/media?parent=56613"}],"curies":[{"name":"wp","href":"https:\/\/api.w.org\/{rel}","templated":true}]}}